{"id":950,"date":"2026-03-21T08:40:31","date_gmt":"2026-03-21T07:40:31","guid":{"rendered":""},"modified":"2026-04-03T21:02:15","modified_gmt":"2026-04-03T19:02:15","slug":"ersa-ersadur-loetspitze-fuer-i-tool-gerade-angeschraegt-15-mm","status":"publish","type":"product","link":"https:\/\/loet-shop.de\/en\/produkt\/ersa-ersadur-loetspitze-fuer-i-tool-gerade-angeschraegt-15-mm\/","title":{"rendered":"ERSA ERSADUR L\u00f6tspitze f\u00fcr i-Tool, gerade, angeschr\u00e4gt, 1,5 mm"},"content":{"rendered":"<p>Typ:  Dauerl\u00f6tspitze mit ERSADUR-LF Beschichtung<br \/>\nForm: gerade, angeschr\u00e4gt<br \/>\nDurchmesser: 1,5 mm<\/p>\n<p>Die ERSA i-Tip ERSADUR Dauerl\u00f6tspitze 0102ADLF15 ist mit Ihrer speziellen Eisen Zwischenbeschichtung f\u00fcr langlebiges L\u00f6ten mit bleifreiem und bleihaltigem Lot geeignet.<\/p>\n<p>Passend f\u00fcr den L\u00f6tkolben i-Tool (0100CDJ) der L\u00f6tstation i-CON in den Versionen:<\/p>\n<p>&#8211; 0IC1000A ERSA i-CON ESD Profi-L\u00f6tstation<br \/>\n&#8211; 0IC1100A ERSA i-CON1 ESD Profi-L\u00f6tstation<br \/>\n&#8211; 0IC1100A0C ERSA i-CON1 ESD mit Datenschnittstelle<br \/>\n&#8211; 0IC1100V ERSA i-CON1V ESD Profi-L\u00f6tstation<\/p>\n<p>&#8211; 0IC1200A ERSA i-CON nano<\/p>\n<p>&#8211; 0IC1300 ERSA i-CON pico<br \/>\n&#8211; 0IC1310 ERSA i-CON pico Plus16<\/p>\n<p>&#8211; 0IC2000A ERSA i-CON2 ESD 2 Kanal-L\u00f6tstation<br \/>\n&#8211; 0IC2000A0C ERSA i-CON2 ESD mit Datenschnittstelle<br \/>\n&#8211; 0IC2000AIT ERSA i-CON2 ESD mit 2x i-TOOL<br \/>\n&#8211; 0IC2000AC ERSA i-CON2 ESD mit i-TOOL &#038; ChipTool Classic<br \/>\n&#8211; 0IC2000AXT ERSA i-CON2 ESD mit i-TOOL &#038; X-TOOL<\/p>\n<p>&#8211; 0IC2200V ERSA i-CON2V ESD<br \/>\n&#8211; 0IC2200V0C ERSA i-CON2V ESD mit Daten-Schnittstelle<br \/>\n&#8211; 0IC2200VC ERSA i-CON2V ESD mit i\u2013Tool und Chip Tool Vario<br \/>\n&#8211; 0IC2200VIT ERSA i-CON2V ESD mit 2x i-TOOL<br \/>\n&#8211; 0IC2200VXT ERSA i-CON2V ESD mit i-TOOL &#038; X-TOOL<br \/>\n&#8211; 0IC2100VC ERSA i-CON2V ESD mit i-Tool &#038; ChipTool Classic<br \/>\n&#8211; 0IC2100VXT ERSA i-CON2V ESD mit i-TOOL &#038; X-TOOL<\/p>\n<p>&#8211; 0ICV2000AI ERSA Vario 4 ESD mit Air-Tool<br \/>\n&#8211; 0ICV4000AI ERSA Vario 4 ESD mit Air-Tool, i-Tool<br \/>\n&#8211; 0ICV4000AIC ERSA Vario 4 ESD mit Air-Tool, i-Tool, ChipTool Vario<br \/>\n&#8211; 0ICV4000AICX ERSA Vario 4 ESD mit Air-Tool, i-Tool, ChipTool Vario, X-Tool Classic<br \/>\n&#8211; 0ICV4000AICXV ERSA Vario 4 ESD mit Air-Tool, i-Tool, ChipTool Vario, X-Tool Vario<\/p>\n<p>ERSADUR-L\u00f6tspitzen sind hochwertig produziert und f\u00fcr den Dauerbetrieb geschaffen. In einem speziellen Verfahren werden sie auf galvanischem Weg mit einer Eisenschicht plattiert und durch eine zus\u00e4tzliche Chromschicht vor Korrosion und Oxidation gesch\u00fctzt. Perfekter W\u00e4rmetransfer sch\u00fctzt den Heizk\u00f6rper des L\u00f6tkolbens vor \u00dcberhitzung und vorzeitigem Verschlei\u00df.<\/p>\n<p>Die ERSA 0102 L\u00f6tspitzenserie bietet ein umfassendes Programm an L\u00f6t- und Entl\u00f6tspitzen von \u00fcber 40 Formen &#038; Gr\u00f6\u00dfen passend zu Ihrer L\u00f6taufgabe von 0,1 mm bis 37 mm Breite\/Durchmesser.<\/p>\n","protected":false},"excerpt":{"rendered":"<p>Typ: Dauerl\u00f6tspitze mit ERSADUR-LF Beschichtung Form: gerade, angeschr\u00e4gt Durchmesser: 1,5 mm Die ERSA i-Tip ERSADUR Dauerl\u00f6tspitze 0102ADLF15 ist mit Ihrer speziellen Eisen Zwischenbeschichtung f\u00fcr langlebiges L\u00f6ten mit bleifreiem und bleihaltigem Lot geeignet. Passend f\u00fcr den L\u00f6tkolben i-Tool (0100CDJ) der L\u00f6tstation i-CON in den Versionen: &#8211; 0IC1000A ERSA i-CON ESD Profi-L\u00f6tstation &#8211; 0IC1100A ERSA i-CON1 ESD [&hellip;]<\/p>\n","protected":false},"featured_media":60882,"template":"","meta":{"ep_exclude_from_search":false},"product_cat":[342],"product_tag":[],"class_list":{"0":"post-950","1":"product","2":"type-product","3":"status-publish","4":"has-post-thumbnail","6":"product_cat-102-serie-fuer-ersa-i-tool-nano-pico","7":"product_shipping_class-postgrossbrief-2cm-500g","9":"first","10":"instock","11":"taxable","12":"shipping-taxable","13":"purchasable","14":"product-type-simple"},"_links":{"self":[{"href":"https:\/\/loet-shop.de\/en\/wp-json\/wp\/v2\/product\/950"}],"collection":[{"href":"https:\/\/loet-shop.de\/en\/wp-json\/wp\/v2\/product"}],"about":[{"href":"https:\/\/loet-shop.de\/en\/wp-json\/wp\/v2\/types\/product"}],"wp:featuredmedia":[{"embeddable":true,"href":"https:\/\/loet-shop.de\/en\/wp-json\/wp\/v2\/media\/60882"}],"wp:attachment":[{"href":"https:\/\/loet-shop.de\/en\/wp-json\/wp\/v2\/media?parent=950"}],"wp:term":[{"taxonomy":"product_cat","embeddable":true,"href":"https:\/\/loet-shop.de\/en\/wp-json\/wp\/v2\/product_cat?post=950"},{"taxonomy":"product_tag","embeddable":true,"href":"https:\/\/loet-shop.de\/en\/wp-json\/wp\/v2\/product_tag?post=950"}],"curies":[{"name":"wp","href":"https:\/\/api.w.org\/{rel}","templated":true}]}}