{"id":891,"date":"2026-03-17T08:40:29","date_gmt":"2026-03-17T07:40:29","guid":{"rendered":""},"modified":"2026-05-17T09:02:01","modified_gmt":"2026-05-17T07:02:01","slug":"ersa-n2-aufruestsatz-fuer-loetkolben-i-tool","status":"publish","type":"product","link":"https:\/\/loet-shop.de\/en\/produkt\/ersa-n2-aufruestsatz-fuer-loetkolben-i-tool\/","title":{"rendered":"ERSA N2 Aufr\u00fcstsatz f\u00fcr L\u00f6tkolben i-Tool"},"content":{"rendered":"<p>ERSA N2 Aufr\u00fcstsatz f\u00fcr L\u00f6tkolben i-Tool, zur Erweiterung des i-Tool um eine Stickstoff-Zuf\u00fchrung<\/p>\n<p>Beim L\u00f6tprozess entstehen Oxide durch die Verbindung von Sauerstoff (Umgebungsluft) und dem L\u00f6tzinn. Um diesen Effekt deutlich zu verringern, kann die L\u00f6tstelle mit Stickstoff N2 begast werden. Um dieses w\u00e4hrend des L\u00f6tprozesses mit dem i-Tool m\u00f6glich zu machen, hat ERSA dieses Set entwickelt.<\/p>\n<p>Voraussetzung f\u00fcr den Betrieb dieser N2-Zuf\u00fchrung ist eine vorhandene Stickstoffversorgung.<\/p>\n<p>Das Set ist kompatibel mit:<br \/>\n&#8211; i-Tool (0100CDJ)<br \/>\n&#8211; i-Tool nano (0120CDK)<br \/>\n&#8211; bedingt mit i-Tool pico (0130CDK). Es wird dann zust\u00e4zlich der 0A52 ben\u00f6tigt<\/p>\n","protected":false},"excerpt":{"rendered":"<p>ERSA N2 Aufr\u00fcstsatz f\u00fcr L\u00f6tkolben i-Tool, zur Erweiterung des i-Tool um eine Stickstoff-Zuf\u00fchrung Beim L\u00f6tprozess entstehen Oxide durch die Verbindung von Sauerstoff (Umgebungsluft) und dem L\u00f6tzinn. Um diesen Effekt deutlich zu verringern, kann die L\u00f6tstelle mit Stickstoff N2 begast werden. Um dieses w\u00e4hrend des L\u00f6tprozesses mit dem i-Tool m\u00f6glich zu machen, hat ERSA dieses Set [&hellip;]<\/p>\n","protected":false},"featured_media":50742,"template":"","meta":{"ep_exclude_from_search":false},"product_cat":[39],"product_tag":[],"class_list":{"0":"post-891","1":"product","2":"type-product","3":"status-publish","4":"has-post-thumbnail","6":"product_cat-ersa-i-tool","7":"product_shipping_class-paket","9":"first","10":"onbackorder","11":"taxable","12":"shipping-taxable","13":"purchasable","14":"product-type-simple"},"_links":{"self":[{"href":"https:\/\/loet-shop.de\/en\/wp-json\/wp\/v2\/product\/891"}],"collection":[{"href":"https:\/\/loet-shop.de\/en\/wp-json\/wp\/v2\/product"}],"about":[{"href":"https:\/\/loet-shop.de\/en\/wp-json\/wp\/v2\/types\/product"}],"wp:featuredmedia":[{"embeddable":true,"href":"https:\/\/loet-shop.de\/en\/wp-json\/wp\/v2\/media\/50742"}],"wp:attachment":[{"href":"https:\/\/loet-shop.de\/en\/wp-json\/wp\/v2\/media?parent=891"}],"wp:term":[{"taxonomy":"product_cat","embeddable":true,"href":"https:\/\/loet-shop.de\/en\/wp-json\/wp\/v2\/product_cat?post=891"},{"taxonomy":"product_tag","embeddable":true,"href":"https:\/\/loet-shop.de\/en\/wp-json\/wp\/v2\/product_tag?post=891"}],"curies":[{"name":"wp","href":"https:\/\/api.w.org\/{rel}","templated":true}]}}