{"id":764,"date":"2026-04-02T16:40:32","date_gmt":"2026-04-02T14:40:32","guid":{"rendered":""},"modified":"2026-04-06T21:25:08","modified_gmt":"2026-04-06T19:25:08","slug":"ersa-ersadur-loetspitze-fuer-i-tool-highpower-gerade-meisselfoermig-5-mm","status":"publish","type":"product","link":"https:\/\/loet-shop.de\/en\/produkt\/ersa-ersadur-loetspitze-fuer-i-tool-highpower-gerade-meisselfoermig-5-mm\/","title":{"rendered":"ERSA ERSADUR L\u00f6tspitze f\u00fcr i-Tool HighPower, gerade, mei\u00dfelf\u00f6rmig, 5 mm"},"content":{"rendered":"<p>Dauerl\u00f6tspitze gerade, mei\u00dfelf\u00f6rmig, 5 mm, mit ERSADUR-LF Beschichtung.<\/p>\n<p>Passend f\u00fcr den L\u00f6tkolben HighPower-Tool (0240CDJ) der L\u00f6tstation i-CON Vario HP in der Version 0ICV2000HP.<\/p>\n<p>ERSADUR-L\u00f6tspitzen sind hochwertig produziert und f\u00fcr den Dauerbetrieb geschaffen. In einem speziellen Verfahren werden sie auf galvanischem Weg mit einer Eisenschicht plattiert und durch eine zus\u00e4tzliche Chromschicht vor Korrosion und Oxidation gesch\u00fctzt. Perfekter W\u00e4rmetransfer sch\u00fctzt den Heizk\u00f6rper des L\u00f6tkolbens vor \u00dcberhitzung und vorzeitigem Verschlei\u00df. ERSA bietet ein umfassendes Programm an L\u00f6t- und Entl\u00f6tspitzen f\u00fcr ERSA i-Tool, i-Tool Pico, i-Tool Nano (Ersa i-Con L\u00f6tstationen) und HighPower-Tool.<\/p>\n","protected":false},"excerpt":{"rendered":"<p>Dauerl\u00f6tspitze gerade, mei\u00dfelf\u00f6rmig, 5 mm, mit ERSADUR-LF Beschichtung. Passend f\u00fcr den L\u00f6tkolben HighPower-Tool (0240CDJ) der L\u00f6tstation i-CON Vario HP in der Version 0ICV2000HP. ERSADUR-L\u00f6tspitzen sind hochwertig produziert und f\u00fcr den Dauerbetrieb geschaffen. In einem speziellen Verfahren werden sie auf galvanischem Weg mit einer Eisenschicht plattiert und durch eine zus\u00e4tzliche Chromschicht vor Korrosion und Oxidation gesch\u00fctzt. [&hellip;]<\/p>\n","protected":false},"featured_media":51024,"template":"","meta":{"ep_exclude_from_search":false},"product_cat":[353],"product_tag":[],"class_list":{"0":"post-764","1":"product","2":"type-product","3":"status-publish","4":"has-post-thumbnail","6":"product_cat-242-serie-fuer-ersa-i-tool-highpower","7":"product_shipping_class-postwarenpost-individuell","9":"first","10":"instock","11":"taxable","12":"shipping-taxable","13":"purchasable","14":"product-type-simple"},"_links":{"self":[{"href":"https:\/\/loet-shop.de\/en\/wp-json\/wp\/v2\/product\/764"}],"collection":[{"href":"https:\/\/loet-shop.de\/en\/wp-json\/wp\/v2\/product"}],"about":[{"href":"https:\/\/loet-shop.de\/en\/wp-json\/wp\/v2\/types\/product"}],"wp:featuredmedia":[{"embeddable":true,"href":"https:\/\/loet-shop.de\/en\/wp-json\/wp\/v2\/media\/51024"}],"wp:attachment":[{"href":"https:\/\/loet-shop.de\/en\/wp-json\/wp\/v2\/media?parent=764"}],"wp:term":[{"taxonomy":"product_cat","embeddable":true,"href":"https:\/\/loet-shop.de\/en\/wp-json\/wp\/v2\/product_cat?post=764"},{"taxonomy":"product_tag","embeddable":true,"href":"https:\/\/loet-shop.de\/en\/wp-json\/wp\/v2\/product_tag?post=764"}],"curies":[{"name":"wp","href":"https:\/\/api.w.org\/{rel}","templated":true}]}}