{"id":752,"date":"2026-02-28T08:40:53","date_gmt":"2026-02-28T07:40:53","guid":{"rendered":""},"modified":"2026-05-17T09:02:01","modified_gmt":"2026-05-17T07:02:01","slug":"ersa-i-set-tool-speicheruebertragungs-tool","status":"publish","type":"product","link":"https:\/\/loet-shop.de\/en\/produkt\/ersa-i-set-tool-speicheruebertragungs-tool\/","title":{"rendered":"ERSA i-Set Tool, Speicher\u00fcbertragungs-Tool"},"content":{"rendered":"<p>ERSA i-Set Tool <\/p>\n<p>Das i-Set Tool ist eine Option mit dem weitere i-CON L\u00f6tstationen vom Typ i-CON 1 &#038; i-CON 2 automatisch konfiguriert und gesperrt werden k\u00f6nnen. Die Stationseinstellungen k\u00f6nnen einfach und schnell &#8211; wie mit einem USB-Stick &#8211; von einer i-CON auf das i-Set Tool heruntergeladen und binnen 5 Sekunden auf eine weitere Station aufgespielt werden.<\/p>\n","protected":false},"excerpt":{"rendered":"<p>ERSA i-Set Tool Das i-Set Tool ist eine Option mit dem weitere i-CON L\u00f6tstationen vom Typ i-CON 1 &#038; i-CON 2 automatisch konfiguriert und gesperrt werden k\u00f6nnen. Die Stationseinstellungen k\u00f6nnen einfach und schnell &#8211; wie mit einem USB-Stick &#8211; von einer i-CON auf das i-Set Tool heruntergeladen und binnen 5 Sekunden auf eine weitere Station [&hellip;]<\/p>\n","protected":false},"featured_media":50737,"template":"","meta":{"ep_exclude_from_search":false},"product_cat":[39],"product_tag":[],"class_list":{"0":"post-752","1":"product","2":"type-product","3":"status-publish","4":"has-post-thumbnail","6":"product_cat-ersa-i-tool","7":"product_shipping_class-paket","9":"first","10":"onbackorder","11":"taxable","12":"shipping-taxable","13":"purchasable","14":"product-type-simple"},"_links":{"self":[{"href":"https:\/\/loet-shop.de\/en\/wp-json\/wp\/v2\/product\/752"}],"collection":[{"href":"https:\/\/loet-shop.de\/en\/wp-json\/wp\/v2\/product"}],"about":[{"href":"https:\/\/loet-shop.de\/en\/wp-json\/wp\/v2\/types\/product"}],"wp:featuredmedia":[{"embeddable":true,"href":"https:\/\/loet-shop.de\/en\/wp-json\/wp\/v2\/media\/50737"}],"wp:attachment":[{"href":"https:\/\/loet-shop.de\/en\/wp-json\/wp\/v2\/media?parent=752"}],"wp:term":[{"taxonomy":"product_cat","embeddable":true,"href":"https:\/\/loet-shop.de\/en\/wp-json\/wp\/v2\/product_cat?post=752"},{"taxonomy":"product_tag","embeddable":true,"href":"https:\/\/loet-shop.de\/en\/wp-json\/wp\/v2\/product_tag?post=752"}],"curies":[{"name":"wp","href":"https:\/\/api.w.org\/{rel}","templated":true}]}}