{"id":74712,"date":"2026-03-30T12:44:03","date_gmt":"2026-03-30T10:44:03","guid":{"rendered":""},"modified":"2026-04-03T21:28:25","modified_gmt":"2026-04-03T19:28:25","slug":"gallunoptimal-dauerloetspitze-fuer-gallunoptimal-sprint65-gerade-angeschraegt-60-o-1-mm","status":"publish","type":"product","link":"https:\/\/loet-shop.de\/en\/produkt\/gallunoptimal-dauerloetspitze-fuer-gallunoptimal-sprint65-gerade-angeschraegt-60-o-1-mm\/","title":{"rendered":"GALLUNOPTIMAL Dauerl\u00f6tspitze f\u00fcr GALLUNOPTIMAL SPRINT65, gerade, angeschr\u00e4gt 60\u00b0, \u00d8 1 mm"},"content":{"rendered":"<p>&#8220;GALLUNOPTIMAL Dauerl\u00f6tspitze f\u00fcr GALLUNOPTIMAL SPRINT65, PIONIER110 &#038; PIONIER1, gerade, angeschr\u00e4gt 60\u00b0, \u00d8 1 mm \u2013 GO960-1C<\/p>\n<p>Diese Dauerl\u00f6tspitze wurde speziell f\u00fcr die GALLUNOPTIMAL L\u00f6twerkzeuge SPRINT65, PIONIER110 und PIONIER1 entwickelt und ist die richtige Wahl, wenn Sie eine schlanke, gut zug\u00e4ngliche Spitze f\u00fcr pr\u00e4zise L\u00f6tarbeiten in dicht best\u00fcckten Bereichen ben\u00f6tigen. Die gerade Spitze mit 60\u00b0-Schr\u00e4ganschliff mit 1,0\u202fmm Durchmesser kombiniert eine sehr gute W\u00e4rme\u00fcbertragung mit pr\u00e4ziser F\u00fchrung \u2013 ideal f\u00fcr feine L\u00f6tstellen an IC-Pins, Kleinstbauteilen und eng liegenden Leiterz\u00fcgen.<\/p>\n<p>Durch die angeschr\u00e4gte Form k\u00f6nnen Sie je nach Situation sowohl schwer zug\u00e4ngliche L\u00f6tstellen sicher erreichen als auch mit der schr\u00e4gen Fl\u00e4che L\u00f6tzinn gezielt auf Pads und Pins \u00fcbertragen. Gerade bei Serienarbeiten oder wiederkehrenden Reparaturen an identischen Baugruppen sorgt diese Geometrie f\u00fcr ein reproduzierbares, sauberes Arbeitsergebnis.<\/p>\n<p>Als Dauerl\u00f6tspitze (Permanentl\u00f6tspitze) verf\u00fcgt die GO960-1C \u00fcber eine robuste, mehrlagige Beschichtung. Sie sch\u00fctzt das Kupfer im Inneren vor Korrosion und Erosion durch das L\u00f6tzinn und verl\u00e4ngert die Standzeit deutlich gegen\u00fcber einfachen, unbeschichteten Spitzen. Bei richtiger Pflege \u2013 z.\u202fB. Reinigung mit Messingwolle oder Silikon-\/Kupferb\u00fcrsten statt nasser Schw\u00e4mme \u2013 behalten Sie eine sehr gute Benetzbarkeit und sparen langfristig Zeit und Kosten beim Spitzenwechsel.<\/p>\n<p>Die L\u00f6tspitze geh\u00f6rt zur GALLUNOPTIMAL-Serie GO960 und ist exakt auf die genannten L\u00f6twerkzeuge abgestimmt. Schaftdurchmesser und Innendurchmesser sorgen f\u00fcr einen sicheren Sitz am Kolben und gew\u00e4hrleisten eine effiziente W\u00e4rme\u00fcbertragung vom Heizelement zur L\u00f6tstelle. Mit einer Gesamtl\u00e4nge von ca. 42\u202fmm f\u00fcgt sich die Spitze ergonomisch in das gewohnte Handling von SPRINT65, PIONIER110 und PIONIER1 ein \u2013 Sie m\u00fcssen Ihren Arbeitsstil nicht anpassen.<\/p>\n<p>Typische Einsatzbereiche sind:<\/p>\n<p>&#8211; Feine L\u00f6tstellen an SMD- und THT-Bauteilen mit engen Rasterma\u00dfen<br \/>\n&#8211; Reparaturen an Signal- und Steuerleitungen, d\u00fcnnen Litzen und Steckerreihen<br \/>\n&#8211; Nacharbeiten an Pads von ICs, Widerst\u00e4nden, Kondensatoren u.\u202f\u00c4.<br \/>\n&#8211; Pr\u00e4zisionsarbeiten im Service, Labor und Prototypenbau<\/p>\n<p>Die Spitze ist RoHS-konform und damit auch f\u00fcr den Einsatz in modernen bleifreien L\u00f6tprozessen geeignet. In Kombination mit den temperaturgeregelten GALLUNOPTIMAL L\u00f6tstationen SPRINT65, PIONIER110 oder PIONIER1 haben Sie damit ein zuverl\u00e4ssiges Werkzeug f\u00fcr Werkstatt, Service, Labor und ambitionierte Elektronik-Hobbyprojekte.&#8221;<\/p>\n","protected":false},"excerpt":{"rendered":"<p>&#8220;GALLUNOPTIMAL Dauerl\u00f6tspitze f\u00fcr GALLUNOPTIMAL SPRINT65, PIONIER110 &#038; PIONIER1, gerade, angeschr\u00e4gt 60\u00b0, \u00d8 1 mm \u2013 GO960-1C Diese Dauerl\u00f6tspitze wurde speziell f\u00fcr die GALLUNOPTIMAL L\u00f6twerkzeuge SPRINT65, PIONIER110 und PIONIER1 entwickelt und ist die richtige Wahl, wenn Sie eine schlanke, gut zug\u00e4ngliche Spitze f\u00fcr pr\u00e4zise L\u00f6tarbeiten in dicht best\u00fcckten Bereichen ben\u00f6tigen. Die gerade Spitze mit 60\u00b0-Schr\u00e4ganschliff mit [&hellip;]<\/p>\n","protected":false},"featured_media":74754,"template":"","meta":{"ep_exclude_from_search":false},"product_cat":[364],"product_tag":[],"class_list":{"0":"post-74712","1":"product","2":"type-product","3":"status-publish","4":"has-post-thumbnail","6":"product_cat-960-serie-fuer-quick-3104-ts1100-gosprint-65","7":"product_shipping_class-postgrossbrief-2cm-500g","8":"pa_spitzendurchmesser-breite-7394","10":"first","11":"instock","12":"taxable","13":"shipping-taxable","14":"purchasable","15":"product-type-simple"},"_links":{"self":[{"href":"https:\/\/loet-shop.de\/en\/wp-json\/wp\/v2\/product\/74712"}],"collection":[{"href":"https:\/\/loet-shop.de\/en\/wp-json\/wp\/v2\/product"}],"about":[{"href":"https:\/\/loet-shop.de\/en\/wp-json\/wp\/v2\/types\/product"}],"wp:featuredmedia":[{"embeddable":true,"href":"https:\/\/loet-shop.de\/en\/wp-json\/wp\/v2\/media\/74754"}],"wp:attachment":[{"href":"https:\/\/loet-shop.de\/en\/wp-json\/wp\/v2\/media?parent=74712"}],"wp:term":[{"taxonomy":"product_cat","embeddable":true,"href":"https:\/\/loet-shop.de\/en\/wp-json\/wp\/v2\/product_cat?post=74712"},{"taxonomy":"product_tag","embeddable":true,"href":"https:\/\/loet-shop.de\/en\/wp-json\/wp\/v2\/product_tag?post=74712"}],"curies":[{"name":"wp","href":"https:\/\/api.w.org\/{rel}","templated":true}]}}