{"id":74368,"date":"2026-04-02T08:48:37","date_gmt":"2026-04-02T06:48:37","guid":{"rendered":""},"modified":"2026-04-03T21:00:53","modified_gmt":"2026-04-03T19:00:53","slug":"quick-kartuschen-loetspitze-ts1-bleistiftspitz-05-mm-ss1-b","status":"publish","type":"product","link":"https:\/\/loet-shop.de\/en\/produkt\/quick-kartuschen-loetspitze-ts1-bleistiftspitz-05-mm-ss1-b\/","title":{"rendered":"QUICK Kartuschen-L\u00f6tspitze TS1, bleistiftspitz 0,5 mm (SS1-B)"},"content":{"rendered":"<p>QUICK Kartuschen-L\u00f6tspitze TS1, bleistiftspitz 0,5 mm (SS1-B)<\/p>\n<p>\u2013 TS1 Kartuschen-L\u00f6tspitze, bleistiftspitz 0,5 mm<br \/>\n\u2013 Kartuschensystem, kurze Reaktionszeiten<br \/>\n\u2013 Lieferumfang 1 St\u00fcck<\/p>\n<p>Feine Bleistiftspitze f\u00fcr QUICK TS1 f\u00fcr SMD und kleine Pads. Schnell wechselbar und ideal als Zweit- oder Austauschspitze.<\/p>\n","protected":false},"excerpt":{"rendered":"<p>QUICK Kartuschen-L\u00f6tspitze TS1, bleistiftspitz 0,5 mm (SS1-B) \u2013 TS1 Kartuschen-L\u00f6tspitze, bleistiftspitz 0,5 mm \u2013 Kartuschensystem, kurze Reaktionszeiten \u2013 Lieferumfang 1 St\u00fcck Feine Bleistiftspitze f\u00fcr QUICK TS1 f\u00fcr SMD und kleine Pads. Schnell wechselbar und ideal als Zweit- oder Austauschspitze.<\/p>\n","protected":false},"featured_media":74377,"template":"","meta":{"ep_exclude_from_search":false},"product_cat":[7317],"product_tag":[],"class_list":{"0":"post-74368","1":"product","2":"type-product","3":"status-publish","4":"has-post-thumbnail","6":"product_cat-ss1-serie-fuer-quick-ts1","7":"product_shipping_class-postgrossbrief-2cm-500g","8":"pa_ss1-bleistiftspitz-0_comma_5-mm","10":"first","11":"instock","12":"taxable","13":"shipping-taxable","14":"purchasable","15":"product-type-simple"},"_links":{"self":[{"href":"https:\/\/loet-shop.de\/en\/wp-json\/wp\/v2\/product\/74368"}],"collection":[{"href":"https:\/\/loet-shop.de\/en\/wp-json\/wp\/v2\/product"}],"about":[{"href":"https:\/\/loet-shop.de\/en\/wp-json\/wp\/v2\/types\/product"}],"wp:featuredmedia":[{"embeddable":true,"href":"https:\/\/loet-shop.de\/en\/wp-json\/wp\/v2\/media\/74377"}],"wp:attachment":[{"href":"https:\/\/loet-shop.de\/en\/wp-json\/wp\/v2\/media?parent=74368"}],"wp:term":[{"taxonomy":"product_cat","embeddable":true,"href":"https:\/\/loet-shop.de\/en\/wp-json\/wp\/v2\/product_cat?post=74368"},{"taxonomy":"product_tag","embeddable":true,"href":"https:\/\/loet-shop.de\/en\/wp-json\/wp\/v2\/product_tag?post=74368"}],"curies":[{"name":"wp","href":"https:\/\/api.w.org\/{rel}","templated":true}]}}