{"id":73890,"date":"2026-04-14T12:43:41","date_gmt":"2026-04-14T10:43:41","guid":{"rendered":"https:\/\/loet-shop.de\/produkt\/idp-stat-lagerbehaelter-rot\/"},"modified":"2026-04-14T17:25:27","modified_gmt":"2026-04-14T15:25:27","slug":"idp-stat-lagerbehaelter-rot","status":"publish","type":"product","link":"https:\/\/loet-shop.de\/en\/produkt\/idp-stat-lagerbehaelter-rot\/","title":{"rendered":"IDP-STAT storage container, red"},"content":{"rendered":"<p>The IDP-STAT storage container 5311.R.14 is a robust, ESD-compatible Euro container for the safe storage and transport of electrostatic-sensitive components (e.g., SMD components, ICs, printed circuit boards, assemblies, measuring and assembly accessories) in production, service, and EPA\/ESD protection zones. The container material consists of permanently volume-dissipative polypropylene (Inherently Dissipative Polymer IDP-STAT\u00ae) \u2013 the dissipative properties are therefore permanently incorporated into the material and not just applied to the surface.<\/p>\n<p>With its pallet\/Euro module dimensions of 400 \u00d7 300 mm, the container fits into many common storage and logistics systems. It is stackable and bears an ESD label for clear identification during operation.<\/p>\n<p>Technical data.<\/p>\n<p>&#8211; Color: red<br \/>\n&#8211; External dimensions (L\u00d7W\u00d7H): 400 \u00d7 300 \u00d7 170 mm<br \/>\n&#8211; Internal dimensions (L\u00d7W\u00d7H): approx. 355 \u00d7 255 \u00d7 165 mm<br \/>\n&#8211; Material: PP, IDP-STAT\u00ae, permanently volume-dissipative<br \/>\n&#8211; Typical dissipative\/surface resistance: Rs approx. 10\u2079\u201310\u00b9\u2070 \u03a9<br \/>\n&#8211; Weight: approx. 974 g<br \/>\n&#8211; Handle type: Under-mounted (for easy handling)<\/p>\n<p>Item number: 5311.R.14<br \/>\nEAN: 4052339010300<\/p>","protected":false},"excerpt":{"rendered":"<p>The IDP-STAT storage container 5311.R.14 is a robust, ESD-compatible Euro container for the safe storage and transport of electrostatic-sensitive components (e.g., SMD components, ICs, printed circuit boards, assemblies, measuring and assembly accessories) in production, service, and EPA\/ESD protection zones. The container material consists of permanently volume-dissipative polypropylene (Inherently Dissipative Polymer IDP-STAT\u00ae) \u2013 the dissipative properties [&hellip;]<\/p>\n","protected":false},"featured_media":73910,"template":"","meta":{"ep_exclude_from_search":false},"product_cat":[141],"product_tag":[],"class_list":{"0":"post-73890","1":"product","2":"type-product","3":"status-publish","4":"has-post-thumbnail","6":"product_cat-arbeitsplatzausstattung","7":"product_shipping_class-paket","9":"first","10":"onbackorder","11":"taxable","12":"shipping-taxable","13":"purchasable","14":"product-type-simple"},"_links":{"self":[{"href":"https:\/\/loet-shop.de\/en\/wp-json\/wp\/v2\/product\/73890"}],"collection":[{"href":"https:\/\/loet-shop.de\/en\/wp-json\/wp\/v2\/product"}],"about":[{"href":"https:\/\/loet-shop.de\/en\/wp-json\/wp\/v2\/types\/product"}],"wp:featuredmedia":[{"embeddable":true,"href":"https:\/\/loet-shop.de\/en\/wp-json\/wp\/v2\/media\/73910"}],"wp:attachment":[{"href":"https:\/\/loet-shop.de\/en\/wp-json\/wp\/v2\/media?parent=73890"}],"wp:term":[{"taxonomy":"product_cat","embeddable":true,"href":"https:\/\/loet-shop.de\/en\/wp-json\/wp\/v2\/product_cat?post=73890"},{"taxonomy":"product_tag","embeddable":true,"href":"https:\/\/loet-shop.de\/en\/wp-json\/wp\/v2\/product_tag?post=73890"}],"curies":[{"name":"wp","href":"https:\/\/api.w.org\/{rel}","templated":true}]}}