{"id":73716,"date":"2026-03-20T12:40:34","date_gmt":"2026-03-20T11:40:34","guid":{"rendered":""},"modified":"2026-04-05T17:01:29","modified_gmt":"2026-04-05T15:01:29","slug":"ersa-upgrade-kit-fuer-loetkolben-i-tool-nano-mk1-auf-mk2","status":"publish","type":"product","link":"https:\/\/loet-shop.de\/en\/produkt\/ersa-upgrade-kit-fuer-loetkolben-i-tool-nano-mk1-auf-mk2\/","title":{"rendered":"ERSA Upgrade-Kit f\u00fcr L\u00f6tkolben i-TOOL NANO MK1 auf MK2"},"content":{"rendered":"<p>Upgrade Kit f\u00fcr die i-CON NANO MK1 0IC1200A. Das Bundle enth\u00e4lt den neuen L\u00f6tkolben i-TOOL NANO MK2 (0125CDK) mit der Tip\u00b4n\u00b4Turn Technologie, der L\u00f6tspitze 0142CDLF16 sowie der passenden Keramik um den Vorg\u00e4nger-Ablagest\u00e4nder 0A52 anzupassen.<\/p>\n<p>L\u00f6tkolben i-TOOL NANO MK2 mit max. 80 W Mikro-Hochleistungsheizelement:<br \/>\nDie neue Tip\u00b4n\u00b4Turn-Technologie erm\u00f6glicht einen schnelleren und sichereren Spitzenwechsel durch die Verwendung einer neuen Bajonettbefestigung. Zus\u00e4tzlich zur verbesserten Ergonomie bietet die 142-Spitzenserie eine verbesserte W\u00e4rme\u00fcbertragung und hohe Performance bei optimalem Preis-Leistungsverh\u00e4ltnis.<\/p>\n<p>Diese neue Heiztechnologie erm\u00f6glicht ein blitzschnelles Auf- und Nachheizen des L\u00f6tkolbens i-TOOL NANO MK2 von Raumtemperatur auf 350\u00b0C in ca. 9 Sekunden, von Stand-by (280\u00b0C) in ca. 3 Sekunden. Das Heizelement und die L\u00f6tspitze sind voneinander getrennt.<\/p>\n<p>L\u00f6tkolben mit Verpackung, ausgestattet mit einer mei\u00dfelf\u00f6rmigen ERSADUR-LF Dauerl\u00f6tspitze<\/p>\n<p>Das Set enth\u00e4lt:<br \/>\n&#8211; Den kompletten i-Tool NANO MK2 (0125CDK)<br \/>\n&#8211; Keramik 3N565 f\u00fcr Ablagest\u00e4nder 0A52<\/p>\n","protected":false},"excerpt":{"rendered":"<p>Upgrade Kit f\u00fcr die i-CON NANO MK1 0IC1200A. Das Bundle enth\u00e4lt den neuen L\u00f6tkolben i-TOOL NANO MK2 (0125CDK) mit der Tip\u00b4n\u00b4Turn Technologie, der L\u00f6tspitze 0142CDLF16 sowie der passenden Keramik um den Vorg\u00e4nger-Ablagest\u00e4nder 0A52 anzupassen. L\u00f6tkolben i-TOOL NANO MK2 mit max. 80 W Mikro-Hochleistungsheizelement: Die neue Tip\u00b4n\u00b4Turn-Technologie erm\u00f6glicht einen schnelleren und sichereren Spitzenwechsel durch die Verwendung [&hellip;]<\/p>\n","protected":false},"featured_media":73718,"template":"","meta":{"ep_exclude_from_search":false},"product_cat":[37],"product_tag":[],"class_list":{"0":"post-73716","1":"product","2":"type-product","3":"status-publish","4":"has-post-thumbnail","6":"product_cat-loetkolben-von-loetstationen","7":"product_shipping_class-paket","9":"first","10":"instock","11":"taxable","12":"shipping-taxable","13":"purchasable","14":"product-type-simple"},"_links":{"self":[{"href":"https:\/\/loet-shop.de\/en\/wp-json\/wp\/v2\/product\/73716"}],"collection":[{"href":"https:\/\/loet-shop.de\/en\/wp-json\/wp\/v2\/product"}],"about":[{"href":"https:\/\/loet-shop.de\/en\/wp-json\/wp\/v2\/types\/product"}],"wp:featuredmedia":[{"embeddable":true,"href":"https:\/\/loet-shop.de\/en\/wp-json\/wp\/v2\/media\/73718"}],"wp:attachment":[{"href":"https:\/\/loet-shop.de\/en\/wp-json\/wp\/v2\/media?parent=73716"}],"wp:term":[{"taxonomy":"product_cat","embeddable":true,"href":"https:\/\/loet-shop.de\/en\/wp-json\/wp\/v2\/product_cat?post=73716"},{"taxonomy":"product_tag","embeddable":true,"href":"https:\/\/loet-shop.de\/en\/wp-json\/wp\/v2\/product_tag?post=73716"}],"curies":[{"name":"wp","href":"https:\/\/api.w.org\/{rel}","templated":true}]}}