{"id":73212,"date":"2026-03-25T08:47:09","date_gmt":"2026-03-25T07:47:09","guid":{"rendered":""},"modified":"2026-04-06T20:59:49","modified_gmt":"2026-04-06T18:59:49","slug":"gallunoptimal-entloetstation-pionier-vac-80-watt-temperaturgeregelt","status":"publish","type":"product","link":"https:\/\/loet-shop.de\/en\/produkt\/gallunoptimal-entloetstation-pionier-vac-80-watt-temperaturgeregelt\/","title":{"rendered":"GALLUNOPTIMAL Entl\u00f6tstation Pionier VAC, 80 Watt, temperaturgeregelt"},"content":{"rendered":"<p>GALLUNOPTIMAL Entl\u00f6tstation VAC, 140 Watt<\/p>\n<p>Mit dieser Entl\u00f6tstation entfernen Sie THT Bauteile auf einfache Art und Weise. Durch die spezielle Entl\u00f6tspitze (3 versch. St\u00fcck im Lieferumfang) k\u00f6nnen Sie die THT-L\u00f6tstelle rundherum erhitzen und mit dem Druck auf den Ausl\u00f6seknopf effizient das fl\u00fcssige Zinn einsaugen.<\/p>\n<p>Das alte Lot landet praktischerweise in einer Wiederverwendbaren Kartusche und l\u00e4sst sich einfach ausleeren.<\/p>\n<p>&#8211; Leistung max. 140 Watt<br \/>\n&#8211; inkl. 3 Entl\u00f6tspitzen 1 mm\/ 1,2 mm\/ 1,5mm,<br \/>\n&#8211; temperaturgeregelt<br \/>\n&#8211; Temperaturanzeige im Display<br \/>\n&#8211; Einstellbarer Temperaturbereich 160 bis 480 \u00b0C<\/p>\n","protected":false},"excerpt":{"rendered":"<p>GALLUNOPTIMAL Entl\u00f6tstation VAC, 140 Watt Mit dieser Entl\u00f6tstation entfernen Sie THT Bauteile auf einfache Art und Weise. Durch die spezielle Entl\u00f6tspitze (3 versch. St\u00fcck im Lieferumfang) k\u00f6nnen Sie die THT-L\u00f6tstelle rundherum erhitzen und mit dem Druck auf den Ausl\u00f6seknopf effizient das fl\u00fcssige Zinn einsaugen. Das alte Lot landet praktischerweise in einer Wiederverwendbaren Kartusche und l\u00e4sst [&hellip;]<\/p>\n","protected":false},"featured_media":73221,"template":"","meta":{"ep_exclude_from_search":false},"product_cat":[406],"product_tag":[],"class_list":{"0":"post-73212","1":"product","2":"type-product","3":"status-publish","4":"has-post-thumbnail","6":"product_cat-loeten-entloeten-vakuum","7":"product_shipping_class-paket","9":"first","10":"onbackorder","11":"taxable","12":"shipping-taxable","13":"purchasable","14":"product-type-simple"},"_links":{"self":[{"href":"https:\/\/loet-shop.de\/en\/wp-json\/wp\/v2\/product\/73212"}],"collection":[{"href":"https:\/\/loet-shop.de\/en\/wp-json\/wp\/v2\/product"}],"about":[{"href":"https:\/\/loet-shop.de\/en\/wp-json\/wp\/v2\/types\/product"}],"wp:featuredmedia":[{"embeddable":true,"href":"https:\/\/loet-shop.de\/en\/wp-json\/wp\/v2\/media\/73221"}],"wp:attachment":[{"href":"https:\/\/loet-shop.de\/en\/wp-json\/wp\/v2\/media?parent=73212"}],"wp:term":[{"taxonomy":"product_cat","embeddable":true,"href":"https:\/\/loet-shop.de\/en\/wp-json\/wp\/v2\/product_cat?post=73212"},{"taxonomy":"product_tag","embeddable":true,"href":"https:\/\/loet-shop.de\/en\/wp-json\/wp\/v2\/product_tag?post=73212"}],"curies":[{"name":"wp","href":"https:\/\/api.w.org\/{rel}","templated":true}]}}