{"id":73211,"date":"2026-03-20T12:43:38","date_gmt":"2026-03-20T11:43:38","guid":{"rendered":""},"modified":"2026-04-06T20:59:45","modified_gmt":"2026-04-06T18:59:45","slug":"gallunoptimal-ersatzentloetkolben-fuer-gopionier-vac-140-watt","status":"publish","type":"product","link":"https:\/\/loet-shop.de\/en\/produkt\/gallunoptimal-ersatzentloetkolben-fuer-gopionier-vac-140-watt\/","title":{"rendered":"GALLUNoptimal Ersatzentl\u00f6tkolben f\u00fcr GOPionier-VAC, 140 Watt"},"content":{"rendered":"<p>GALLUNoptimal Ersatzentl\u00f6tkolben f\u00fcr GOPionier-VAC, 140 Watt<\/p>\n<p>&#8211; einstellbarer Temperaturbereich 160 &#8211; 480 \u00b0C<\/p>\n","protected":false},"excerpt":{"rendered":"<p>GALLUNoptimal Ersatzentl\u00f6tkolben f\u00fcr GOPionier-VAC, 140 Watt &#8211; einstellbarer Temperaturbereich 160 &#8211; 480 \u00b0C<\/p>\n","protected":false},"featured_media":73217,"template":"","meta":{"ep_exclude_from_search":false},"product_cat":[37],"product_tag":[],"class_list":{"0":"post-73211","1":"product","2":"type-product","3":"status-publish","4":"has-post-thumbnail","6":"product_cat-loetkolben-von-loetstationen","7":"product_shipping_class-postgrossbrief-2cm-500g","9":"first","10":"instock","11":"taxable","12":"shipping-taxable","13":"purchasable","14":"product-type-simple"},"_links":{"self":[{"href":"https:\/\/loet-shop.de\/en\/wp-json\/wp\/v2\/product\/73211"}],"collection":[{"href":"https:\/\/loet-shop.de\/en\/wp-json\/wp\/v2\/product"}],"about":[{"href":"https:\/\/loet-shop.de\/en\/wp-json\/wp\/v2\/types\/product"}],"wp:featuredmedia":[{"embeddable":true,"href":"https:\/\/loet-shop.de\/en\/wp-json\/wp\/v2\/media\/73217"}],"wp:attachment":[{"href":"https:\/\/loet-shop.de\/en\/wp-json\/wp\/v2\/media?parent=73211"}],"wp:term":[{"taxonomy":"product_cat","embeddable":true,"href":"https:\/\/loet-shop.de\/en\/wp-json\/wp\/v2\/product_cat?post=73211"},{"taxonomy":"product_tag","embeddable":true,"href":"https:\/\/loet-shop.de\/en\/wp-json\/wp\/v2\/product_tag?post=73211"}],"curies":[{"name":"wp","href":"https:\/\/api.w.org\/{rel}","templated":true}]}}