{"id":71540,"date":"2026-04-02T08:40:23","date_gmt":"2026-04-02T06:40:23","guid":{"rendered":""},"modified":"2026-04-06T21:32:34","modified_gmt":"2026-04-06T19:32:34","slug":"ersa-ersadur-loetspitzen-142iger-serie","status":"publish","type":"product","link":"https:\/\/loet-shop.de\/en\/produkt\/ersa-ersadur-loetspitzen-142iger-serie\/","title":{"rendered":"ERSA ERSADUR L\u00f6tspitzen 142iger Serie"},"content":{"rendered":"<p>ACHTUNG nicht mit 0100CDJ L\u00f6tkolben i-Tool 150 Watt \/ 0130CDK L\u00f6tkolben i-Tool PICO 80 Watt \/ 0120CDK L\u00f6tkolben i-Tool Nano 80 Watt (ERSA L\u00f6tstation mit heller\/silberner Frontblende) kompatibel ohne L\u00f6tkolbenaustausch!<\/p>\n<p>ERSA ERSADUR L\u00f6tspitzen f\u00fcr i-Tool TRACE sind in folgenden Varianten erh\u00e4ltlich:<\/p>\n<p>0142ADLF13 angeschr\u00e4gt 1,3 mm<br \/>\n0142ADLF15 angeschr\u00e4gt 1,5 mm<br \/>\n0142ADLF22 angeschr\u00e4gt 2,2 mm<br \/>\n0142ADLF32 angeschr\u00e4gt 3,2 mm<br \/>\n0142ADLF40 angeschr\u00e4gt 4,0 mm<br \/>\n0142BDLF20 PLCC-Messer 2,0 mm<br \/>\n0142CDLF04 mei\u00dfelf\u00f6rmig 0,4 mm<br \/>\n0142CDLF06 mei\u00dfelf\u00f6rmig 0,6 mm<br \/>\n0142CDLF08 mei\u00dfelf\u00f6rmig 0,8 mm<br \/>\n0142CDLF08A asymmetrisch, mei\u00dfelf\u00f6rmig 0,8 mm<br \/>\n0142CDLF10 mei\u00dfelf\u00f6rmig 1,0 mm<br \/>\n0142CDLF100 mei\u00dfelf\u00f6rmig 10 mm,<br \/>\n0142CDLF12 mei\u00dfelf\u00f6rmig 1,2 mm<br \/>\n0142CDLF120 mei\u00dfelf\u00f6rmig 12 mm,<br \/>\n0142CDLF16 mei\u00dfelf\u00f6rmig 1,6 mm<br \/>\n0142CDLF16A asymmetrisch, mei\u00dfelf\u00f6rmig 1,6 mm<br \/>\n0142CDLF18L verl\u00e4ngert, mei\u00dfelf\u00f6rmig 1,8 mm<br \/>\n0142CDLF20 mei\u00dfelf\u00f6rmig 2,0 mm<br \/>\n0142CDLF24 mei\u00dfelf\u00f6rmig 2,4 mm<br \/>\n0142CDLF24A asymmetrisch, mei\u00dfelf\u00f6rmig 2,4 mm<br \/>\n0142CDLF24L verl\u00e4ngert, mei\u00dfelf\u00f6rmig 2,4 mm<br \/>\n0142CDLF32 mei\u00dfelf\u00f6rmig 3,2 mm<br \/>\n0142CDLF46A asymmetrisch, mei\u00dfelf\u00f6rmig 4,6 mm<br \/>\n0142CDLF50 mei\u00dfelf\u00f6rmig 5,0 mm<br \/>\n0142CDLF65 mei\u00dfelf\u00f6rmig 6,5 mm<br \/>\n0142CDLF80 mei\u00dfelf\u00f6rmig 8,0 mm<br \/>\n0142CDLF80A asymmetrisch, mei\u00dfelf\u00f6rmig 8,0 mm<br \/>\n0142PDLF01 bleistiftspitz 0,1 mm<br \/>\n0142PDLF03 bleistiftspitz 0,3 mm<br \/>\n0142PDLF03L verl\u00e4ngert, bleistiftspitz 0,3 mm<br \/>\n0142PDLF05 bleistiftspitz 0,5 mm<br \/>\n0142PDLF08 bleistiftspitz 0,8 mm<br \/>\n0142PDLF08L verl\u00e4ngert, bleistiftspitz 0,8 mm<br \/>\n0142PDLF10 bleistiftspitz 1,0 mm<br \/>\n0142SDLF04L gebogen, verl\u00e4ngert bleistiftspitz 04 mm<br \/>\n0142SDLF06L gebogen, verl\u00e4ngert bleistiftspitz 06 mm<br \/>\n0142SDLF08L gebogen, verl\u00e4ngert bleistiftspitz 08 mm<br \/>\n0142WDLF16 Hohlkehle 1,6 mm<br \/>\n0142WDLF23 Hohlkehle 2,3 mm<br \/>\n0142WDLF35 Hohlkehle 3,5 mm<br \/>\n0142ZDLF100 Wick-Tip 10 mm<br \/>\n0142ZDLF150 Wick-Tip 15 mm<br \/>\n0142ZDLF200 Wick-Tip 20 mm<\/p>\n","protected":false},"excerpt":{"rendered":"<p>ACHTUNG nicht mit 0100CDJ L\u00f6tkolben i-Tool 150 Watt \/ 0130CDK L\u00f6tkolben i-Tool PICO 80 Watt \/ 0120CDK L\u00f6tkolben i-Tool Nano 80 Watt (ERSA L\u00f6tstation mit heller\/silberner Frontblende) kompatibel ohne L\u00f6tkolbenaustausch! ERSA ERSADUR L\u00f6tspitzen f\u00fcr i-Tool TRACE sind in folgenden Varianten erh\u00e4ltlich: 0142ADLF13 angeschr\u00e4gt 1,3 mm 0142ADLF15 angeschr\u00e4gt 1,5 mm 0142ADLF22 angeschr\u00e4gt 2,2 mm 0142ADLF32 angeschr\u00e4gt [&hellip;]<\/p>\n","protected":false},"featured_media":72688,"template":"","meta":{"ep_exclude_from_search":false},"product_cat":[344],"product_tag":[],"class_list":{"0":"post-71540","1":"product","2":"type-product","3":"status-publish","4":"has-post-thumbnail","6":"product_cat-142-serie-fuer-ersa-i-tool-trace","7":"product_shipping_class-paket","8":"pa_0142-eigenschaft-1-0_comma_1","9":"pa_0142-eigenschaft-1-0_comma_3","10":"pa_0142-eigenschaft-1-0_comma_4","11":"pa_0142-eigenschaft-1-0_comma_5","12":"pa_0142-eigenschaft-1-0_comma_6","13":"pa_0142-eigenschaft-1-0_comma_8","14":"pa_0142-eigenschaft-1-427","15":"pa_0142-eigenschaft-1-1_comma_2","16":"pa_0142-eigenschaft-1-1_comma_3","17":"pa_0142-eigenschaft-1-1_comma_5","18":"pa_0142-eigenschaft-1-1_comma_6","19":"pa_0142-eigenschaft-1-1_comma_8","20":"pa_0142-eigenschaft-1-437","21":"pa_0142-eigenschaft-1-449","22":"pa_0142-eigenschaft-1-443","23":"pa_0142-eigenschaft-1-451","24":"pa_0142-eigenschaft-1-2_comma_2","25":"pa_0142-eigenschaft-1-2_comma_3","26":"pa_0142-eigenschaft-1-2_comma_4","27":"pa_0142-eigenschaft-1-20_comma_00","28":"pa_0142-eigenschaft-1-3_comma_2","29":"pa_0142-eigenschaft-1-3_comma_5","30":"pa_0142-eigenschaft-1-446","31":"pa_0142-eigenschaft-1-4_comma_6","32":"pa_0142-eigenschaft-1-430","33":"pa_0142-eigenschaft-1-6_comma_5","34":"pa_0142-eigenschaft-1-435","35":"pa_0142-eigenschaft-2-angeschraegt","36":"pa_0142-eigenschaft-2-asymmetrisch","37":"pa_0142-eigenschaft-2-bleistiftspitz","38":"pa_0142-eigenschaft-2-gebogen","39":"pa_0142-eigenschaft-2-hohlkehle","40":"pa_0142-eigenschaft-2-kuhfuss","41":"pa_0142-eigenschaft-2-meisselfoermig","42":"pa_0142-eigenschaft-2-messerfoermig","43":"pa_0142-eigenschaft-2-verlaengert","44":"pa_0142-eigenschaft-2-wick-tip","46":"first","47":"instock","48":"taxable","49":"shipping-taxable","50":"purchasable","51":"product-type-variable"},"_links":{"self":[{"href":"https:\/\/loet-shop.de\/en\/wp-json\/wp\/v2\/product\/71540"}],"collection":[{"href":"https:\/\/loet-shop.de\/en\/wp-json\/wp\/v2\/product"}],"about":[{"href":"https:\/\/loet-shop.de\/en\/wp-json\/wp\/v2\/types\/product"}],"wp:featuredmedia":[{"embeddable":true,"href":"https:\/\/loet-shop.de\/en\/wp-json\/wp\/v2\/media\/72688"}],"wp:attachment":[{"href":"https:\/\/loet-shop.de\/en\/wp-json\/wp\/v2\/media?parent=71540"}],"wp:term":[{"taxonomy":"product_cat","embeddable":true,"href":"https:\/\/loet-shop.de\/en\/wp-json\/wp\/v2\/product_cat?post=71540"},{"taxonomy":"product_tag","embeddable":true,"href":"https:\/\/loet-shop.de\/en\/wp-json\/wp\/v2\/product_tag?post=71540"}],"curies":[{"name":"wp","href":"https:\/\/api.w.org\/{rel}","templated":true}]}}