{"id":70174,"date":"2026-04-03T08:46:08","date_gmt":"2026-04-03T06:46:08","guid":{"rendered":""},"modified":"2026-04-03T17:00:54","modified_gmt":"2026-04-03T15:00:54","slug":"quick-kartuschenloetspitze-fuer-ts8-gerade-meisselfoermig-stumpf-12-mm-breit-x-06-mm-4-mm-lot-benetzt","status":"publish","type":"product","link":"https:\/\/loet-shop.de\/en\/produkt\/quick-kartuschenloetspitze-fuer-ts8-gerade-meisselfoermig-stumpf-12-mm-breit-x-06-mm-4-mm-lot-benetzt\/","title":{"rendered":"QUICK Kartuschenl\u00f6tspitze f\u00fcr TS8, gerade, mei\u00dfelf\u00f6rmig stumpf 1,2 mm breit x 0,6 mm, 4 mm Lot-benetzt"},"content":{"rendered":"<p>Spitzenform: , mei\u00dfelf\u00f6rmig stumpf<br \/>\nAusf\u00fchrung: gerade<br \/>\nMa\u00dfe: 1,2mm breit x 0,6mm<br \/>\nLotbenetzung: 4mm Lot-benetzt<\/p>\n<p>Hersteller: QUICK<br \/>\nTyp: Rapid-Kartuschenl\u00f6tspitze<br \/>\nf\u00fcr L\u00f6tstation: QUICK TS8, TS8+<br \/>\npassender L\u00f6tkolben: QUELKTSS80A<br \/>\nTemperaturregelung: eingebautes Thermoelement<br \/>\nBesonderheit: integrierter Chip f\u00fcr Temperatur-Kalibrierwert&#8221;<\/p>\n<p>Die Kartuschen-L\u00f6tspitzen von Quick vereinen eine lange Lebensdauer mit dem h\u00f6chsten thermischen Wirkungsgrad. Sie sind geeignet f\u00fcr die allgemeine elektronische Produktion.\u00a0<\/p>\n<p>Erreicht wird das durch die direkte Einheit von L\u00f6tspitze und Heizk\u00f6rper. Ein in der Spitze integriertes Thermoelement sorgt dabei f\u00fcr schnellstes Nachregeln der ben\u00f6tigten Energie und ist ideal geeignet auch f\u00fcr die anspruchsvolleren L\u00f6taufgaben.<\/p>\n<p>Ein in der L\u00f6tspitze integrierter Chip kann einen individuellen Kalibrierwert speichern. Somit steht zu jeder erneuten Anwendung dieser Wert der Station zur Verf\u00fcgung und garantiert pr\u00e4zise Anzeigewerte der Temperatur an der Station. Ein Indikator f\u00fcr zuverl\u00e4ssige Qualit\u00e4t der L\u00f6tstellen, hohe Reproduzierbarkeit und Zuverl\u00e4ssigkeit. Besonders ist diese Funktion bei gr\u00f6\u00dferen L\u00f6tspitzenformen sowie den verf\u00fcgbaren L\u00f6ttiegeln als L\u00f6tspitze wichtig und empfehlenswert.<\/p>\n<p>Somit eignet sich die TSS08-L\u00f6tspitzenserie ideal f\u00fcr Industrie und Produktion oder Reparaturaufgaben (Smartphones, Tablet, Laptop) mit geringem verf\u00fcgbaren Temperaturfenster (Prozessfenster) und\/oder empfindlichen Bauteilen.<\/p>\n<p>Zus\u00e4tzlich schonen die sehr genaue Temperaturregelung sowie die Standby-Funktion der TS8, TS8+ -L\u00f6tstationen die L\u00f6tspitzen und sorgt f\u00fcr h\u00f6here Spitzen-Standzeiten. Dies minimiert Folgekosten und optimiert Abl\u00e4ufe.<\/p>\n","protected":false},"excerpt":{"rendered":"<p>Spitzenform: , mei\u00dfelf\u00f6rmig stumpf Ausf\u00fchrung: gerade Ma\u00dfe: 1,2mm breit x 0,6mm Lotbenetzung: 4mm Lot-benetzt Hersteller: QUICK Typ: Rapid-Kartuschenl\u00f6tspitze f\u00fcr L\u00f6tstation: QUICK TS8, TS8+ passender L\u00f6tkolben: QUELKTSS80A Temperaturregelung: eingebautes Thermoelement Besonderheit: integrierter Chip f\u00fcr Temperatur-Kalibrierwert&#8221; Die Kartuschen-L\u00f6tspitzen von Quick vereinen eine lange Lebensdauer mit dem h\u00f6chsten thermischen Wirkungsgrad. Sie sind geeignet f\u00fcr die allgemeine elektronische Produktion.\u00a0 [&hellip;]<\/p>\n","protected":false},"featured_media":71062,"template":"","meta":{"ep_exclude_from_search":false},"product_cat":[367,370],"product_tag":[],"class_list":{"0":"post-70174","1":"product","2":"type-product","3":"status-publish","4":"has-post-thumbnail","6":"product_cat-tss08-serie-fuer-quick-ts8","7":"product_cat-tss08-serie-quick-ts8-fuer-tigel-loetkolben","8":"product_shipping_class-postwarenpost-individuell","9":"pa_tss08e1-meisselfoermig-stumpf","10":"pa_tss08e2-12-mm-x-06-mm","11":"pa_tss08e2-1_comma_2-mm-x-0_comma_6-mm","13":"first","14":"instock","15":"taxable","16":"shipping-taxable","17":"purchasable","18":"product-type-simple"},"_links":{"self":[{"href":"https:\/\/loet-shop.de\/en\/wp-json\/wp\/v2\/product\/70174"}],"collection":[{"href":"https:\/\/loet-shop.de\/en\/wp-json\/wp\/v2\/product"}],"about":[{"href":"https:\/\/loet-shop.de\/en\/wp-json\/wp\/v2\/types\/product"}],"wp:featuredmedia":[{"embeddable":true,"href":"https:\/\/loet-shop.de\/en\/wp-json\/wp\/v2\/media\/71062"}],"wp:attachment":[{"href":"https:\/\/loet-shop.de\/en\/wp-json\/wp\/v2\/media?parent=70174"}],"wp:term":[{"taxonomy":"product_cat","embeddable":true,"href":"https:\/\/loet-shop.de\/en\/wp-json\/wp\/v2\/product_cat?post=70174"},{"taxonomy":"product_tag","embeddable":true,"href":"https:\/\/loet-shop.de\/en\/wp-json\/wp\/v2\/product_tag?post=70174"}],"curies":[{"name":"wp","href":"https:\/\/api.w.org\/{rel}","templated":true}]}}