{"id":70122,"date":"2026-04-06T08:44:52","date_gmt":"2026-04-06T06:44:52","guid":{"rendered":""},"modified":"2026-04-06T21:32:03","modified_gmt":"2026-04-06T19:32:03","slug":"quick-industrie-loetstation-120-watt-mit-rapid-kartuschen-loetspitzen-pc-anschluss","status":"publish","type":"product","link":"https:\/\/loet-shop.de\/en\/produkt\/quick-industrie-loetstation-120-watt-mit-rapid-kartuschen-loetspitzen-pc-anschluss\/","title":{"rendered":"QUICK Industrie L\u00f6tstation 120 Watt mit Rapid-Kartuschen-L\u00f6tspitzen, PC-Anschlu\u00df"},"content":{"rendered":"<p>Eigenschaften<br \/>\n&#8211; geeignet f\u00fcr bleihaltiges und bleifreies L\u00f6ten<br \/>\n&#8211; sehr geringe Aufheiz-Zeit (ca. 7s auf 350\u00b0C).<br \/>\n&#8211; automatische Standby-Funktion von 5 s &#8211; 99 min. w\u00e4hlbar.<br \/>\n&#8211; programmierbare Abschaltfunktion.<br \/>\n&#8211; digitale IST und SOLL-Temperaturanzeige<br \/>\n&#8211; kalibrierbar<br \/>\n&#8211; Passwortschutz<br \/>\n&#8211; 3 vorprogrammierte Festtemperaturen (200\u00b0\/320\u00b0\/380\u00b0C)<br \/>\n&#8211; Temperatur kann in 1\u00b0C Schritten erh\u00f6ht\/verringert werden<br \/>\n&#8211; 2 Reinigungsm\u00f6glichkeiten, Trocken- und Viskoseschwamm<br \/>\n&#8211; Alarmfunktion f\u00fcr Temperaturfenster<br \/>\n&#8211; Sensor gesteuerte Echtzeit\u00fcberwachung der Temperatur an der L\u00f6tspitze &#038; somit ein sehr gutes Temperatur-Regel-Verhalten<br \/>\n&#8211; sehr einfaches und schnelles Wechseln der L\u00f6tspitze.<br \/>\n&#8211; der Heizk\u00f6rper ist in der L\u00f6tspitze integriert<br \/>\n&#8211; L\u00f6tkolben mit 1,2m flexiblem Silikonanschlusskabel<br \/>\n&#8211; ESD-Schutz und ESD-Testfunktion<br \/>\nIst die  ESD Testfunktion aktiviert, pr\u00fcft die Station stetig ob eine Erdung der Station vorhanden ist Sollte dies nicht der Fall sein wird ein Warnsymbol deutlich sichtbar im Display angezeigt<br \/>\n&#8211; deutsches Bedienmenu welches sich alternativ auf englische Sprache umstellen l\u00e4sst<br \/>\n&#8211; vernetzbar, bis zu 63 Stationen k\u00f6nnen \u00fcber einen PC \u00fcberwacht und programmiert werden<\/p>\n<p>Im Solderings Manager System f\u00fcr die Quick TS Serie k\u00f6nnen sie sich, sowohl aktuelle L\u00f6ttemperaturen in einer Real-time Abfrage anzeigen lassen sowie die L\u00f6ttemperaturen vergangener L\u00f6tvorg\u00e4nge.<br \/>\nEine \u00fcbersichtliche &#038; kompakte Darstellung aller aktuellen Betriebsparameter &#038; Temperaturen ist auch f\u00fcr mehrere Stationen gleichzeitig m\u00f6glich.<br \/>\nVia Fernzugriff kann die L\u00f6tstation sowohl ein- &#038; ausgeschaltet oder in den Ruhezustand versetzt werden. Alle Funktionen &#038; Optionen die an der Station selbst verf\u00fcgbar sind lassen sich ebenfalls \u00fcber das Solderings Manager System zentral verwalten.<\/p>\n<p>Technischen Daten<\/p>\n<p>Anzeige: Farb-LCD-TFT<br \/>\nNennleistung: 120 Watt<br \/>\nBetriebs-Spannung: 230 Volt \/ 50 Hz<br \/>\nL\u00f6tkolben-Spannung: 27V (AC)<br \/>\nArbeits-Temperaturbereich: 200 &#8211; 420 \u00b0C<br \/>\nTemperatur-Stabilit\u00e4t: +\/- 2\u00b0C (ohne Belastung)<br \/>\nMax. Umgebungstemperatur: 40 \u00b0C<br \/>\nErdungswiderstand: &lt;2 \u03a9<br \/>\nMasse-Leck-Spannung: &lt;2 mV<br \/>\nLotkolben-Anschluss-Leitung: 1200 mm<br \/>\nAbmessungen B-H-T: 137 x 114 x 168 mm<br \/>\nGewicht: 1,5kg<br \/>\nKonformit\u00e4t: RoHS, CE<\/p>\n<p>Lieferumfang:<br \/>\n&#8211; TS1200-Basisstation<br \/>\n&#8211; TSS30B L\u00f6tkolben mit montierter TSS02-1B Rapid-Kartuschen-L\u00f6tspitze \u00d8 1 mm<br \/>\n&#8211; QUAS1200 Ablagest\u00e4nder inkl. Metallwolle und Viskoseschwamm QUSCHW01 55&#215;35 mm<br \/>\n&#8211; QUSILKPAD Silikonpad f\u00fcr Spitzenwechsel<br \/>\n&#8211; ESD-Anschlusskabel mit Krokodilklemme<\/p>\n","protected":false},"excerpt":{"rendered":"<p>Eigenschaften &#8211; geeignet f\u00fcr bleihaltiges und bleifreies L\u00f6ten &#8211; sehr geringe Aufheiz-Zeit (ca. 7s auf 350\u00b0C). &#8211; automatische Standby-Funktion von 5 s &#8211; 99 min. w\u00e4hlbar. &#8211; programmierbare Abschaltfunktion. &#8211; digitale IST und SOLL-Temperaturanzeige &#8211; kalibrierbar &#8211; Passwortschutz &#8211; 3 vorprogrammierte Festtemperaturen (200\u00b0\/320\u00b0\/380\u00b0C) &#8211; Temperatur kann in 1\u00b0C Schritten erh\u00f6ht\/verringert werden &#8211; 2 Reinigungsm\u00f6glichkeiten, Trocken- [&hellip;]<\/p>\n","protected":false},"featured_media":71029,"template":"","meta":{"ep_exclude_from_search":false},"product_cat":[415],"product_tag":[],"class_list":{"0":"post-70122","1":"product","2":"type-product","3":"status-publish","4":"has-post-thumbnail","6":"product_cat-industrie-standard-60-150-watt","7":"product_shipping_class-paket","8":"pa_qutsls-eigenschaft-1-pc-schnittstelle","9":"pa_qutsls-eigenschaft-2-120-watt","11":"first","12":"instock","13":"taxable","14":"shipping-taxable","15":"purchasable","16":"product-type-simple","17":"has-discount-price"},"_links":{"self":[{"href":"https:\/\/loet-shop.de\/en\/wp-json\/wp\/v2\/product\/70122"}],"collection":[{"href":"https:\/\/loet-shop.de\/en\/wp-json\/wp\/v2\/product"}],"about":[{"href":"https:\/\/loet-shop.de\/en\/wp-json\/wp\/v2\/types\/product"}],"wp:featuredmedia":[{"embeddable":true,"href":"https:\/\/loet-shop.de\/en\/wp-json\/wp\/v2\/media\/71029"}],"wp:attachment":[{"href":"https:\/\/loet-shop.de\/en\/wp-json\/wp\/v2\/media?parent=70122"}],"wp:term":[{"taxonomy":"product_cat","embeddable":true,"href":"https:\/\/loet-shop.de\/en\/wp-json\/wp\/v2\/product_cat?post=70122"},{"taxonomy":"product_tag","embeddable":true,"href":"https:\/\/loet-shop.de\/en\/wp-json\/wp\/v2\/product_tag?post=70122"}],"curies":[{"name":"wp","href":"https:\/\/api.w.org\/{rel}","templated":true}]}}