{"id":70119,"date":"2026-03-24T08:46:29","date_gmt":"2026-03-24T07:46:29","guid":{"rendered":""},"modified":"2026-04-06T21:32:03","modified_gmt":"2026-04-06T19:32:03","slug":"quick-ts1100-digitale-handloetstation-70w-mit-standby-antistatisch","status":"publish","type":"product","link":"https:\/\/loet-shop.de\/en\/produkt\/quick-ts1100-digitale-handloetstation-70w-mit-standby-antistatisch\/","title":{"rendered":"QUICK TS1100 digitale Handl\u00f6tstation 70W mit Standby, antistatisch"},"content":{"rendered":"<p>Digitale L\u00f6tstation QUICK TS1100 mit LCD-Display, ESD-Test-Funktion und 3 Fest-Temperaturspeicher. Dank prozessor- und sensorgesteuerter Temperaturregelung und hoher Leistungsreserven wird die Soll-Temperatur schnell erreicht und stabil gehalten. Somit ist die Station bestens zum bleifreien L\u00f6ten geeignet.<\/p>\n<p>Nennleistung: 70 Watt<br \/>\nMaximalleistung: 90 Watt<br \/>\nTemperatureinstellbereich: 200\u00b0C-450\u00b0C<br \/>\npassende L\u00f6tspitzenserie: 960<br \/>\nAuto-Standby<br \/>\nkalibrierbar<br \/>\n3 Festtemperaturspeicher<br \/>\nAlarmfunktion f\u00fcr SOLL-Temperatur<br \/>\nEchtzeit\u00fcberwachung der Temperatur an der L\u00f6tspitze<br \/>\neinfaches wechseln der L\u00f6tspitze<br \/>\nmitgeliefert und vormontiert ist die L\u00f6tspitze 960-B (bleistiftspitz, \u00d8 0,5 mm)<br \/>\nESD-konform<\/p>\n<p>Lieferumfang:<\/p>\n<p>&#8211; L\u00f6tstation QUTS1100<br \/>\n&#8211; L\u00f6tkolben<br \/>\n&#8211; L\u00f6tspitze 960-B (bleistiftspitz, \u00d8 0,5 mm)<br \/>\n&#8211; Ablagest\u00e4nder<br \/>\n&#8211; Reinigungsschwamm<br \/>\n&#8211; Silikonpad f\u00fcr Spitzenwechsel<\/p>\n","protected":false},"excerpt":{"rendered":"<p>Digitale L\u00f6tstation QUICK TS1100 mit LCD-Display, ESD-Test-Funktion und 3 Fest-Temperaturspeicher. Dank prozessor- und sensorgesteuerter Temperaturregelung und hoher Leistungsreserven wird die Soll-Temperatur schnell erreicht und stabil gehalten. Somit ist die Station bestens zum bleifreien L\u00f6ten geeignet. Nennleistung: 70 Watt Maximalleistung: 90 Watt Temperatureinstellbereich: 200\u00b0C-450\u00b0C passende L\u00f6tspitzenserie: 960 Auto-Standby kalibrierbar 3 Festtemperaturspeicher Alarmfunktion f\u00fcr SOLL-Temperatur Echtzeit\u00fcberwachung der [&hellip;]<\/p>\n","protected":false},"featured_media":71027,"template":"","meta":{"ep_exclude_from_search":false},"product_cat":[415],"product_tag":[],"class_list":{"0":"post-70119","1":"product","2":"type-product","3":"status-publish","4":"has-post-thumbnail","6":"product_cat-industrie-standard-60-150-watt","7":"product_shipping_class-paket","8":"pa_quts1100-standard","10":"first","11":"onbackorder","12":"taxable","13":"shipping-taxable","14":"purchasable","15":"product-type-simple","16":"has-discount-price"},"_links":{"self":[{"href":"https:\/\/loet-shop.de\/en\/wp-json\/wp\/v2\/product\/70119"}],"collection":[{"href":"https:\/\/loet-shop.de\/en\/wp-json\/wp\/v2\/product"}],"about":[{"href":"https:\/\/loet-shop.de\/en\/wp-json\/wp\/v2\/types\/product"}],"wp:featuredmedia":[{"embeddable":true,"href":"https:\/\/loet-shop.de\/en\/wp-json\/wp\/v2\/media\/71027"}],"wp:attachment":[{"href":"https:\/\/loet-shop.de\/en\/wp-json\/wp\/v2\/media?parent=70119"}],"wp:term":[{"taxonomy":"product_cat","embeddable":true,"href":"https:\/\/loet-shop.de\/en\/wp-json\/wp\/v2\/product_cat?post=70119"},{"taxonomy":"product_tag","embeddable":true,"href":"https:\/\/loet-shop.de\/en\/wp-json\/wp\/v2\/product_tag?post=70119"}],"curies":[{"name":"wp","href":"https:\/\/api.w.org\/{rel}","templated":true}]}}