{"id":70112,"date":"2026-04-06T08:44:50","date_gmt":"2026-04-06T06:44:50","guid":{"rendered":""},"modified":"2026-04-06T21:31:46","modified_gmt":"2026-04-06T19:31:46","slug":"quick-969a-analoge-industrie-handloetstation-70w-230v-kalibrierbar-200-450c","status":"publish","type":"product","link":"https:\/\/loet-shop.de\/en\/produkt\/quick-969a-analoge-industrie-handloetstation-70w-230v-kalibrierbar-200-450c\/","title":{"rendered":"QUICK 969A+ analoge Industrie-Handl\u00f6tstation 70W, 230V, kalibrierbar, 200\u00b0-450\u00b0C"},"content":{"rendered":"<p>QUICK 969A+ analoge Industrie-Handl\u00f6tstation 70W, 230V, 200\u00b0-450\u00b0C, kalibrierbar<\/p>\n<p>&#8211; geeignet f\u00fcr bleihaltiges und bleifreies L\u00f6ten<br \/>\n&#8211; einfache Inbetriebnahme, Bedienung und Temperatureinstellung.<br \/>\n&#8211; geringe Aufheiz-Zeit<br \/>\n&#8211; leichter L\u00f6tkolben f\u00fcr komfortables Arbeiten<br \/>\n&#8211; keramisches Heizelement mit langer Lebensdauer<br \/>\n&#8211; L\u00f6tkolben mit 1,2m flexiblem Silikonanschlusskabel<\/p>\n<p>Technische Daten:<\/p>\n<p>Nennleistung: 70 Watt<br \/>\nBetriebs-Spannung: 230 Volt \/ 50 Hz<br \/>\nArbeits-Temperaturbereich: 200 &#8211; 450 \u00b0C<br \/>\nTemperatur-Toleranz: \u00b1 2\u00b0C<br \/>\nUmgebungstemperatur: 0-40 \u00b0C<br \/>\nErdungswiderstand: &lt;2 \u03a9<br \/>\nMasse-Potential: &lt;2 mV<br \/>\nAbmessungen B-H-T: 87&#215;118,7&#215;140 mm<br \/>\nGewicht: 1,38 kg, davon Ablage 285g<br \/>\nKonformit\u00e4t: RoHS, CE<\/p>\n<p>Lieferumfang:<\/p>\n<p>&#8211; QUICK analoge Industrie-Handl\u00f6tstation QU969A+<br \/>\n&#8211; Ablagest\u00e4nder mit Messingwolle und Spitzenhalter<br \/>\n&#8211; 960-B QUICK Dauerl\u00f6tspitze gerade, bleistiftspitz, \u00d8 0,5 mm<\/p>\n","protected":false},"excerpt":{"rendered":"<p>QUICK 969A+ analoge Industrie-Handl\u00f6tstation 70W, 230V, 200\u00b0-450\u00b0C, kalibrierbar &#8211; geeignet f\u00fcr bleihaltiges und bleifreies L\u00f6ten &#8211; einfache Inbetriebnahme, Bedienung und Temperatureinstellung. &#8211; geringe Aufheiz-Zeit &#8211; leichter L\u00f6tkolben f\u00fcr komfortables Arbeiten &#8211; keramisches Heizelement mit langer Lebensdauer &#8211; L\u00f6tkolben mit 1,2m flexiblem Silikonanschlusskabel Technische Daten: Nennleistung: 70 Watt Betriebs-Spannung: 230 Volt \/ 50 Hz Arbeits-Temperaturbereich: 200 [&hellip;]<\/p>\n","protected":false},"featured_media":71001,"template":"","meta":{"ep_exclude_from_search":false},"product_cat":[415],"product_tag":[],"class_list":{"0":"post-70112","1":"product","2":"type-product","3":"status-publish","4":"has-post-thumbnail","6":"product_cat-industrie-standard-60-150-watt","7":"product_shipping_class-paket","8":"pa_qu969-quick-969a-analog-70w","9":"pa_qu9692-standard","11":"first","12":"instock","13":"taxable","14":"shipping-taxable","15":"purchasable","16":"product-type-simple","17":"has-discount-price"},"_links":{"self":[{"href":"https:\/\/loet-shop.de\/en\/wp-json\/wp\/v2\/product\/70112"}],"collection":[{"href":"https:\/\/loet-shop.de\/en\/wp-json\/wp\/v2\/product"}],"about":[{"href":"https:\/\/loet-shop.de\/en\/wp-json\/wp\/v2\/types\/product"}],"wp:featuredmedia":[{"embeddable":true,"href":"https:\/\/loet-shop.de\/en\/wp-json\/wp\/v2\/media\/71001"}],"wp:attachment":[{"href":"https:\/\/loet-shop.de\/en\/wp-json\/wp\/v2\/media?parent=70112"}],"wp:term":[{"taxonomy":"product_cat","embeddable":true,"href":"https:\/\/loet-shop.de\/en\/wp-json\/wp\/v2\/product_cat?post=70112"},{"taxonomy":"product_tag","embeddable":true,"href":"https:\/\/loet-shop.de\/en\/wp-json\/wp\/v2\/product_tag?post=70112"}],"curies":[{"name":"wp","href":"https:\/\/api.w.org\/{rel}","templated":true}]}}