{"id":70089,"date":"2026-02-17T20:46:33","date_gmt":"2026-02-17T19:46:33","guid":{"rendered":"https:\/\/loet-shop.de\/produkt\/english-gallunoptimal-kartuschenloetspitze-mit-heizung-fuer-sprint80-80d-im-set\/"},"modified":"2026-04-13T13:23:25","modified_gmt":"2026-04-13T11:23:25","slug":"70089","status":"publish","type":"product","link":"https:\/\/loet-shop.de\/en\/produkt\/70089\/","title":{"rendered":""},"content":{"rendered":"<p>GALLUNOPTIMAL Kartuschenl\u00f6tspitzen f\u00fcr GALLUNOPTIMAL Sprint80+ und Sprint80D+ L\u00f6tkolben.<BR><BR>Die Kartuschenl\u00f6tspitzen mit Heizung sind sowohl f\u00fcr bleihaltiges als auch bleifreies L\u00f6ten geeignet<BR><BR>Durch den direkten Verbund von L\u00f6tspitze und Heizk\u00f6rper wird ein sehr hohes Ma\u00df an Effizienz und Temperaturstabilit\u00e4t erreicht. Dieses schont die L\u00f6tspitzen und sorgt f\u00fcr h\u00f6here Standzeiten. Die Aufheizzeit der L\u00f6tspitze betr\u00e4gt 22 Sekunden von Raumtemperatur auf 350\u00b0C.<BR><BR>GALLUNOPTIMAL Kartuschenl\u00f6tspitze mit Heizung f\u00fcr SPRINT80+ &#038; 80D+ im Set bestehend aus:<BR><BR>GOT60-I nadelspitz, \u00d8 0,2 mm<BR>GOT60-BL bleistiftspitz, verl\u00e4ngert \u00d8 0,6 mm<BR>GOT60-K messerf\u00f6rmig 45\u00b0, 5 mm breit<\/p>","protected":false},"excerpt":{"rendered":"<p>GALLUNOPTIMAL Kartuschenl\u00f6tspitzen f\u00fcr GALLUNOPTIMAL Sprint80+ und Sprint80D+ L\u00f6tkolben.Die Kartuschenl\u00f6tspitzen mit Heizung sind sowohl f\u00fcr bleihaltiges als auch bleifreies L\u00f6ten geeignetDurch den direkten Verbund von L\u00f6tspitze und Heizk\u00f6rper wird ein sehr hohes Ma\u00df an Effizienz und Temperaturstabilit\u00e4t erreicht. Dieses schont die L\u00f6tspitzen und sorgt f\u00fcr h\u00f6here Standzeiten. Die Aufheizzeit der L\u00f6tspitze betr\u00e4gt 22 Sekunden von Raumtemperatur [&hellip;]<\/p>\n","protected":false},"featured_media":70279,"template":"","meta":{"ep_exclude_from_search":false},"product_cat":[368],"product_tag":[],"class_list":{"0":"post-70089","1":"product","2":"type-product","3":"status-publish","4":"has-post-thumbnail","6":"product_cat-t60-serie-fuer-gallunoptimal-sprint-80","7":"product_shipping_class-postgrossbrief-2cm-500g","8":"pa_got60-eigenschaft-1-set","9":"pa_got60-eigenschaft-2-set1","11":"first","12":"instock","13":"taxable","14":"shipping-taxable","15":"purchasable","16":"product-type-simple"},"_links":{"self":[{"href":"https:\/\/loet-shop.de\/en\/wp-json\/wp\/v2\/product\/70089"}],"collection":[{"href":"https:\/\/loet-shop.de\/en\/wp-json\/wp\/v2\/product"}],"about":[{"href":"https:\/\/loet-shop.de\/en\/wp-json\/wp\/v2\/types\/product"}],"wp:featuredmedia":[{"embeddable":true,"href":"https:\/\/loet-shop.de\/en\/wp-json\/wp\/v2\/media\/70279"}],"wp:attachment":[{"href":"https:\/\/loet-shop.de\/en\/wp-json\/wp\/v2\/media?parent=70089"}],"wp:term":[{"taxonomy":"product_cat","embeddable":true,"href":"https:\/\/loet-shop.de\/en\/wp-json\/wp\/v2\/product_cat?post=70089"},{"taxonomy":"product_tag","embeddable":true,"href":"https:\/\/loet-shop.de\/en\/wp-json\/wp\/v2\/product_tag?post=70089"}],"curies":[{"name":"wp","href":"https:\/\/api.w.org\/{rel}","templated":true}]}}