{"id":70067,"date":"2026-03-31T20:44:48","date_gmt":"2026-03-31T18:44:48","guid":{"rendered":""},"modified":"2026-04-07T13:24:59","modified_gmt":"2026-04-07T11:24:59","slug":"gallunoptimal-loetarbeits-besteck-set-mit-bauteilplatzierstift","status":"publish","type":"product","link":"https:\/\/loet-shop.de\/en\/produkt\/gallunoptimal-loetarbeits-besteck-set-mit-bauteilplatzierstift\/","title":{"rendered":"GALLUNOPTIMAL L\u00f6tarbeits-Besteck Set mit Bauteilplatzierstift"},"content":{"rendered":"<p>6teiliges L\u00f6tset mit 9 unterschiedlichen Werkzeugen. Beidseitg best\u00fcckt mit isolierten und rutschfesten Griffen.<\/p>\n<p>Das Set beinhaltet folgende Werkzeuge:<\/p>\n<p>Chip-Halter ->  Halten Sie spitze und mikroelektronische Komponenten<br \/>\nHebel -> zum einfachen entfernen von IC-Bauteilen oder Kondensatoren<br \/>\nHaltegabel  -> zum gleichm\u00e4\u00dfigen biegen von Bauteilf\u00fc\u00dfen oder Draht<br \/>\nAbstreifer ->Entfernen von Korrosion oder Verunreinigungen<br \/>\nNadel -> Entfernen der flachen IC-Bauteilen<br \/>\nHaken -> heraushebeln von THT-Bauteilen wie Widerst\u00e4nden<br \/>\nDorn -> \u00d6ffnen Sie das mit L\u00f6tzinn verstopfte Loch oder vergr\u00f6\u00dfern Sie Dieses.<br \/>\nMesser -> Schneiden Sie  nicht notwendige Schaltkreise auf dem P.C.BOARD ab<br \/>\nPinsel -> Entfernen Sie Lotreste und reinigen Sie Ihre Baugruppe<\/p>\n<p>INKLUSIVE GALLUNOPTIMAL ESD Bauteilplatzierstift<\/p>\n<p>Mit dem GALLUNoptimal Vakuumstift platzieren Sie IC und andere Bauteile mit einem Gewicht von bis zu 80 g sicher und zuverl\u00e4ssig.<\/p>\n<p>Die kleine aber dennoch kraftvolle Vakuumpumpe im Inneren sorgt f\u00fcr eine konstante Ansaugung.<\/p>\n<p>Seine kompakte Bauform und sein geringes Gewicht sorgen f\u00fcr ein komfortables arbeiten und bieten die M\u00f6glichkeit diesen einfach in der Tasche zu transportieren.<\/p>\n<p>F\u00fcr die Nutzung stehen 2 verschiedene D\u00fcsen und 3 verschiedene Saugn\u00e4pfe zur Verf\u00fcgung.<\/p>\n<p>Der Bauteilplatzierer ist ESD Sicher gestaltet, damit Ihre Bausteine ohne Besch\u00e4digung platziert werden.<\/p>\n<p>Anwendung:<\/p>\n<p>Platzieren Sie die D\u00fcse mit dem Sauger auf dem IC-Baustein welcher bewegt werden soll. Dr\u00fccken Sie den Knopf zur Bet\u00e4tigung der Vakuum-Pumpe im inneren des Stifts. Halten Sie diesen w\u00e4hren des gesamten Vorgangs gedr\u00fcckt. Platzieren Sie mit Hilfe des Stiftes das Bauteil an der gew\u00fcnschten Stelle. Lassen Sie nun den Knopf los um das Vakuum zu l\u00f6sen.<\/p>\n<p>Details:<\/p>\n<p>&#8211; integrierte kraftvolle Vakuumpumpe<br \/>\n&#8211; Batteriebetrieb mit einer AAA Batterien (nicht im Lieferumfang)<br \/>\n&#8211; ESD sicheres Arbeiten<\/p>\n<p>Inhalt des Sets:<br \/>\n1x 6 teiliges L\u00f6tarbeits-Besteck<br \/>\n1x Bauteilplatzierstift mit Zubeh\u00f6r: 1 x gerade D\u00fcse, 1x gebogene D\u00fcse, 1x Saugnapf 4 mm, 1x Saugnapf 6 mm und 1 x Saugnapf 10 mm<\/p>\n","protected":false},"excerpt":{"rendered":"<p>6teiliges L\u00f6tset mit 9 unterschiedlichen Werkzeugen. Beidseitg best\u00fcckt mit isolierten und rutschfesten Griffen. Das Set beinhaltet folgende Werkzeuge: Chip-Halter -> Halten Sie spitze und mikroelektronische Komponenten Hebel -> zum einfachen entfernen von IC-Bauteilen oder Kondensatoren Haltegabel -> zum gleichm\u00e4\u00dfigen biegen von Bauteilf\u00fc\u00dfen oder Draht Abstreifer ->Entfernen von Korrosion oder Verunreinigungen Nadel -> Entfernen der flachen [&hellip;]<\/p>\n","protected":false},"featured_media":70275,"template":"","meta":{"ep_exclude_from_search":false},"product_cat":[267],"product_tag":[],"class_list":{"0":"post-70067","1":"product","2":"type-product","3":"status-publish","4":"has-post-thumbnail","6":"product_cat-zubehoer","7":"product_shipping_class-paket","8":"pa_variante-bauteilplatzierstift","10":"first","11":"instock","12":"taxable","13":"shipping-taxable","14":"purchasable","15":"product-type-simple"},"_links":{"self":[{"href":"https:\/\/loet-shop.de\/en\/wp-json\/wp\/v2\/product\/70067"}],"collection":[{"href":"https:\/\/loet-shop.de\/en\/wp-json\/wp\/v2\/product"}],"about":[{"href":"https:\/\/loet-shop.de\/en\/wp-json\/wp\/v2\/types\/product"}],"wp:featuredmedia":[{"embeddable":true,"href":"https:\/\/loet-shop.de\/en\/wp-json\/wp\/v2\/media\/70275"}],"wp:attachment":[{"href":"https:\/\/loet-shop.de\/en\/wp-json\/wp\/v2\/media?parent=70067"}],"wp:term":[{"taxonomy":"product_cat","embeddable":true,"href":"https:\/\/loet-shop.de\/en\/wp-json\/wp\/v2\/product_cat?post=70067"},{"taxonomy":"product_tag","embeddable":true,"href":"https:\/\/loet-shop.de\/en\/wp-json\/wp\/v2\/product_tag?post=70067"}],"curies":[{"name":"wp","href":"https:\/\/api.w.org\/{rel}","templated":true}]}}