{"id":70028,"date":"2026-03-23T16:45:25","date_gmt":"2026-03-23T15:45:25","guid":{"rendered":""},"modified":"2026-04-09T09:02:09","modified_gmt":"2026-04-09T07:02:09","slug":"ersa-i-con-1v-mk2-esd-profi-loetstation-mit-i-tool-mk2-150w-auto-standby-kompatibel-mit-vielen-weiteren-loetwerkzeugen","status":"publish","type":"product","link":"https:\/\/loet-shop.de\/en\/produkt\/ersa-i-con-1v-mk2-esd-profi-loetstation-mit-i-tool-mk2-150w-auto-standby-kompatibel-mit-vielen-weiteren-loetwerkzeugen\/","title":{"rendered":"ERSA i-CON 1V MK2 ESD Profi-L\u00f6tstation mit i-TOOL MK2 150W, Auto-Standby, kompatibel mit vielen weiteren L\u00f6twerkzeugen"},"content":{"rendered":"<p>Die ERSA i-CON 1 MK2 L\u00f6tstation bietet erstklassige L\u00f6sungen f\u00fcr intelligentes Handl\u00f6ten. Dank ihrer Kompatibilit\u00e4t mit zahlreichen L\u00f6twerkzeugen, der One-Touch-Bedienung, dem gro\u00dfen Display und dem Bewegungssensor im L\u00f6tkolben erf\u00fcllt sie h\u00f6chste Anforderungen an die immer enger werdenden Prozessfenster bei bleifreien L\u00f6tvorg\u00e4ngen.<\/p>\n<p>Lieferumfang:<\/p>\n<p>Elektronikstation 80W (0IC1135A)<br \/>\nL\u00f6tkolben i-TOOL MK2 150W (0105CDJ)<br \/>\nTip&#8217;N&#8217;Turn Dauerl\u00f6tspitze 1,6 mm mei\u00dfelf\u00f6rmig (0142CDLF16)<br \/>\nAblagest\u00e4nder (0A59)<\/p>\n<p>Der i-TOOL MK2 L\u00f6tkolben ist perfekt f\u00fcr Anwender, die auf Qualit\u00e4t und Effizienz Wert legen. Mit seinem 150W Mikro-Hochleistungsheizelement erm\u00f6glicht er schnelle und pr\u00e4zise L\u00f6tarbeiten, was die Produktivit\u00e4t erheblich steigert. Sein ergonomisches Design sorgt f\u00fcr eine leichte und handliche Handhabung, ideal f\u00fcr l\u00e4ngere Arbeitszeiten. Der integrierte Tip&#8217;N&#8217;Turn Bajonett-Verschluss erlaubt einen extrem schnellen Spitzenwechsel und verbessert die Leistung um 20-25% im Vergleich zu herk\u00f6mmlichen L\u00f6tkolben.<\/p>\n<p>Highlights:<\/p>\n<p>L\u00f6tkolben i-Tool: 150W Mikro-Hochleistungsheizelement<br \/>\nBedienung: Einfache One-Touch-Bedienung<br \/>\nESD-Schutz: Antistatische Ausf\u00fchrung<br \/>\nDisplay: Gro\u00dfes Multifunktionsdisplay<br \/>\nBewegungssensor: W\u00e4hlbare Zeit f\u00fcr Stand-by und Ruhezustand<br \/>\nLeistungsaufnahme im Standby: 15W<br \/>\nSpitzenwechsel: Tip&#8217;N&#8217;Turn Bajonett-Verschluss<br \/>\nZertifikate: VDE gepr\u00fcft, CE-zertifiziert<\/p>\n<p>Optional anschlie\u00dfbare L\u00f6twerkzeuge:<\/p>\n<p>i-Tool (0105CDJ) standardm\u00e4\u00dfig im Lieferumfang<br \/>\nChip-Tool Classic (0450MDJ)<br \/>\nChip-Tool Vario (0460MDJ)<br \/>\nX-Tool Classic (0720EDJ) nur mit Vakuumeinheit 0CU100<br \/>\nX-Tool Vario (0740EDJ) nur mit Vakuumeinheit 0CU100<br \/>\nMicro-Tool (0270BDJ)<br \/>\nTech-Tool (0640ADJ)<br \/>\nPower-Tool (0840CDJ)<\/p>\n<p>Die ERSA i-CON1 MK2 ist die ideale L\u00f6tstation f\u00fcr professionelle Anwender, die h\u00f6chste Pr\u00e4zision und Effizienz verlangen.<\/p>\n","protected":false},"excerpt":{"rendered":"<p>Die ERSA i-CON 1 MK2 L\u00f6tstation bietet erstklassige L\u00f6sungen f\u00fcr intelligentes Handl\u00f6ten. Dank ihrer Kompatibilit\u00e4t mit zahlreichen L\u00f6twerkzeugen, der One-Touch-Bedienung, dem gro\u00dfen Display und dem Bewegungssensor im L\u00f6tkolben erf\u00fcllt sie h\u00f6chste Anforderungen an die immer enger werdenden Prozessfenster bei bleifreien L\u00f6tvorg\u00e4ngen. Lieferumfang: Elektronikstation 80W (0IC1135A) L\u00f6tkolben i-TOOL MK2 150W (0105CDJ) Tip&#8217;N&#8217;Turn Dauerl\u00f6tspitze 1,6 mm mei\u00dfelf\u00f6rmig [&hellip;]<\/p>\n","protected":false},"featured_media":70433,"template":"","meta":{"ep_exclude_from_search":false},"product_cat":[415],"product_tag":[],"class_list":{"0":"post-70028","1":"product","2":"type-product","3":"status-publish","4":"has-post-thumbnail","6":"product_cat-industrie-standard-60-150-watt","7":"product_shipping_class-paket","8":"pa_0ic1105x-eigenschaft-1-0ic1105v-multi-tool-faehig-ohne-schnittstelle","10":"first","11":"instock","12":"taxable","13":"shipping-taxable","14":"purchasable","15":"product-type-simple"},"_links":{"self":[{"href":"https:\/\/loet-shop.de\/en\/wp-json\/wp\/v2\/product\/70028"}],"collection":[{"href":"https:\/\/loet-shop.de\/en\/wp-json\/wp\/v2\/product"}],"about":[{"href":"https:\/\/loet-shop.de\/en\/wp-json\/wp\/v2\/types\/product"}],"wp:featuredmedia":[{"embeddable":true,"href":"https:\/\/loet-shop.de\/en\/wp-json\/wp\/v2\/media\/70433"}],"wp:attachment":[{"href":"https:\/\/loet-shop.de\/en\/wp-json\/wp\/v2\/media?parent=70028"}],"wp:term":[{"taxonomy":"product_cat","embeddable":true,"href":"https:\/\/loet-shop.de\/en\/wp-json\/wp\/v2\/product_cat?post=70028"},{"taxonomy":"product_tag","embeddable":true,"href":"https:\/\/loet-shop.de\/en\/wp-json\/wp\/v2\/product_tag?post=70028"}],"curies":[{"name":"wp","href":"https:\/\/api.w.org\/{rel}","templated":true}]}}