{"id":70027,"date":"2026-04-02T16:43:57","date_gmt":"2026-04-02T14:43:57","guid":{"rendered":""},"modified":"2026-04-09T09:02:09","modified_gmt":"2026-04-09T07:02:09","slug":"ersa-i-con-1c-mk2-esd-profi-loetstation-mit-i-tool-mk2-150w-auto-standby-und-schnittstelle","status":"publish","type":"product","link":"https:\/\/loet-shop.de\/en\/produkt\/ersa-i-con-1c-mk2-esd-profi-loetstation-mit-i-tool-mk2-150w-auto-standby-und-schnittstelle\/","title":{"rendered":"ERSA i-CON 1C MK2 ESD Profi-L\u00f6tstation mit i-TOOL MK2 150W, Auto-Standby und Schnittstelle"},"content":{"rendered":"<p>Die ERSA L\u00f6tstation i-CON 1 MK2 mit serieller Schnittstelle bietet fortschrittliche L\u00f6sungen f\u00fcr intelligentes Handl\u00f6ten. Dank One-Touch-Bedienung, gro\u00dfem Display und Bewegungssensor im L\u00f6tkolben erf\u00fcllt sie h\u00f6chste Anforderungen, insbesondere bei bleifreien L\u00f6tprozessen mit immer kleiner werdenden Prozessfenstern.<\/p>\n<p>Lieferumfang:<\/p>\n<p>Elektronikstation 80W (0IC1135A)<br \/>\nL\u00f6tkolben i-TOOL MK2 150W (0105CDJ)<br \/>\nTip&#8217;N&#8217;Turn Dauerl\u00f6tspitze 1,6 mm mei\u00dfelf\u00f6rmig (0142CDLF16)<br \/>\nAblagest\u00e4nder (0A59)<br \/>\nDer L\u00f6tkolben i-TOOL MK2 ist ideal f\u00fcr Anwender, die Wert auf Qualit\u00e4t und Effizienz legen. Mit seinem 150W Mikro-Hochleistungsheizelement erm\u00f6glicht er schnelle und pr\u00e4zise L\u00f6tarbeiten, was die Produktivit\u00e4t erheblich steigert.<\/p>\n<p>Die serielle Schnittstelle erlaubt den Anschluss der L\u00f6trauchabsaugung ERSA EASY ARM und der Heizplatte 0IRHP100A, was die Funktionalit\u00e4t erweitert und die Arbeitsbedingungen verbessert.<\/p>\n<p>Das ergonomische Design des i-TOOL MK2 sorgt f\u00fcr leichte Handhabung \u2013 perfekt f\u00fcr l\u00e4ngere Arbeitszeiten. Der Tip&#8217;N&#8217;Turn Bajonett-Verschluss erm\u00f6glicht einen schnellen Spitzenwechsel und verbessert die Leistung um 20-25% im Vergleich zu herk\u00f6mmlichen L\u00f6tkolben.<\/p>\n<p>Die i-CON 1 MK2 L\u00f6tstation bietet zudem ein gro\u00dfes Multifunktionsdisplay und eine intuitive One-Touch-Bedienung. Der automatische Stand-by-Sensor reduziert den Energieverbrauch im Standby-Modus auf etwa 15W, was umweltfreundlich und kostensparend ist.<\/p>\n<p>Highlights:<\/p>\n<p>L\u00f6tkolben i-Tool: 150W Mikro-Hochleistungsheizelement<br \/>\nBedienung: intuitive One-Touch-Bedienung<br \/>\nESD-Schutz: antistatische Ausf\u00fchrung<br \/>\nDisplay: gro\u00dfes Multifunktionsdisplay<br \/>\nBewegungssensor: w\u00e4hlbare Zeit f\u00fcr Stand-by und Ruhezustand<br \/>\nLeistungsaufnahme im Standby: 15W<br \/>\nSpitzenwechsel: Tip&#8217;N&#8217;Turn Bajonett-Verschluss<br \/>\nVDE gepr\u00fcft, CE-zertifiziert<\/p>\n<p>Die i-CON 1 MK2 ist die ideale L\u00f6tstation f\u00fcr professionelle Anwender, die h\u00f6chste Pr\u00e4zision und Effizienz verlangen.<\/p>\n","protected":false},"excerpt":{"rendered":"<p>Die ERSA L\u00f6tstation i-CON 1 MK2 mit serieller Schnittstelle bietet fortschrittliche L\u00f6sungen f\u00fcr intelligentes Handl\u00f6ten. Dank One-Touch-Bedienung, gro\u00dfem Display und Bewegungssensor im L\u00f6tkolben erf\u00fcllt sie h\u00f6chste Anforderungen, insbesondere bei bleifreien L\u00f6tprozessen mit immer kleiner werdenden Prozessfenstern. Lieferumfang: Elektronikstation 80W (0IC1135A) L\u00f6tkolben i-TOOL MK2 150W (0105CDJ) Tip&#8217;N&#8217;Turn Dauerl\u00f6tspitze 1,6 mm mei\u00dfelf\u00f6rmig (0142CDLF16) Ablagest\u00e4nder (0A59) Der L\u00f6tkolben [&hellip;]<\/p>\n","protected":false},"featured_media":70418,"template":"","meta":{"ep_exclude_from_search":false},"product_cat":[415],"product_tag":[],"class_list":{"0":"post-70027","1":"product","2":"type-product","3":"status-publish","4":"has-post-thumbnail","6":"product_cat-industrie-standard-60-150-watt","7":"product_shipping_class-paket","8":"pa_0ic1105x-eigenschaft-1-0ic1105a0c-loetkolben-gebunden-mit-schnittstelle","10":"first","11":"instock","12":"taxable","13":"shipping-taxable","14":"purchasable","15":"product-type-simple"},"_links":{"self":[{"href":"https:\/\/loet-shop.de\/en\/wp-json\/wp\/v2\/product\/70027"}],"collection":[{"href":"https:\/\/loet-shop.de\/en\/wp-json\/wp\/v2\/product"}],"about":[{"href":"https:\/\/loet-shop.de\/en\/wp-json\/wp\/v2\/types\/product"}],"wp:featuredmedia":[{"embeddable":true,"href":"https:\/\/loet-shop.de\/en\/wp-json\/wp\/v2\/media\/70418"}],"wp:attachment":[{"href":"https:\/\/loet-shop.de\/en\/wp-json\/wp\/v2\/media?parent=70027"}],"wp:term":[{"taxonomy":"product_cat","embeddable":true,"href":"https:\/\/loet-shop.de\/en\/wp-json\/wp\/v2\/product_cat?post=70027"},{"taxonomy":"product_tag","embeddable":true,"href":"https:\/\/loet-shop.de\/en\/wp-json\/wp\/v2\/product_tag?post=70027"}],"curies":[{"name":"wp","href":"https:\/\/api.w.org\/{rel}","templated":true}]}}