{"id":70026,"date":"2026-04-08T16:44:09","date_gmt":"2026-04-08T14:44:09","guid":{"rendered":""},"modified":"2026-04-09T09:02:09","modified_gmt":"2026-04-09T07:02:09","slug":"ersa-i-con-1-mk2-esd-profi-loetstation-mit-i-tool-mk2-150w-auto-standby","status":"publish","type":"product","link":"https:\/\/loet-shop.de\/en\/produkt\/ersa-i-con-1-mk2-esd-profi-loetstation-mit-i-tool-mk2-150w-auto-standby\/","title":{"rendered":"ERSA i-CON 1 MK2 ESD Profi-L\u00f6tstation mit i-TOOL MK2 150W, Auto-Standby"},"content":{"rendered":"<p>Die ERSA L\u00f6tstation i-CON 1 MK2 ist eine erstklassige L\u00f6sung f\u00fcr intelligentes Handl\u00f6ten und erf\u00fcllt h\u00f6chste Anforderungen durch ihre One-Touch-Bedienung, das gro\u00dfe Display und den Bewegungssensor im L\u00f6tkolben \u2013 perfekt f\u00fcr die immer enger werdenden Prozessfenster bei bleifreien L\u00f6tvorg\u00e4ngen.<\/p>\n<p>Lieferumfang:<br \/>\nElektronikstation 80W (0IC1135A)<br \/>\nL\u00f6tkolben i-TOOL MK2 150W (0105CDJ)<br \/>\nTip\u2019n\u2019Turn Dauerl\u00f6tspitze 1,6 mm mei\u00dfelf\u00f6rmig (0142CDLF16)<br \/>\nAblagest\u00e4nder (0A59)<\/p>\n<p>Der i-TOOL MK2 L\u00f6tkolben ist ideal f\u00fcr alle, die auf Qualit\u00e4t und Effizienz Wert legen. Sein 150W Mikro-Hochleistungsheizelement erm\u00f6glicht schnelle und pr\u00e4zise L\u00f6tarbeiten und steigert damit die Produktivit\u00e4t erheblich. Dank des ergonomischen Designs ist der L\u00f6tkolben leicht und handlich, perfekt f\u00fcr lange Arbeitszeiten. Der Tip&#8217;N&#8217;Turn Bajonett-Verschluss sorgt f\u00fcr schnellen Spitzenwechsel und verbessert die Leistung um 20-25% gegen\u00fcber herk\u00f6mmlichen L\u00f6tkolben.<\/p>\n<p>Die i-CON 1 MK2 L\u00f6tstation besticht durch ein gro\u00dfes Multifunktionsdisplay und die intuitive &#8220;One Touch&#8221;-Bedienung. Der automatische Stand-by-Sensor reduziert den Energieverbrauch im Standby-Modus auf etwa 15W, was sowohl umweltfreundlich als auch kostensparend ist.<\/p>\n<p>Highlights:<br \/>\nL\u00f6tkolben i-Tool: 150W Mikro-Hochleistungsheizelement<br \/>\nBedienung: Einfache &#8220;One Touch&#8221;-Bedienung<br \/>\nESD-Schutz: Antistatische Ausf\u00fchrung<br \/>\nDisplay: Gro\u00dfes Multifunktionsdisplay<br \/>\nLeistungsstufen: Drei Energieleistungsstufen<br \/>\nBewegungssensor: Einstellbare Zeiten f\u00fcr Stand-by und Ruhezustand<br \/>\nLeistungsaufnahme im Standby: Nur 15W<br \/>\nSpitzenwechsel: Schneller Tip&#8217;N&#8217;Turn Bajonett-Verschluss<br \/>\nZertifizierungen: VDE gepr\u00fcft, CE<\/p>\n<p>Die ERSA i-CON 1 MK2 ist die ideale Wahl f\u00fcr alle, die eine leistungsstarke und benutzerfreundliche L\u00f6tstation ben\u00f6tigen. Bei weiteren Fragen stehen wir Ihnen gerne zur Verf\u00fcgung!<\/p>\n","protected":false},"excerpt":{"rendered":"<p>Die ERSA L\u00f6tstation i-CON 1 MK2 ist eine erstklassige L\u00f6sung f\u00fcr intelligentes Handl\u00f6ten und erf\u00fcllt h\u00f6chste Anforderungen durch ihre One-Touch-Bedienung, das gro\u00dfe Display und den Bewegungssensor im L\u00f6tkolben \u2013 perfekt f\u00fcr die immer enger werdenden Prozessfenster bei bleifreien L\u00f6tvorg\u00e4ngen. Lieferumfang: Elektronikstation 80W (0IC1135A) L\u00f6tkolben i-TOOL MK2 150W (0105CDJ) Tip\u2019n\u2019Turn Dauerl\u00f6tspitze 1,6 mm mei\u00dfelf\u00f6rmig (0142CDLF16) Ablagest\u00e4nder [&hellip;]<\/p>\n","protected":false},"featured_media":70410,"template":"","meta":{"ep_exclude_from_search":false},"product_cat":[415],"product_tag":[],"class_list":{"0":"post-70026","1":"product","2":"type-product","3":"status-publish","4":"has-post-thumbnail","6":"product_cat-industrie-standard-60-150-watt","7":"product_shipping_class-paket","8":"pa_0ic1105x-eigenschaft-1-0ic1105a-loetkolben-gebunden-ohne-schnittstelle","10":"first","11":"instock","12":"taxable","13":"shipping-taxable","14":"purchasable","15":"product-type-simple"},"_links":{"self":[{"href":"https:\/\/loet-shop.de\/en\/wp-json\/wp\/v2\/product\/70026"}],"collection":[{"href":"https:\/\/loet-shop.de\/en\/wp-json\/wp\/v2\/product"}],"about":[{"href":"https:\/\/loet-shop.de\/en\/wp-json\/wp\/v2\/types\/product"}],"wp:featuredmedia":[{"embeddable":true,"href":"https:\/\/loet-shop.de\/en\/wp-json\/wp\/v2\/media\/70410"}],"wp:attachment":[{"href":"https:\/\/loet-shop.de\/en\/wp-json\/wp\/v2\/media?parent=70026"}],"wp:term":[{"taxonomy":"product_cat","embeddable":true,"href":"https:\/\/loet-shop.de\/en\/wp-json\/wp\/v2\/product_cat?post=70026"},{"taxonomy":"product_tag","embeddable":true,"href":"https:\/\/loet-shop.de\/en\/wp-json\/wp\/v2\/product_tag?post=70026"}],"curies":[{"name":"wp","href":"https:\/\/api.w.org\/{rel}","templated":true}]}}