{"id":70024,"date":"2026-02-02T12:40:33","date_gmt":"2026-02-02T11:40:33","guid":{"rendered":"https:\/\/loet-shop.de\/produkt\/english-gallunoptimal-gasloet-set-fuer-butangas-8-modi-variantenkopf\/"},"modified":"2026-04-14T21:21:37","modified_gmt":"2026-04-14T19:21:37","slug":"70024","status":"publish","type":"product","link":"https:\/\/loet-shop.de\/en\/produkt\/70024\/","title":{"rendered":""},"content":{"rendered":"<p>Warum sollten Sie das GALLUNOPTIMAL Gasl\u00f6t-SET w\u00e4hlen?<BR><BR>&#8211; unabh\u00e4ngig und flexibel<BR>Kein st\u00f6rendes Anschluss-Kabel. Nutzen Sie unser praktisches kabelloses Gasl\u00f6t-SET, egal wo Sie sind.<BR><BR>&#8211; einfaches Starten<BR>Die innovative elektronische Z\u00fcndung macht das Starten Ihres L\u00f6tbrenners so einfach wie nie.<BR><BR>&#8211; pr\u00e4zise Flammensteuerung<BR>4 Stufen zur Einstellung der Flammengr\u00f6\u00dfe und Gew\u00e4hrleistung der optimalen Flamme f\u00fcr Ihr Anwendung.<BR><BR>&#8211; gro\u00dfer, auslaufsicherer Tank<BR>sparen Sie Zeit beim Arbeiten dank unseres gro\u00dfen, auslaufsicheren Tanks, der sich in nur 10 Sekunden vollst\u00e4ndig auff\u00fcllen l\u00e4sst und bis zu 30 Minuten h\u00e4lt.<BR><BR>&#8211; hohe Arbeitstemperatur<BR>Arbeiten Sie schnell und sicher dank der hohen Flammtemperatur von bis zu 1300\u00b0C und der maximalen L\u00f6tspitzentemperatur von bis zu 500\u00b0C. <BR><BR>&#8211; 10-teiliges Zubeh\u00f6rset<BR>Das Gasl\u00f6tset kann sowohl als mobiler L\u00f6tkolben, als offene Flamme oder Hei\u00dfluft z.B. in der Schmuckherstellung eingesetzt werden. Au\u00dferdem ist er verwendbar zum Schneiden, Verschwei\u00dfen oder Verformen von Wachs oder Kunststoffen.<BR><BR>Technische Daten:<BR><BR>L\u00f6tspitzentemperatur:   200\u00b0C &#8211; 500 \u00b0C<BR>Temperatur der Flamme:   max. 1300 \u00b0C<BR>Brenndauer mit einer Gasf\u00fcllung:   max.30 Minuten<BR>Gastank-F\u00fcllmenge:   17 ml \/ 2,8 g<BR>L\u00e4nge mit L\u00f6tspitze:   25 cm<BR>Gewicht SET:   0,5 kg<BR><BR>Das GALLUNOPTIMAL AGIL 100 Set ist in 2 Varianten verf\u00fcgbar.<BR><BR>Variante: Gasl\u00f6t-SET<BR>Lieferumfang: AGIL100 Gasl\u00f6tkolben, deutschsprachige Bedienungsanleitung, 5 unterschiedliche Brenn\/L\u00f6tspitzen, L\u00f6tspitzenreiniger, L\u00f6tdraht 10g, Schutzkappe mit Sicherungsb\u00fcgel, Transportbox<BR><BR>Variante: Gasl\u00f6t-SET + 200ml Gas<BR>Lieferumfang: INKLUSIVE 2mal Twist-Universal-Gas mit je 100ml + AGIL100 Gasl\u00f6tkolben, deutschsprachige Bedienungsanleitung, 5 unterschiedliche Brenn\/L\u00f6tspitzen, L\u00f6tspitzenreiniger, L\u00f6tdraht 10g, Schutzkappe mit Sicherungsb\u00fcgel, Transportbox<\/p>","protected":false},"excerpt":{"rendered":"<p>Warum sollten Sie das GALLUNOPTIMAL Gasl\u00f6t-SET w\u00e4hlen?&#8211; unabh\u00e4ngig und flexibelKein st\u00f6rendes Anschluss-Kabel. Nutzen Sie unser praktisches kabelloses Gasl\u00f6t-SET, egal wo Sie sind.&#8211; einfaches StartenDie innovative elektronische Z\u00fcndung macht das Starten Ihres L\u00f6tbrenners so einfach wie nie.&#8211; pr\u00e4zise Flammensteuerung4 Stufen zur Einstellung der Flammengr\u00f6\u00dfe und Gew\u00e4hrleistung der optimalen Flamme f\u00fcr Ihr Anwendung.&#8211; gro\u00dfer, auslaufsicherer Tanksparen Sie [&hellip;]<\/p>\n","protected":false},"featured_media":70401,"template":"","meta":{"ep_exclude_from_search":false},"product_cat":[400],"product_tag":[],"class_list":{"0":"post-70024","1":"product","2":"type-product","3":"status-publish","4":"has-post-thumbnail","6":"product_cat-leistungsklasse-ca-80-150-watt","7":"product_shipping_class-paket","9":"first","10":"instock","11":"taxable","12":"shipping-taxable","13":"purchasable","14":"product-type-simple"},"_links":{"self":[{"href":"https:\/\/loet-shop.de\/en\/wp-json\/wp\/v2\/product\/70024"}],"collection":[{"href":"https:\/\/loet-shop.de\/en\/wp-json\/wp\/v2\/product"}],"about":[{"href":"https:\/\/loet-shop.de\/en\/wp-json\/wp\/v2\/types\/product"}],"wp:featuredmedia":[{"embeddable":true,"href":"https:\/\/loet-shop.de\/en\/wp-json\/wp\/v2\/media\/70401"}],"wp:attachment":[{"href":"https:\/\/loet-shop.de\/en\/wp-json\/wp\/v2\/media?parent=70024"}],"wp:term":[{"taxonomy":"product_cat","embeddable":true,"href":"https:\/\/loet-shop.de\/en\/wp-json\/wp\/v2\/product_cat?post=70024"},{"taxonomy":"product_tag","embeddable":true,"href":"https:\/\/loet-shop.de\/en\/wp-json\/wp\/v2\/product_tag?post=70024"}],"curies":[{"name":"wp","href":"https:\/\/api.w.org\/{rel}","templated":true}]}}