{"id":69398,"date":"2026-03-14T08:40:32","date_gmt":"2026-03-14T07:40:32","guid":{"rendered":""},"modified":"2026-04-03T21:02:20","modified_gmt":"2026-04-03T19:02:20","slug":"i-solder-pot-32x10mm-10mm-tief-fuer-ersa-i-tool","status":"publish","type":"product","link":"https:\/\/loet-shop.de\/en\/produkt\/i-solder-pot-32x10mm-10mm-tief-fuer-ersa-i-tool\/","title":{"rendered":"i-Solder-Pot 32x10mm, 10mm tief f\u00fcr ERSA i-Tool"},"content":{"rendered":"<p>i-Solder-Pot Mini L\u00f6ttiegel f\u00fcr ERSA i-Tool, Innenma\u00df 32x10x10 mm<\/p>\n","protected":false},"excerpt":{"rendered":"<p>i-Solder-Pot Mini L\u00f6ttiegel f\u00fcr ERSA i-Tool, Innenma\u00df 32x10x10 mm<\/p>\n","protected":false},"featured_media":69422,"template":"","meta":{"ep_exclude_from_search":false},"product_cat":[327],"product_tag":[],"class_list":{"0":"post-69398","1":"product","2":"type-product","3":"status-publish","4":"has-post-thumbnail","6":"product_cat-102xd-serie-fuer-mini-tigel","7":"product_shipping_class-paket","9":"first","10":"onbackorder","11":"taxable","12":"shipping-taxable","13":"purchasable","14":"product-type-simple"},"_links":{"self":[{"href":"https:\/\/loet-shop.de\/en\/wp-json\/wp\/v2\/product\/69398"}],"collection":[{"href":"https:\/\/loet-shop.de\/en\/wp-json\/wp\/v2\/product"}],"about":[{"href":"https:\/\/loet-shop.de\/en\/wp-json\/wp\/v2\/types\/product"}],"wp:featuredmedia":[{"embeddable":true,"href":"https:\/\/loet-shop.de\/en\/wp-json\/wp\/v2\/media\/69422"}],"wp:attachment":[{"href":"https:\/\/loet-shop.de\/en\/wp-json\/wp\/v2\/media?parent=69398"}],"wp:term":[{"taxonomy":"product_cat","embeddable":true,"href":"https:\/\/loet-shop.de\/en\/wp-json\/wp\/v2\/product_cat?post=69398"},{"taxonomy":"product_tag","embeddable":true,"href":"https:\/\/loet-shop.de\/en\/wp-json\/wp\/v2\/product_tag?post=69398"}],"curies":[{"name":"wp","href":"https:\/\/api.w.org\/{rel}","templated":true}]}}