{"id":61153,"date":"2026-04-02T12:40:19","date_gmt":"2026-04-02T10:40:19","guid":{"rendered":""},"modified":"2026-04-03T21:28:22","modified_gmt":"2026-04-03T19:28:22","slug":"ersa-spitzen-set-der-gaengigstentypen-aus-102er-serie-mit-zusatz-befestigung-und-entloetlitze","status":"publish","type":"product","link":"https:\/\/loet-shop.de\/en\/produkt\/ersa-spitzen-set-der-gaengigstentypen-aus-102er-serie-mit-zusatz-befestigung-und-entloetlitze\/","title":{"rendered":"ERSA Spitzen-SET der g\u00e4ngigstenTypen aus 102er Serie, mit Zusatz-Befestigung und Entl\u00f6tlitze"},"content":{"rendered":"<p>ERSA Spitzen-SET der g\u00e4ngigstenTypen aus 102er Serie, mit Zusatz-Befestigung und Entl\u00f6tlitze enth\u00e4lt:<\/p>\n<p>&#8211; 1 St\u00fcck 0102PDLF04 (bleistift 0,4mm)<br \/>\n&#8211; 1 St\u00fcck 0102PDLF10 (bleistift 1,0mm)<br \/>\n&#8211; 1 St\u00fcck 0102CDLF24 (mei\u00dfel 2,4mm)<br \/>\n&#8211; 1 St\u00fcck 3IT1040-00 (Spitzenbefestigung schwarz)<br \/>\n&#8211; 1 St\u00fcck WICK1.5-1.5 (Entl\u00f6tlitze Breite 1,5mm)<\/p>\n","protected":false},"excerpt":{"rendered":"<p>ERSA Spitzen-SET der g\u00e4ngigstenTypen aus 102er Serie, mit Zusatz-Befestigung und Entl\u00f6tlitze enth\u00e4lt: &#8211; 1 St\u00fcck 0102PDLF04 (bleistift 0,4mm) &#8211; 1 St\u00fcck 0102PDLF10 (bleistift 1,0mm) &#8211; 1 St\u00fcck 0102CDLF24 (mei\u00dfel 2,4mm) &#8211; 1 St\u00fcck 3IT1040-00 (Spitzenbefestigung schwarz) &#8211; 1 St\u00fcck WICK1.5-1.5 (Entl\u00f6tlitze Breite 1,5mm)<\/p>\n","protected":false},"featured_media":61201,"template":"","meta":{"ep_exclude_from_search":false},"product_cat":[333],"product_tag":[],"class_list":{"0":"post-61153","1":"product","2":"type-product","3":"status-publish","4":"has-post-thumbnail","6":"product_cat-loetspitzen-entloetspitzen","7":"product_shipping_class-paket","9":"first","10":"instock","11":"taxable","12":"shipping-taxable","13":"purchasable","14":"product-type-simple"},"_links":{"self":[{"href":"https:\/\/loet-shop.de\/en\/wp-json\/wp\/v2\/product\/61153"}],"collection":[{"href":"https:\/\/loet-shop.de\/en\/wp-json\/wp\/v2\/product"}],"about":[{"href":"https:\/\/loet-shop.de\/en\/wp-json\/wp\/v2\/types\/product"}],"wp:featuredmedia":[{"embeddable":true,"href":"https:\/\/loet-shop.de\/en\/wp-json\/wp\/v2\/media\/61201"}],"wp:attachment":[{"href":"https:\/\/loet-shop.de\/en\/wp-json\/wp\/v2\/media?parent=61153"}],"wp:term":[{"taxonomy":"product_cat","embeddable":true,"href":"https:\/\/loet-shop.de\/en\/wp-json\/wp\/v2\/product_cat?post=61153"},{"taxonomy":"product_tag","embeddable":true,"href":"https:\/\/loet-shop.de\/en\/wp-json\/wp\/v2\/product_tag?post=61153"}],"curies":[{"name":"wp","href":"https:\/\/api.w.org\/{rel}","templated":true}]}}