{"id":27706,"date":"2026-04-07T08:43:00","date_gmt":"2026-04-07T06:43:00","guid":{"rendered":""},"modified":"2026-04-07T09:29:33","modified_gmt":"2026-04-07T07:29:33","slug":"quick-heissluftduese-15-mm-fuer-860da","status":"publish","type":"product","link":"https:\/\/loet-shop.de\/en\/produkt\/quick-heissluftduese-15-mm-fuer-860da\/","title":{"rendered":"QUICK Hei\u00dfluftd\u00fcse 1,5 mm f\u00fcr 860DA"},"content":{"rendered":"<p>QUICK Hei\u00dfluftd\u00fcse 1,5 mm f\u00fcr 860DA<\/p>\n","protected":false},"excerpt":{"rendered":"<p>QUICK Hei\u00dfluftd\u00fcse 1,5 mm f\u00fcr 860DA<\/p>\n","protected":false},"featured_media":54580,"template":"","meta":{"ep_exclude_from_search":false},"product_cat":[376],"product_tag":[],"class_list":{"0":"post-27706","1":"product","2":"type-product","3":"status-publish","4":"has-post-thumbnail","6":"product_cat-a10-serie-fuer-quick-860da","7":"product_shipping_class-postgrossbrief-2cm-500g","9":"first","10":"instock","11":"taxable","12":"shipping-taxable","13":"purchasable","14":"product-type-simple"},"_links":{"self":[{"href":"https:\/\/loet-shop.de\/en\/wp-json\/wp\/v2\/product\/27706"}],"collection":[{"href":"https:\/\/loet-shop.de\/en\/wp-json\/wp\/v2\/product"}],"about":[{"href":"https:\/\/loet-shop.de\/en\/wp-json\/wp\/v2\/types\/product"}],"wp:featuredmedia":[{"embeddable":true,"href":"https:\/\/loet-shop.de\/en\/wp-json\/wp\/v2\/media\/54580"}],"wp:attachment":[{"href":"https:\/\/loet-shop.de\/en\/wp-json\/wp\/v2\/media?parent=27706"}],"wp:term":[{"taxonomy":"product_cat","embeddable":true,"href":"https:\/\/loet-shop.de\/en\/wp-json\/wp\/v2\/product_cat?post=27706"},{"taxonomy":"product_tag","embeddable":true,"href":"https:\/\/loet-shop.de\/en\/wp-json\/wp\/v2\/product_tag?post=27706"}],"curies":[{"name":"wp","href":"https:\/\/api.w.org\/{rel}","templated":true}]}}