{"id":27392,"date":"2026-04-04T08:43:15","date_gmt":"2026-04-04T06:43:15","guid":{"rendered":""},"modified":"2026-04-06T21:29:22","modified_gmt":"2026-04-06T19:29:22","slug":"quick-dauerloetspitze-fuer-3205-ts2300-gerade-meisselfoermig-8mm-breit","status":"publish","type":"product","link":"https:\/\/loet-shop.de\/en\/produkt\/quick-dauerloetspitze-fuer-3205-ts2300-gerade-meisselfoermig-8mm-breit\/","title":{"rendered":"QUICK Dauerl\u00f6tspitze f\u00fcr 3205\/TS2300, gerade, mei\u00dfelf\u00f6rmig, 8mm breit"},"content":{"rendered":"<p>Form: gerade, mei\u00dfelf\u00f6rmig<br \/>\nBreite: 8 mm<\/p>\n<p>Die original Quick Dauerl\u00f6tspitzen sind das ideale Zubeh\u00f6r zu Ihrer Quick 3205 ESD &#038; Quick TS2300 ESD L\u00f6tstationen.<br \/>\nSie werden in hochmodernen Fertigungsverfahren unter dem Anspruch an geringste Fertigungstoleranzen hergestellt.<br \/>\nDie Kombination aus Hochfrequenz-Heizelementen Ihrer L\u00f6tstation in Verbindung mit der innenbeheizten Bauform der L\u00f6tspitzen erreichen Sie pr\u00e4zise sowie gleichf\u00f6rmige L\u00f6ttemperaturen.<br \/>\nMit Hilfe der gro\u00dfen Auswahl an unterschiedlichen Formen finden Sie f\u00fcr jede Aufgabe die richtige L\u00f6tspitze.<\/p>\n","protected":false},"excerpt":{"rendered":"<p>Form: gerade, mei\u00dfelf\u00f6rmig Breite: 8 mm Die original Quick Dauerl\u00f6tspitzen sind das ideale Zubeh\u00f6r zu Ihrer Quick 3205 ESD &#038; Quick TS2300 ESD L\u00f6tstationen. Sie werden in hochmodernen Fertigungsverfahren unter dem Anspruch an geringste Fertigungstoleranzen hergestellt. Die Kombination aus Hochfrequenz-Heizelementen Ihrer L\u00f6tstation in Verbindung mit der innenbeheizten Bauform der L\u00f6tspitzen erreichen Sie pr\u00e4zise sowie gleichf\u00f6rmige [&hellip;]<\/p>\n","protected":false},"featured_media":54519,"template":"","meta":{"ep_exclude_from_search":false},"product_cat":[357],"product_tag":[],"class_list":{"0":"post-27392","1":"product","2":"type-product","3":"status-publish","4":"has-post-thumbnail","6":"product_cat-500-serie-fuer-quick-3205-ts2300","7":"product_shipping_class-postwarenpost-individuell","9":"first","10":"instock","11":"taxable","12":"shipping-taxable","13":"purchasable","14":"product-type-simple","15":"has-discount-price"},"_links":{"self":[{"href":"https:\/\/loet-shop.de\/en\/wp-json\/wp\/v2\/product\/27392"}],"collection":[{"href":"https:\/\/loet-shop.de\/en\/wp-json\/wp\/v2\/product"}],"about":[{"href":"https:\/\/loet-shop.de\/en\/wp-json\/wp\/v2\/types\/product"}],"wp:featuredmedia":[{"embeddable":true,"href":"https:\/\/loet-shop.de\/en\/wp-json\/wp\/v2\/media\/54519"}],"wp:attachment":[{"href":"https:\/\/loet-shop.de\/en\/wp-json\/wp\/v2\/media?parent=27392"}],"wp:term":[{"taxonomy":"product_cat","embeddable":true,"href":"https:\/\/loet-shop.de\/en\/wp-json\/wp\/v2\/product_cat?post=27392"},{"taxonomy":"product_tag","embeddable":true,"href":"https:\/\/loet-shop.de\/en\/wp-json\/wp\/v2\/product_tag?post=27392"}],"curies":[{"name":"wp","href":"https:\/\/api.w.org\/{rel}","templated":true}]}}