{"id":27324,"date":"2026-04-05T08:41:39","date_gmt":"2026-04-05T06:41:39","guid":{"rendered":""},"modified":"2026-04-06T21:26:01","modified_gmt":"2026-04-06T19:26:01","slug":"quick-dauerloetspitze-fuer-3202-376d-ts2200-gerade-nadelspitz-o-02mm","status":"publish","type":"product","link":"https:\/\/loet-shop.de\/en\/produkt\/quick-dauerloetspitze-fuer-3202-376d-ts2200-gerade-nadelspitz-o-02mm\/","title":{"rendered":"QUICK Dauerl\u00f6tspitze f\u00fcr 3202\/376D\/TS2200, gerade, nadelspitz, \u00d8 0,2mm"},"content":{"rendered":"<p>QUICK Dauerl\u00f6tspitze f\u00fcr L\u00f6tstationen des Typs QUICK 3202, 376D und TS2200<\/p>\n<p> gerade, nadelspitz, \u00d8 0,2 mm<\/p>\n<p>Die L\u00f6tspitzen der Serie 200 von Quick sind sowohl f\u00fcr das L\u00f6ten mit bleifreiem als auch bleihaltigem Lot geeigent und weisen eine hohe Spitzenstandzeit, also Lebensdauer auf.<\/p>\n<p>QUICK Dauerl\u00f6tspitzen werden in hochmodernen Fertigungsverfahren unter dem Anspruch an geringste Fertigungstoleranzen hergestellt.<br \/>\nIn Kombination aus keramischen Heizk\u00f6rper mit einem Temperatursensor und der innenbeheizten Bauform der L\u00f6tspitzen erreichen Sie eine sehr  pr\u00e4zise Regelung von L\u00f6ttemperaturen.<\/p>\n","protected":false},"excerpt":{"rendered":"<p>QUICK Dauerl\u00f6tspitze f\u00fcr L\u00f6tstationen des Typs QUICK 3202, 376D und TS2200 gerade, nadelspitz, \u00d8 0,2 mm Die L\u00f6tspitzen der Serie 200 von Quick sind sowohl f\u00fcr das L\u00f6ten mit bleifreiem als auch bleihaltigem Lot geeigent und weisen eine hohe Spitzenstandzeit, also Lebensdauer auf. QUICK Dauerl\u00f6tspitzen werden in hochmodernen Fertigungsverfahren unter dem Anspruch an geringste Fertigungstoleranzen [&hellip;]<\/p>\n","protected":false},"featured_media":52192,"template":"","meta":{"ep_exclude_from_search":false},"product_cat":[349],"product_tag":[],"class_list":{"0":"post-27324","1":"product","2":"type-product","3":"status-publish","4":"has-post-thumbnail","6":"product_cat-200-serie-fuer-quick-3202-ts2200","7":"product_shipping_class-postgrossbrief-2cm-500g","9":"first","10":"instock","11":"taxable","12":"shipping-taxable","13":"purchasable","14":"product-type-simple","15":"has-discount-price"},"_links":{"self":[{"href":"https:\/\/loet-shop.de\/en\/wp-json\/wp\/v2\/product\/27324"}],"collection":[{"href":"https:\/\/loet-shop.de\/en\/wp-json\/wp\/v2\/product"}],"about":[{"href":"https:\/\/loet-shop.de\/en\/wp-json\/wp\/v2\/types\/product"}],"wp:featuredmedia":[{"embeddable":true,"href":"https:\/\/loet-shop.de\/en\/wp-json\/wp\/v2\/media\/52192"}],"wp:attachment":[{"href":"https:\/\/loet-shop.de\/en\/wp-json\/wp\/v2\/media?parent=27324"}],"wp:term":[{"taxonomy":"product_cat","embeddable":true,"href":"https:\/\/loet-shop.de\/en\/wp-json\/wp\/v2\/product_cat?post=27324"},{"taxonomy":"product_tag","embeddable":true,"href":"https:\/\/loet-shop.de\/en\/wp-json\/wp\/v2\/product_tag?post=27324"}],"curies":[{"name":"wp","href":"https:\/\/api.w.org\/{rel}","templated":true}]}}