{"id":27267,"date":"2026-03-28T08:44:00","date_gmt":"2026-03-28T07:44:00","guid":{"rendered":"https:\/\/loetlive.hw.ag\/produkt\/bernstein-lwl-praezisions-abisolierer-o-02-025-mm-glasfaser-o-0125-mm\/"},"modified":"2026-04-03T21:35:18","modified_gmt":"2026-04-03T19:35:18","slug":"bernstein-lwl-praezisions-abisolierer-o-02-025-mm-glasfaser-o-0125-mm","status":"publish","type":"product","link":"https:\/\/loet-shop.de\/en\/produkt\/bernstein-lwl-praezisions-abisolierer-o-02-025-mm-glasfaser-o-0125-mm\/","title":{"rendered":"Amber fiber optic precision stripper \u00d8 0.2-0.25 mm Fiber optic \u00d8 0.125 mm"},"content":{"rendered":"<p>Bernstein fiber optic precision stripper \u00d8 0.2-0.25 mm Glass fiber \u00d8 0.125 mm<\/p>","protected":false},"excerpt":{"rendered":"<p>Bernstein fiber optic precision stripper \u00d8 0.2-0.25 mm Glass fiber \u00d8 0.125 mm<\/p>\n","protected":false},"featured_media":55795,"template":"","meta":{"ep_exclude_from_search":false},"product_cat":[85],"product_tag":[],"class_list":{"0":"post-27267","1":"product","2":"type-product","3":"status-publish","4":"has-post-thumbnail","6":"product_cat-abisolierwerkzeuge","7":"product_shipping_class-paket","9":"first","10":"onbackorder","11":"taxable","12":"shipping-taxable","13":"purchasable","14":"product-type-simple"},"_links":{"self":[{"href":"https:\/\/loet-shop.de\/en\/wp-json\/wp\/v2\/product\/27267"}],"collection":[{"href":"https:\/\/loet-shop.de\/en\/wp-json\/wp\/v2\/product"}],"about":[{"href":"https:\/\/loet-shop.de\/en\/wp-json\/wp\/v2\/types\/product"}],"wp:featuredmedia":[{"embeddable":true,"href":"https:\/\/loet-shop.de\/en\/wp-json\/wp\/v2\/media\/55795"}],"wp:attachment":[{"href":"https:\/\/loet-shop.de\/en\/wp-json\/wp\/v2\/media?parent=27267"}],"wp:term":[{"taxonomy":"product_cat","embeddable":true,"href":"https:\/\/loet-shop.de\/en\/wp-json\/wp\/v2\/product_cat?post=27267"},{"taxonomy":"product_tag","embeddable":true,"href":"https:\/\/loet-shop.de\/en\/wp-json\/wp\/v2\/product_tag?post=27267"}],"curies":[{"name":"wp","href":"https:\/\/api.w.org\/{rel}","templated":true}]}}