{"id":26102,"date":"2026-04-04T08:50:07","date_gmt":"2026-04-04T06:50:07","guid":{"rendered":""},"modified":"2026-04-06T21:32:10","modified_gmt":"2026-04-06T19:32:10","slug":"quick-rapid-kartuschen-loetspitze-fuer-ts1200-gerade-meisselfoermig-24mm-breit","status":"publish","type":"product","link":"https:\/\/loet-shop.de\/en\/produkt\/quick-rapid-kartuschen-loetspitze-fuer-ts1200-gerade-meisselfoermig-24mm-breit\/","title":{"rendered":"QUICK Rapid-Kartuschen-L\u00f6tspitze f\u00fcr TS1200, gerade, mei\u00dfelf\u00f6rmig 2,4mm breit"},"content":{"rendered":"<p>QUICK Rapid-Kartuschen-L\u00f6tspitze f\u00fcr Quick TS1200 L\u00f6tstation<\/p>\n<p>Form: gerade, meisself\u00f6rmig, 2,4mm breit<\/p>\n<p>Die Rapid-Kartuschen-L\u00f6tspitzen von Quick vereinen die klassische Dauerl\u00f6tspitze mit einem Heizk\u00f6per. Ein in der Spitze integrierter Temperatursensor erfasst pr\u00e4zise und schneller als gew\u00f6hnlich die nach zu regelnde Energie.<br \/>\nDurch den direkten Verbund von L\u00f6tspitze und Heizk\u00f6rper wird ein sehr hohes Ma\u00df an Effizienz und Temperaturstabilit\u00e4t erreicht.<br \/>\nDieses schont die L\u00f6tspitzen und sorgt f\u00fcr h\u00f6here Standzeiten.<\/p>\n","protected":false},"excerpt":{"rendered":"<p>QUICK Rapid-Kartuschen-L\u00f6tspitze f\u00fcr Quick TS1200 L\u00f6tstation Form: gerade, meisself\u00f6rmig, 2,4mm breit Die Rapid-Kartuschen-L\u00f6tspitzen von Quick vereinen die klassische Dauerl\u00f6tspitze mit einem Heizk\u00f6per. Ein in der Spitze integrierter Temperatursensor erfasst pr\u00e4zise und schneller als gew\u00f6hnlich die nach zu regelnde Energie. Durch den direkten Verbund von L\u00f6tspitze und Heizk\u00f6rper wird ein sehr hohes Ma\u00df an Effizienz und [&hellip;]<\/p>\n","protected":false},"featured_media":58627,"template":"","meta":{"ep_exclude_from_search":false},"product_cat":[366],"product_tag":[],"class_list":{"0":"post-26102","1":"product","2":"type-product","3":"status-publish","4":"has-post-thumbnail","6":"product_cat-tss02-serie-fuer-quick-ts1200","7":"product_shipping_class-postwarenpost-individuell","9":"first","10":"instock","11":"taxable","12":"shipping-taxable","13":"purchasable","14":"product-type-simple"},"_links":{"self":[{"href":"https:\/\/loet-shop.de\/en\/wp-json\/wp\/v2\/product\/26102"}],"collection":[{"href":"https:\/\/loet-shop.de\/en\/wp-json\/wp\/v2\/product"}],"about":[{"href":"https:\/\/loet-shop.de\/en\/wp-json\/wp\/v2\/types\/product"}],"wp:featuredmedia":[{"embeddable":true,"href":"https:\/\/loet-shop.de\/en\/wp-json\/wp\/v2\/media\/58627"}],"wp:attachment":[{"href":"https:\/\/loet-shop.de\/en\/wp-json\/wp\/v2\/media?parent=26102"}],"wp:term":[{"taxonomy":"product_cat","embeddable":true,"href":"https:\/\/loet-shop.de\/en\/wp-json\/wp\/v2\/product_cat?post=26102"},{"taxonomy":"product_tag","embeddable":true,"href":"https:\/\/loet-shop.de\/en\/wp-json\/wp\/v2\/product_tag?post=26102"}],"curies":[{"name":"wp","href":"https:\/\/api.w.org\/{rel}","templated":true}]}}