{"id":2225,"date":"2026-03-25T12:41:39","date_gmt":"2026-03-25T11:41:39","guid":{"rendered":""},"modified":"2026-04-08T21:25:36","modified_gmt":"2026-04-08T19:25:36","slug":"ersa-i-con-trace-iot-loetstation-mit-loetkolben-i-tool-trace-150w-vernetzbar-virtuell-steuerbar","status":"publish","type":"product","link":"https:\/\/loet-shop.de\/en\/produkt\/ersa-i-con-trace-iot-loetstation-mit-loetkolben-i-tool-trace-150w-vernetzbar-virtuell-steuerbar\/","title":{"rendered":"ERSA i-CON Trace IoT-L\u00f6tstation, mit L\u00f6tkolben i-Tool Trace 150W, vernetzbar, virtuell steuerbar"},"content":{"rendered":"<p><iframe loading=\"lazy\" width=\"100%\" height=\"315\" src=\"https:\/\/www.youtube-nocookie.com\/embed\/bnITO7-UjMg?rel=0&#038;autoplay=0\" frameborder=\"0\" allowfullscreen><\/iframe><\/p>\n<p>ERSA i-CON Trace IoT-L\u00f6tstation, 150W, vernetzbar, virtuell steuerbar<\/p>\n<p>&#8211; ESD-f\u00e4hig<br \/>\n&#8211; Temperaturbereich: 50 &#8211; 450\u00b0C<br \/>\n&#8211; vorbest\u00fcckte L\u00f6tspitze mei\u00dfelf\u00f6rmig 1,6 mm<br \/>\n&#8211; Bluetooth 4.0 low energy.<br \/>\n&#8211; WLAN 2,4 GHz<br \/>\n&#8211; Ethernet-f\u00e4hig durch optionale LAN-Karte<\/p>\n<p>Lieferumfang:<br \/>\nBasisstation i-CON Trace 0ICT103A<br \/>\nL\u00f6tkolbenablagest\u00e4nder 0A58<br \/>\n150W L\u00f6tkolben 0140CDJ, inkl. L\u00f6tspitze 0142CDLF16<\/p>\n<p>Die Ersa IoT L\u00f6tstation i-CON TRACE ist vor allem f\u00fcr den Einsatz in einem digital vernetzten Umfeld vorgesehen \u2013 wesentliche Einstellungen erfolgen \u00fcber Eingabeger\u00e4te, die bereits in das Firmennetzwerk integriert sind (PC, Tablet, Smartphone) oder \u00fcber ein MES. Dies erm\u00f6glicht dem Anwender den gleichzeitigen Zugriff auf alle L\u00f6tstationen im Netzwerk und macht die Bedienung \u00e4u\u00dferst komfortabel. Au\u00dferdem kann so eine detaillierte Prozesskontrolle im Handl\u00f6ten gew\u00e4hrleistet werden.<\/p>\n<p>Weitere Highlights:<br \/>\n&#8211; L\u00fcckenlose R\u00fcckverfolgung und Dokumentation des Handl\u00f6tprozesses<br \/>\n&#8211; Hohe Prozesssicherheit mittels Voreinstellung aller Parameter und Prozessdatendokumentation<br \/>\n&#8211; Gesteigerte Produktivit\u00e4t und L\u00f6tqualit\u00e4t durch Tip\u00b4n\u00b4Turn L\u00f6tspitzenwechsel<br \/>\n&#8211; H\u00f6chste Pr\u00e4zision und exzellente Zuverl\u00e4ssigkeit<br \/>\n&#8211; Erhebliche Kosteneinsparung durch separat wechselbare L\u00f6tspitzen<\/p>\n<p>Als erste IoT L\u00f6tstation von Ersa revolutioniert die i-CON TRACE den Markt der industriellen L\u00f6tstationen. Die i-CON TRACE ist die erste L\u00f6tstation, die bereits im Auslieferungszustand eine l\u00fcckenlose Prozesskontrolle beim Handl\u00f6ten erm\u00f6glicht.<br \/>\nDie L\u00f6tstation ist vor allem f\u00fcr den Einsatz in einem digital vernetzten Umfeld vorgesehen \u2013 wesentliche Einstellungen erfolgen \u00fcber Eingabeger\u00e4te im Netzwerk, wie z.B. PCs, Tablets oder Smartphones. Nat\u00fcrlich kann auch ein MES (Manufacturing Execution System) f\u00fcr den Datenaustausch genutzt werden. Dies erm\u00f6glicht dem Anwender den gleichzeitigen Zugriff auf alle L\u00f6tstationen im Netzwerk und macht die Bedienung \u00e4u\u00dferst komfortabel.<\/p>\n<p>Mindestanforderungen der APP\/Software:<br \/>\n&#8211; iOS10,0<br \/>\n&#8211; Android 8.0<br \/>\n&#8211; Windows 10<br \/>\n&#8211; Windows Server 2016<\/p>\n","protected":false},"excerpt":{"rendered":"<p>ERSA i-CON Trace IoT-L\u00f6tstation, 150W, vernetzbar, virtuell steuerbar &#8211; ESD-f\u00e4hig &#8211; Temperaturbereich: 50 &#8211; 450\u00b0C &#8211; vorbest\u00fcckte L\u00f6tspitze mei\u00dfelf\u00f6rmig 1,6 mm &#8211; Bluetooth 4.0 low energy. &#8211; WLAN 2,4 GHz &#8211; Ethernet-f\u00e4hig durch optionale LAN-Karte Lieferumfang: Basisstation i-CON Trace 0ICT103A L\u00f6tkolbenablagest\u00e4nder 0A58 150W L\u00f6tkolben 0140CDJ, inkl. L\u00f6tspitze 0142CDLF16 Die Ersa IoT L\u00f6tstation i-CON TRACE ist [&hellip;]<\/p>\n","protected":false},"featured_media":51812,"template":"","meta":{"ep_exclude_from_search":false},"product_cat":[415],"product_tag":[],"class_list":{"0":"post-2225","1":"product","2":"type-product","3":"status-publish","4":"has-post-thumbnail","6":"product_cat-industrie-standard-60-150-watt","7":"product_shipping_class-paket","9":"first","10":"instock","11":"sale","12":"taxable","13":"shipping-taxable","14":"purchasable","15":"product-type-simple"},"_links":{"self":[{"href":"https:\/\/loet-shop.de\/en\/wp-json\/wp\/v2\/product\/2225"}],"collection":[{"href":"https:\/\/loet-shop.de\/en\/wp-json\/wp\/v2\/product"}],"about":[{"href":"https:\/\/loet-shop.de\/en\/wp-json\/wp\/v2\/types\/product"}],"wp:featuredmedia":[{"embeddable":true,"href":"https:\/\/loet-shop.de\/en\/wp-json\/wp\/v2\/media\/51812"}],"wp:attachment":[{"href":"https:\/\/loet-shop.de\/en\/wp-json\/wp\/v2\/media?parent=2225"}],"wp:term":[{"taxonomy":"product_cat","embeddable":true,"href":"https:\/\/loet-shop.de\/en\/wp-json\/wp\/v2\/product_cat?post=2225"},{"taxonomy":"product_tag","embeddable":true,"href":"https:\/\/loet-shop.de\/en\/wp-json\/wp\/v2\/product_tag?post=2225"}],"curies":[{"name":"wp","href":"https:\/\/api.w.org\/{rel}","templated":true}]}}