{"id":2000,"date":"2026-04-02T12:40:53","date_gmt":"2026-04-02T10:40:53","guid":{"rendered":""},"modified":"2026-04-08T21:25:29","modified_gmt":"2026-04-08T19:25:29","slug":"ersa-independent-130-gasloet-basic-set-130w","status":"publish","type":"product","link":"https:\/\/loet-shop.de\/en\/produkt\/ersa-independent-130-gasloet-basic-set-130w\/","title":{"rendered":"ERSA Independent 130 Gasl\u00f6t-Basic-Set 130W"},"content":{"rendered":"<p>ERSA Independent 130 Gas-L\u00f6tset &#8220;Basic&#8221; Set im Kunststoffetui inkl. 2 L\u00f6tspitzen 0G132KN und 0G132CN<\/p>\n<p>Der &#8220;gro\u00dfe&#8221; Gasl\u00f6ter von ERSA, der Independent 130, findet \u00fcberall dort seine Anwendung, wo anspruchsvolle L\u00f6taufgaben ohne Stromversorgung zu l\u00f6sen sind. Durch sein gro\u00dfes Leistungsspektrum von stufenlos einstellbaren 25 &#8211; 130 Watt (vergl. mit elektr. L\u00f6tkolben) und seine umfangreiche Palette an L\u00f6tspitzen, ergeben sich sehr breit gef\u00e4cherte Einsatzm\u00f6glichkeiten im Service-, Installations-, Wartungs- und Reparaturbereich. Die im Ger\u00e4t integrierte Piezo-Z\u00fcndung und der Betrieb mit handels\u00fcblichem Butan-Feuerzeuggas gew\u00e4hrleisten einfachste Handhabung und hohe Zuverl\u00e4ssigkeit. Die Betriebsdauer mit einer Gasf\u00fcllung betr\u00e4gt ca. 120 min., die maximale L\u00f6tspitzentemperatur liegt bei ca. 580\u00b0C.<br \/>\nWie sein kleiner Bruder, der Independent 75, ist auch der Independent 130 in den beiden Set-Varianten als Basic-Set beziehungsweise Profi-Set erh\u00e4ltlich.<br \/>\nIm Independent 130 &#8220;Basic Set&#8221; enthalten ist ein Gasl\u00f6tkolben mit montierter L\u00f6tspitze (0G132KN), 2,4 mm mei\u00dfelf\u00f6rmig, eine weitere L\u00f6tspitze 0G132CN 1,0 mm sowie ein Schwammbeh\u00e4lter mit Reinigungsschwamm(0006G).<\/p>\n<p>Alle Teile dieses Sets werden in einem pratischen Kunststoff-Etui geliefert<\/p>\n<p>Abmessungen(Gasl\u00f6tkolben): \u2205 3,5cm\/ L\u00e4nge 23cm<\/p>\n<p>Maximaler Inhalt des Gasdepots: ca. 10ml<\/p>\n","protected":false},"excerpt":{"rendered":"<p>ERSA Independent 130 Gas-L\u00f6tset &#8220;Basic&#8221; Set im Kunststoffetui inkl. 2 L\u00f6tspitzen 0G132KN und 0G132CN Der &#8220;gro\u00dfe&#8221; Gasl\u00f6ter von ERSA, der Independent 130, findet \u00fcberall dort seine Anwendung, wo anspruchsvolle L\u00f6taufgaben ohne Stromversorgung zu l\u00f6sen sind. Durch sein gro\u00dfes Leistungsspektrum von stufenlos einstellbaren 25 &#8211; 130 Watt (vergl. mit elektr. L\u00f6tkolben) und seine umfangreiche Palette an [&hellip;]<\/p>\n","protected":false},"featured_media":51620,"template":"","meta":{"ep_exclude_from_search":false},"product_cat":[400],"product_tag":[],"class_list":{"0":"post-2000","1":"product","2":"type-product","3":"status-publish","4":"has-post-thumbnail","6":"product_cat-leistungsklasse-ca-80-150-watt","7":"product_shipping_class-paket","9":"first","10":"instock","11":"taxable","12":"shipping-taxable","13":"purchasable","14":"product-type-simple"},"_links":{"self":[{"href":"https:\/\/loet-shop.de\/en\/wp-json\/wp\/v2\/product\/2000"}],"collection":[{"href":"https:\/\/loet-shop.de\/en\/wp-json\/wp\/v2\/product"}],"about":[{"href":"https:\/\/loet-shop.de\/en\/wp-json\/wp\/v2\/types\/product"}],"wp:featuredmedia":[{"embeddable":true,"href":"https:\/\/loet-shop.de\/en\/wp-json\/wp\/v2\/media\/51620"}],"wp:attachment":[{"href":"https:\/\/loet-shop.de\/en\/wp-json\/wp\/v2\/media?parent=2000"}],"wp:term":[{"taxonomy":"product_cat","embeddable":true,"href":"https:\/\/loet-shop.de\/en\/wp-json\/wp\/v2\/product_cat?post=2000"},{"taxonomy":"product_tag","embeddable":true,"href":"https:\/\/loet-shop.de\/en\/wp-json\/wp\/v2\/product_tag?post=2000"}],"curies":[{"name":"wp","href":"https:\/\/api.w.org\/{rel}","templated":true}]}}