{"id":17985,"date":"2026-04-06T08:43:59","date_gmt":"2026-04-06T06:43:59","guid":{"rendered":""},"modified":"2026-04-06T21:31:39","modified_gmt":"2026-04-06T19:31:39","slug":"quick-digitale-hochfrequenz-loetstation-150w-230v-kalibrierbar-3-speicher-auto-standby-100-550c-passwort-und-esd-schutz","status":"publish","type":"product","link":"https:\/\/loet-shop.de\/en\/produkt\/quick-digitale-hochfrequenz-loetstation-150w-230v-kalibrierbar-3-speicher-auto-standby-100-550c-passwort-und-esd-schutz\/","title":{"rendered":"QUICK digitale Hochfrequenz-L\u00f6tstation 150W, 230V, kalibrierbar, 3 Speicher, Auto-Standby, 100\u00b0-550\u00b0C, Passwort und ESD- Schutz"},"content":{"rendered":"<p>Professionelle und leistungsstarke L\u00f6tstation mit 150W f\u00fcr den industriellen Einsatz. Auch sehr gut f\u00fcr Tiffany-Arbeiten geeignet.<\/p>\n<p>QUICK steht f\u00fcr eine \u00e4u\u00dferst robuste, hochwertige Verarbeitung sowie dem flexiblen Einsatzbereich. Dazu geh\u00f6ren Eigenschaften wie die Verwendung von Hochfrequenz-Heizelementen, Messung der Temperatur in der L\u00f6tspitze f\u00fcr ein schnelles und effektives Heizregelverhalten, eine perfekte Standsicherheit von Station und Ablage auf dem Arbeitsplatz sowie eine \u00e4u\u00dferst flexible Zuleitung zum L\u00f6t-Tool.<\/p>\n<p>Diese verwendeten Komponenten erreichen eine hohe Lebensdauer und eine sehr gute Praxistauglichkeit.  <\/p>\n<p>Das Ger\u00e4t ist einfach einzurichten und in wenigen Minuten einsatzbereit. Der separate und frei positionierbare Ablagest\u00e4nder mit integriertem Feuchtschwamm erm\u00f6glicht die spitzenschonende Reinigung und Einrichtung des L\u00f6tplatzes ganz nach den Bed\u00fcrfnissen des Anwenders. Ersatzl\u00f6tspitzen k\u00f6nnen praktisch in der Halterung des rutschfesten Ablagest\u00e4nders aufbewahrt und abgelegt werden. Die bequeme Handhabung des L\u00f6tkolbens ist durch den ergonomischen Griff mit Griffpolster, integriertem Griffsensor und seiner \u00e4u\u00dferst flexiblen Zuleitung garantiert.<\/p>\n<p>Die L\u00f6ttemperatur l\u00e4sst sich einfach \u00fcber die Tasten in 1\u00b0C- Schritten im Temperaturbereich von 100\u00b0 bis 550\u00b0 C einstellen. Sie k\u00f6nnen jederzeit die Ist-Temperatur \u00fcber das gro\u00dfe, gut ablesbare Display im Blick behalten und sogar bis zu 3 Favoriten im Ger\u00e4t speichern. Die Temperaturgenauigkeit betr\u00e4gt +\/- 2\u00b0 C und ist kalibrierbar, z.B. nach einer Alterung des Heizelementes.<br \/>\nDie Station ist \u00fcber einen Passwortschutz vor ungewollten Ver\u00e4nderungen sicherbar.<\/p>\n<p>Dank eines beiliegenden Silikon-Pads als W\u00e4rmeschutz l\u00e4sst sich die L\u00f6tspitze unkompliziert sogar im hei\u00dfen Zustand wechseln. <\/p>\n<p>Zum Schutz der L\u00f6tspitze vor unn\u00f6tiger Oxidationen und Heizleistung schaltet die Station automatisch in einen Standby-Modus nach Unbenutzung. Diese Zeit ist ausw\u00e4hlbar zwischen 0-99 Minuten. Durch einen Sensor im Griff des L\u00f6tkolbens heizt die Station wieder automatisch in den Arbeitsmodus, wenn dieser in die Hand genommen wird.<\/p>\n<p>F\u00fcr den sicheren ESD- Schutz der L\u00f6tstation verbinden Sie es bitte fest mit Ihrem ESD sicheren Arbeitsplatz an der Buchse des Ger\u00e4tes. Das beiliegende Kabel mit einer Krokodilklemme ist lediglich eine tempor\u00e4re M\u00f6glichkeit hohe statische Aufladungen zu verhindern.<\/p>\n<p>Typ: digitale Hochfrequenz-L\u00f6tstation 230V, 50Hz<br \/>\nLeistung: 150 Watt Hochfrequenz-Heizung<br \/>\nL\u00f6tkolben 1,2m Anschlusskabel, silikonummantelt, sehr flexibel<br \/>\nHeizk\u00f6rper: gesteckt, wechselbar<br \/>\nAnzeige: digitale IST &#038; SOLL Temperatur, kalibrierbar<br \/>\nFesttemperaturtasten: 3 (voreingestellt auf 200\u00b0\/300\u00b0\/380\u00b0C)<br \/>\nPasswortschutz: ja<br \/>\nAufheizzeit: ca. 39s auf 350\u00b0C<br \/>\nTemperaturbereich: 100\u00b0-550\u00b0C<br \/>\nTemperaturtoleranz: +\/- 2\u00b0C<br \/>\nESD-Schutz: ja<br \/>\nL\u00f6tspitzenreinigung: Feuchtschwamm<br \/>\nErdungswiderstand: &lt; 2 Ohm<br \/>\nMasse-Potential: &lt; 2 mV<br \/>\nKonformit\u00e4t: CE, RoHS<br \/>\nAbmessungen: 96x160x135mm<br \/>\nGewicht: 1,38 kg, davon 285g Ablagest\u00e4nder<br \/>\nL\u00f6tspitzenserie: 500<\/p>\n<p>Lieferumfang:<br \/>\n&#8211; QUICK 3205 L\u00f6tstation<br \/>\n&#8211; L\u00f6tkolben mit montierter L\u00f6tspitze 500-5C angeschr\u00e4gt, \u00d8 5 mm<br \/>\n&#8211; Ablagest\u00e4nder mit integrierten Schwamm<br \/>\n&#8211; Silikonpad f\u00fcr einfachen L\u00f6tspitzenwechsel<br \/>\n&#8211; Kabel f\u00fcr den Potentialausgleich mit Krokodilklemme<br \/>\n&#8211; Bedienungsanleitung in deutscher Sprache<\/p>\n","protected":false},"excerpt":{"rendered":"<p>Professionelle und leistungsstarke L\u00f6tstation mit 150W f\u00fcr den industriellen Einsatz. Auch sehr gut f\u00fcr Tiffany-Arbeiten geeignet. QUICK steht f\u00fcr eine \u00e4u\u00dferst robuste, hochwertige Verarbeitung sowie dem flexiblen Einsatzbereich. Dazu geh\u00f6ren Eigenschaften wie die Verwendung von Hochfrequenz-Heizelementen, Messung der Temperatur in der L\u00f6tspitze f\u00fcr ein schnelles und effektives Heizregelverhalten, eine perfekte Standsicherheit von Station und Ablage [&hellip;]<\/p>\n","protected":false},"featured_media":60743,"template":"","meta":{"ep_exclude_from_search":false},"product_cat":[415],"product_tag":[],"class_list":{"0":"post-17985","1":"product","2":"type-product","3":"status-publish","4":"has-post-thumbnail","6":"product_cat-industrie-standard-60-150-watt","7":"product_shipping_class-paket","9":"first","10":"instock","11":"taxable","12":"shipping-taxable","13":"purchasable","14":"product-type-simple"},"_links":{"self":[{"href":"https:\/\/loet-shop.de\/en\/wp-json\/wp\/v2\/product\/17985"}],"collection":[{"href":"https:\/\/loet-shop.de\/en\/wp-json\/wp\/v2\/product"}],"about":[{"href":"https:\/\/loet-shop.de\/en\/wp-json\/wp\/v2\/types\/product"}],"wp:featuredmedia":[{"embeddable":true,"href":"https:\/\/loet-shop.de\/en\/wp-json\/wp\/v2\/media\/60743"}],"wp:attachment":[{"href":"https:\/\/loet-shop.de\/en\/wp-json\/wp\/v2\/media?parent=17985"}],"wp:term":[{"taxonomy":"product_cat","embeddable":true,"href":"https:\/\/loet-shop.de\/en\/wp-json\/wp\/v2\/product_cat?post=17985"},{"taxonomy":"product_tag","embeddable":true,"href":"https:\/\/loet-shop.de\/en\/wp-json\/wp\/v2\/product_tag?post=17985"}],"curies":[{"name":"wp","href":"https:\/\/api.w.org\/{rel}","templated":true}]}}