{"id":17934,"date":"2026-03-26T16:43:23","date_gmt":"2026-03-26T15:43:23","guid":{"rendered":""},"modified":"2026-04-06T21:32:03","modified_gmt":"2026-04-06T19:32:03","slug":"quick-industrie-loetstation-90-watt-230v-eu-version","status":"publish","type":"product","link":"https:\/\/loet-shop.de\/en\/produkt\/quick-industrie-loetstation-90-watt-230v-eu-version\/","title":{"rendered":"QUICK Industrie L\u00f6tstation 90 Watt, 230V, EU-Version"},"content":{"rendered":"<p>&#8211; geeignet f\u00fcr bleihaltiges und bleifreies L\u00f6ten<br \/>\n&#8211; sehr geringe Aufheiz-Zeit (ca. 19s auf 350\u00b0C).<br \/>\n&#8211; automatische Standby-Funktion von 5 s &#8211; 99 min. w\u00e4hlbar.<br \/>\n&#8211; programmierbare Abschaltfunktion.<br \/>\n&#8211; digitale IST und SOLL-Temperaturanzeige<br \/>\n&#8211; kalibrierbar<br \/>\n&#8211; Passwortschutz<br \/>\n&#8211; Menuf\u00fchrung in englisch, deutsch, tschechisch, serbisch, vietnamesisch, spanisch<br \/>\n&#8211; 3 vorprogrammierte Festtemperaturen (200\u00b0\/320\u00b0\/380\u00b0C)<br \/>\n&#8211; Temperatur kann in 1\u00b0C Schritten erh\u00f6ht\/verringert werden<br \/>\n&#8211; 2 Reinigungsm\u00f6glichkeiten, Trocken- und Viskoseschwamm<br \/>\n&#8211; Alarmfunktion f\u00fcr Temperaturfenster<br \/>\n&#8211; Sensor gesteuerte Echtzeit\u00fcberwachung der Temperatur an der L\u00f6tspitze &#038; somit ein sehr gutes Temperatur-Regel-Verhalten<br \/>\n&#8211; sehr einfaches und schnelles Wechseln der L\u00f6tspitze<br \/>\n&#8211; L\u00f6tkolben mit 1,2 m flexiblem Silikonanschlusskabel<br \/>\n&#8211; ESD-Schutz und ESD-Testfunktion<br \/>\nIst die  ESD Testfunktion aktiviert, pr\u00fcft die Station stetig ob eine Erdung der Station vorhanden ist. Sollte dies nicht der Fall sein wird ein Warnsymbol deutlich sichtbar im Display angezeigt<br \/>\n&#8211; vernetzbar, bis zu 63 Stationen k\u00f6nnen \u00fcber einen PC \u00fcberwacht und programmiert werden.<\/p>\n<p>Im Solderings Manager System f\u00fcr die Quick TS Serie k\u00f6nnen sie sich, sowohl aktuelle L\u00f6ttemperaturen in einer Real-time Abfrage anzeigen lassen sowie die L\u00f6ttemperaturen vergangener L\u00f6tvorg\u00e4nge.<br \/>\nEine \u00fcbersichtliche &#038; kompakte Darstellung aller aktuellen Betriebsparameter &#038; Temperaturen ist auch f\u00fcr mehre Stationen gleichzeitig m\u00f6glich.<br \/>\nVia Fernzugriff kann die L\u00f6tstation sowohl ein- &#038; ausgeschaltet oder in den Ruhezustand versetzt werden. Alle Funktionen &#038; Optionen die an der Station selbst verf\u00fcgbar sind lassen sich ebenfalls \u00fcber das Solderings Manager System zentral verwalten.<\/p>\n<p>&#8211; Anzeige: Farb-LCD-TFT<br \/>\n&#8211; Nennleistung: 90 Watt<br \/>\n&#8211; Passende L\u00f6tspitzenserie: 200<br \/>\n&#8211; Betriebs-Spannung: 230 Volt \/ 50 Hz<br \/>\n&#8211; Arbeits-Temperaturbereich: 200 &#8211; 420 \u00b0C<br \/>\n&#8211; Temperatur-Stabilit\u00e4t: +\/- 2\u00b0C<br \/>\n&#8211; Max. Umgebungstemperatur: 40 \u00b0C<br \/>\n&#8211; Erdungswiderstand: &lt;2 \u03a9<br \/>\n&#8211; Masse-Leck-Spannung: &lt;2 mV<br \/>\n&#8211; Abmessungen: B-H-T 137 x 114 x 168 mm<br \/>\n&#8211; Gewicht: 2,5 kg<br \/>\n&#8211; Konformit\u00e4t: RoHS, CE<\/p>\n","protected":false},"excerpt":{"rendered":"<p>&#8211; geeignet f\u00fcr bleihaltiges und bleifreies L\u00f6ten &#8211; sehr geringe Aufheiz-Zeit (ca. 19s auf 350\u00b0C). &#8211; automatische Standby-Funktion von 5 s &#8211; 99 min. w\u00e4hlbar. &#8211; programmierbare Abschaltfunktion. &#8211; digitale IST und SOLL-Temperaturanzeige &#8211; kalibrierbar &#8211; Passwortschutz &#8211; Menuf\u00fchrung in englisch, deutsch, tschechisch, serbisch, vietnamesisch, spanisch &#8211; 3 vorprogrammierte Festtemperaturen (200\u00b0\/320\u00b0\/380\u00b0C) &#8211; Temperatur kann in [&hellip;]<\/p>\n","protected":false},"featured_media":58442,"template":"","meta":{"ep_exclude_from_search":false},"product_cat":[415],"product_tag":[],"class_list":{"0":"post-17934","1":"product","2":"type-product","3":"status-publish","4":"has-post-thumbnail","6":"product_cat-industrie-standard-60-150-watt","7":"product_shipping_class-paket","9":"first","10":"instock","11":"taxable","12":"shipping-taxable","13":"purchasable","14":"product-type-simple"},"_links":{"self":[{"href":"https:\/\/loet-shop.de\/en\/wp-json\/wp\/v2\/product\/17934"}],"collection":[{"href":"https:\/\/loet-shop.de\/en\/wp-json\/wp\/v2\/product"}],"about":[{"href":"https:\/\/loet-shop.de\/en\/wp-json\/wp\/v2\/types\/product"}],"wp:featuredmedia":[{"embeddable":true,"href":"https:\/\/loet-shop.de\/en\/wp-json\/wp\/v2\/media\/58442"}],"wp:attachment":[{"href":"https:\/\/loet-shop.de\/en\/wp-json\/wp\/v2\/media?parent=17934"}],"wp:term":[{"taxonomy":"product_cat","embeddable":true,"href":"https:\/\/loet-shop.de\/en\/wp-json\/wp\/v2\/product_cat?post=17934"},{"taxonomy":"product_tag","embeddable":true,"href":"https:\/\/loet-shop.de\/en\/wp-json\/wp\/v2\/product_tag?post=17934"}],"curies":[{"name":"wp","href":"https:\/\/api.w.org\/{rel}","templated":true}]}}