{"id":17356,"date":"2026-05-17T08:43:58","date_gmt":"2026-05-17T06:43:58","guid":{"rendered":""},"modified":"2026-05-17T09:00:16","modified_gmt":"2026-05-17T07:00:16","slug":"quick-et9494f-a-4-achsen-loetroboter-mit-optionen-378fa-9018m-371ti-310c","status":"publish","type":"product","link":"https:\/\/loet-shop.de\/en\/produkt\/quick-et9494f-a-4-achsen-loetroboter-mit-optionen-378fa-9018m-371ti-310c\/","title":{"rendered":"QUICK ET9494F-A 4-Achsen L\u00f6troboter mit Optionen 378FA, 9018M, 371TI, 310C"},"content":{"rendered":"<p>Automatisches, pr\u00e4zises L\u00f6ten \u00fcber 4 Achsen mit einer sehr hohen Genauigkeit und Reproduzierbarkeit<\/p>\n<p>Der QUICK L\u00f6troboter ET9494F-A arbeitet mit einer leistungsstarken L\u00f6tstation. Dabei k\u00f6nnen Sie aus einer Vielzahl von L\u00f6tspitzen ausw\u00e4hlen oder die Spitze speziell passend f\u00fcr Ihre Anwendung bestellen.<\/p>\n<p>Die wichtigsten Fakten zum L\u00f6troboter:<br \/>\n-Exakte Bewegung in den Achsen X\/Y\/Z=400x400x100mm sowie Rotation \u00b1180\u00b0<br \/>\n-Achsengenauigkeit +\/-0,01mm<br \/>\nLotdrahtvorschubeinrichtung mit Alarm bei Stau oder Abriss. Au\u00dferdem wird der L\u00f6tdraht w\u00e4hrend des Vorschubs automatisch perforiert um Lotspritzer weitgehend zu minimieren.<br \/>\n-Leistungsstarke 200Watt L\u00f6tstation<br \/>\n-Gro\u00dfe L\u00f6tspitzenauswahl, Sonderspitzen sind auf Wunsch bestellbar.<br \/>\n-L\u00f6tspitzenreinigung ist ber\u00fchrungslos mit Druckluft oder rotierenden Messingb\u00fcrsten oder rotierenden Schwammb\u00fcrsten m\u00f6glich.<br \/>\n-\u00dcber das Eingabe-Pad kann praktisch an der Anwendung der Prozess angelernt und die Parameter programmiert werden.<br \/>\n-Notaustaster<\/p>\n<p>zus\u00e4tzliche Optionen sind w\u00e4hlbar:<\/p>\n<p>-QU9036 automatische L\u00f6tspitzenausmessung in X\/Y\/Z-Achse<br \/>\n-QU6102 L\u00f6trauchabsaugung \u00fcber zwei Absaugschl\u00e4uche, auch direkt an der L\u00f6tspitze<br \/>\n-QUcamera \u00fcber eine Prozesskamera &#038; Monitor kann der Prozess beobachtet werden.<br \/>\n-F\u00fcr das L\u00f6ten unter Stickstoff wird ein passender L\u00f6tkolben (QO9018BMT) und ein Stickstoffgenerator (QU9039) ben\u00f6tigt.<br \/>\n-QUsafetyL das optionale Sicherheitsgeh\u00e4use mit Innenbeleuchtung ist nach aussen transparent, ESD-sicher und hat einen integrierten LED-Vorhang. Dieser stoppt bei Eingriff in den Arbeitsbereich automatisch am Ende des aktuellen L\u00f6tpunktes sicher den Prozess.<\/p>\n","protected":false},"excerpt":{"rendered":"<p>Automatisches, pr\u00e4zises L\u00f6ten \u00fcber 4 Achsen mit einer sehr hohen Genauigkeit und Reproduzierbarkeit Der QUICK L\u00f6troboter ET9494F-A arbeitet mit einer leistungsstarken L\u00f6tstation. Dabei k\u00f6nnen Sie aus einer Vielzahl von L\u00f6tspitzen ausw\u00e4hlen oder die Spitze speziell passend f\u00fcr Ihre Anwendung bestellen. Die wichtigsten Fakten zum L\u00f6troboter: -Exakte Bewegung in den Achsen X\/Y\/Z=400x400x100mm sowie Rotation \u00b1180\u00b0 -Achsengenauigkeit [&hellip;]<\/p>\n","protected":false},"featured_media":58109,"template":"","meta":{"ep_exclude_from_search":false},"product_cat":[258],"product_tag":[],"class_list":{"0":"post-17356","1":"product","2":"type-product","3":"status-publish","4":"has-post-thumbnail","6":"product_cat-1-tisch-systeme-loetroboter","7":"product_shipping_class-paket","9":"first","10":"onbackorder","11":"taxable","12":"shipping-taxable","13":"purchasable","14":"product-type-simple"},"_links":{"self":[{"href":"https:\/\/loet-shop.de\/en\/wp-json\/wp\/v2\/product\/17356"}],"collection":[{"href":"https:\/\/loet-shop.de\/en\/wp-json\/wp\/v2\/product"}],"about":[{"href":"https:\/\/loet-shop.de\/en\/wp-json\/wp\/v2\/types\/product"}],"wp:featuredmedia":[{"embeddable":true,"href":"https:\/\/loet-shop.de\/en\/wp-json\/wp\/v2\/media\/58109"}],"wp:attachment":[{"href":"https:\/\/loet-shop.de\/en\/wp-json\/wp\/v2\/media?parent=17356"}],"wp:term":[{"taxonomy":"product_cat","embeddable":true,"href":"https:\/\/loet-shop.de\/en\/wp-json\/wp\/v2\/product_cat?post=17356"},{"taxonomy":"product_tag","embeddable":true,"href":"https:\/\/loet-shop.de\/en\/wp-json\/wp\/v2\/product_tag?post=17356"}],"curies":[{"name":"wp","href":"https:\/\/api.w.org\/{rel}","templated":true}]}}