{"id":17302,"date":"2026-03-20T16:44:40","date_gmt":"2026-03-20T15:44:40","guid":{"rendered":"https:\/\/loetlive.hw.ag\/produkt\/quick-gehaeuse-frontplatte-klein-loetstation-fuer-z-b-ts1200-2200-2300\/"},"modified":"2026-03-20T16:44:43","modified_gmt":"2026-03-20T15:44:43","slug":"quick-gehaeuse-frontplatte-klein-loetstation-fuer-z-b-ts1200-2200-2300","status":"publish","type":"product","link":"https:\/\/loet-shop.de\/en\/produkt\/quick-gehaeuse-frontplatte-klein-loetstation-fuer-z-b-ts1200-2200-2300\/","title":{"rendered":"(Deutsch) QUICK Geh\u00e4use-Frontplatte klein L\u00f6tstation, f\u00fcr z.B. TS1200\/2200\/2300"},"content":{"rendered":"<p class=\"qtranxs-available-languages-message qtranxs-available-languages-message-en\">Sorry, this entry is only available in <a href=\"https:\/\/loet-shop.de\/de\/wp-json\/wp\/v2\/product\/17302\" class=\"qtranxs-available-language-link qtranxs-available-language-link-de\" title=\"Deutsch\">Deutsch<\/a>.<\/p>","protected":false},"excerpt":{"rendered":"<p>Sorry, this entry is only available in Deutsch.<\/p>\n","protected":false},"featured_media":58204,"template":"","meta":{"ep_exclude_from_search":false},"product_cat":[58,59,60],"product_tag":[],"class_list":{"0":"post-17302","1":"product","2":"type-product","3":"status-publish","4":"has-post-thumbnail","6":"product_cat-quick-ts1200","7":"product_cat-quick-ts2200","8":"product_cat-quick-ts2300","9":"product_shipping_class-paket","11":"first","12":"instock","13":"taxable","14":"shipping-taxable","15":"product-type-simple"},"_links":{"self":[{"href":"https:\/\/loet-shop.de\/en\/wp-json\/wp\/v2\/product\/17302"}],"collection":[{"href":"https:\/\/loet-shop.de\/en\/wp-json\/wp\/v2\/product"}],"about":[{"href":"https:\/\/loet-shop.de\/en\/wp-json\/wp\/v2\/types\/product"}],"wp:featuredmedia":[{"embeddable":true,"href":"https:\/\/loet-shop.de\/en\/wp-json\/wp\/v2\/media\/58204"}],"wp:attachment":[{"href":"https:\/\/loet-shop.de\/en\/wp-json\/wp\/v2\/media?parent=17302"}],"wp:term":[{"taxonomy":"product_cat","embeddable":true,"href":"https:\/\/loet-shop.de\/en\/wp-json\/wp\/v2\/product_cat?post=17302"},{"taxonomy":"product_tag","embeddable":true,"href":"https:\/\/loet-shop.de\/en\/wp-json\/wp\/v2\/product_tag?post=17302"}],"curies":[{"name":"wp","href":"https:\/\/api.w.org\/{rel}","templated":true}]}}