{"id":17262,"date":"2026-02-17T20:43:37","date_gmt":"2026-02-17T19:43:37","guid":{"rendered":"https:\/\/loetlive.hw.ag\/produkt\/quick-gehaeuseoberteil-metall-loetstation-fuer-z-b-qu3202-qu3205\/"},"modified":"2026-02-17T20:43:39","modified_gmt":"2026-02-17T19:43:39","slug":"quick-gehaeuseoberteil-metall-loetstation-fuer-z-b-qu3202-qu3205","status":"publish","type":"product","link":"https:\/\/loet-shop.de\/en\/produkt\/quick-gehaeuseoberteil-metall-loetstation-fuer-z-b-qu3202-qu3205\/","title":{"rendered":"(Deutsch) QUICK Geh\u00e4useoberteil Metall L\u00f6tstation, f\u00fcr z.B. QU3202, QU3205"},"content":{"rendered":"<p class=\"qtranxs-available-languages-message qtranxs-available-languages-message-en\">Sorry, this entry is only available in <a href=\"https:\/\/loet-shop.de\/de\/wp-json\/wp\/v2\/product\/17262\" class=\"qtranxs-available-language-link qtranxs-available-language-link-de\" title=\"Deutsch\">Deutsch<\/a>.<\/p>","protected":false},"excerpt":{"rendered":"<p>Sorry, this entry is only available in Deutsch.<\/p>\n","protected":false},"featured_media":58211,"template":"","meta":{"ep_exclude_from_search":false},"product_cat":[55,56],"product_tag":[],"class_list":{"0":"post-17262","1":"product","2":"type-product","3":"status-publish","4":"has-post-thumbnail","6":"product_cat-quick-3202","7":"product_cat-quick-3205","8":"product_shipping_class-paket","10":"first","11":"instock","12":"taxable","13":"shipping-taxable","14":"product-type-simple"},"_links":{"self":[{"href":"https:\/\/loet-shop.de\/en\/wp-json\/wp\/v2\/product\/17262"}],"collection":[{"href":"https:\/\/loet-shop.de\/en\/wp-json\/wp\/v2\/product"}],"about":[{"href":"https:\/\/loet-shop.de\/en\/wp-json\/wp\/v2\/types\/product"}],"wp:featuredmedia":[{"embeddable":true,"href":"https:\/\/loet-shop.de\/en\/wp-json\/wp\/v2\/media\/58211"}],"wp:attachment":[{"href":"https:\/\/loet-shop.de\/en\/wp-json\/wp\/v2\/media?parent=17262"}],"wp:term":[{"taxonomy":"product_cat","embeddable":true,"href":"https:\/\/loet-shop.de\/en\/wp-json\/wp\/v2\/product_cat?post=17262"},{"taxonomy":"product_tag","embeddable":true,"href":"https:\/\/loet-shop.de\/en\/wp-json\/wp\/v2\/product_tag?post=17262"}],"curies":[{"name":"wp","href":"https:\/\/api.w.org\/{rel}","templated":true}]}}