{"id":1606,"date":"2026-05-14T08:40:46","date_gmt":"2026-05-14T06:40:46","guid":{"rendered":""},"modified":"2026-05-17T09:02:25","modified_gmt":"2026-05-17T07:02:25","slug":"ersa-gluehmesser-fuer-independent-75-gerade-vernickelt","status":"publish","type":"product","link":"https:\/\/loet-shop.de\/en\/produkt\/ersa-gluehmesser-fuer-independent-75-gerade-vernickelt\/","title":{"rendered":"ERSA Gl\u00fchmesser f\u00fcr  Independent 75, gerade, vernickelt"},"content":{"rendered":"<p>ERSA Gl\u00fchmesser <\/p>\n<p>Gl\u00fchmesser gerade, vernickelt, f\u00fcr das Gasl\u00f6tset Independent 75 (0G07400141 und 0G07400041)<\/p>\n","protected":false},"excerpt":{"rendered":"<p>ERSA Gl\u00fchmesser Gl\u00fchmesser gerade, vernickelt, f\u00fcr das Gasl\u00f6tset Independent 75 (0G07400141 und 0G07400041)<\/p>\n","protected":false},"featured_media":51551,"template":"","meta":{"ep_exclude_from_search":false},"product_cat":[386],"product_tag":[],"class_list":{"0":"post-1606","1":"product","2":"type-product","3":"status-publish","4":"has-post-thumbnail","6":"product_cat-g072-serie-fuer-ersa-independent-75","7":"product_shipping_class-postwarenpost-individuell","9":"first","10":"instock","11":"taxable","12":"shipping-taxable","13":"purchasable","14":"product-type-simple"},"_links":{"self":[{"href":"https:\/\/loet-shop.de\/en\/wp-json\/wp\/v2\/product\/1606"}],"collection":[{"href":"https:\/\/loet-shop.de\/en\/wp-json\/wp\/v2\/product"}],"about":[{"href":"https:\/\/loet-shop.de\/en\/wp-json\/wp\/v2\/types\/product"}],"wp:featuredmedia":[{"embeddable":true,"href":"https:\/\/loet-shop.de\/en\/wp-json\/wp\/v2\/media\/51551"}],"wp:attachment":[{"href":"https:\/\/loet-shop.de\/en\/wp-json\/wp\/v2\/media?parent=1606"}],"wp:term":[{"taxonomy":"product_cat","embeddable":true,"href":"https:\/\/loet-shop.de\/en\/wp-json\/wp\/v2\/product_cat?post=1606"},{"taxonomy":"product_tag","embeddable":true,"href":"https:\/\/loet-shop.de\/en\/wp-json\/wp\/v2\/product_tag?post=1606"}],"curies":[{"name":"wp","href":"https:\/\/api.w.org\/{rel}","templated":true}]}}