{"id":1595,"date":"2026-05-07T16:40:55","date_gmt":"2026-05-07T14:40:55","guid":{"rendered":""},"modified":"2026-05-17T09:02:24","modified_gmt":"2026-05-17T07:02:24","slug":"ersa-loetspitze-fuer-independent-75-gerade-vernickelt-meisselfoermig-10-mm","status":"publish","type":"product","link":"https:\/\/loet-shop.de\/en\/produkt\/ersa-loetspitze-fuer-independent-75-gerade-vernickelt-meisselfoermig-10-mm\/","title":{"rendered":"ERSA L\u00f6tspitze f\u00fcr Independent 75, gerade, vernickelt, mei\u00dfelf\u00f6rmig, 1,0 mm"},"content":{"rendered":"<p>ERSA L\u00f6tspitze<\/p>\n<p>L\u00f6tspitze, gerade, mei\u00dfelf\u00f6rmig, 1,0 mm breit, vernickelt, f\u00fcr das Gasl\u00f6tset INDEPENDENR 75. Mei\u00dfeldicke: 1,3mm<\/p>\n","protected":false},"excerpt":{"rendered":"<p>ERSA L\u00f6tspitze L\u00f6tspitze, gerade, mei\u00dfelf\u00f6rmig, 1,0 mm breit, vernickelt, f\u00fcr das Gasl\u00f6tset INDEPENDENR 75. Mei\u00dfeldicke: 1,3mm<\/p>\n","protected":false},"featured_media":51545,"template":"","meta":{"ep_exclude_from_search":false},"product_cat":[386],"product_tag":[],"class_list":{"0":"post-1595","1":"product","2":"type-product","3":"status-publish","4":"has-post-thumbnail","6":"product_cat-g072-serie-fuer-ersa-independent-75","7":"product_shipping_class-postwarenpost-individuell","9":"first","10":"instock","11":"taxable","12":"shipping-taxable","13":"purchasable","14":"product-type-simple"},"_links":{"self":[{"href":"https:\/\/loet-shop.de\/en\/wp-json\/wp\/v2\/product\/1595"}],"collection":[{"href":"https:\/\/loet-shop.de\/en\/wp-json\/wp\/v2\/product"}],"about":[{"href":"https:\/\/loet-shop.de\/en\/wp-json\/wp\/v2\/types\/product"}],"wp:featuredmedia":[{"embeddable":true,"href":"https:\/\/loet-shop.de\/en\/wp-json\/wp\/v2\/media\/51545"}],"wp:attachment":[{"href":"https:\/\/loet-shop.de\/en\/wp-json\/wp\/v2\/media?parent=1595"}],"wp:term":[{"taxonomy":"product_cat","embeddable":true,"href":"https:\/\/loet-shop.de\/en\/wp-json\/wp\/v2\/product_cat?post=1595"},{"taxonomy":"product_tag","embeddable":true,"href":"https:\/\/loet-shop.de\/en\/wp-json\/wp\/v2\/product_tag?post=1595"}],"curies":[{"name":"wp","href":"https:\/\/api.w.org\/{rel}","templated":true}]}}