{"id":1576,"date":"2026-04-06T12:40:42","date_gmt":"2026-04-06T10:40:42","guid":{"rendered":""},"modified":"2026-04-06T21:25:24","modified_gmt":"2026-04-06T19:25:24","slug":"ersa-ersadur-loetspitze-gerade-verlaengert-meisselfoermig-22-mm-4","status":"publish","type":"product","link":"https:\/\/loet-shop.de\/en\/produkt\/ersa-ersadur-loetspitze-gerade-verlaengert-meisselfoermig-22-mm-4\/","title":{"rendered":"ERSA ERSADUR L\u00f6tspitze gerade, verl\u00e4ngert, mei\u00dfelf\u00f6rmig, 2,2 mm"},"content":{"rendered":"<p>Dauerl\u00f6tspitze, gerade, verl\u00e4ngert, mei\u00dfelf\u00f6rmig, 2,2 mm breit, mit ERSADUR-LF Beschichtung (bleifrei l\u00f6ten) mit erh\u00f6hter Standzeit f\u00fcr erh\u00f6hten W\u00e4rmebedarf.<\/p>\n<p>Passend f\u00fcr die L\u00f6tstationen ANANLOG60, ANALOG60A, DIGITAL80, DIGITAL80A, DIGITAL2000A, RDS80, MICRO-CON60, TWIN80A, ELS8000\/M\/D, MS6000 sowie MS8000 und den L\u00f6tkolben Power-Tool, Ergo-Tool, Multi-Pro, Multi-TC, PTC 70 und Multi-Sprint.<\/p>\n<p>ERSADUR-L\u00f6tspitzen sind hochwertig produziert und f\u00fcr den Dauerbetrieb geschaffen. In einem speziellen Verfahren werden sie auf galvanischem Weg mit einer Eisenschicht plattiert und durch eine zus\u00e4tzliche Chromschicht vor Korrosion und Oxidation gesch\u00fctzt. Perfekter W\u00e4rmetransfer sch\u00fctzt den Heizk\u00f6rper des L\u00f6tkolbens vor \u00dcberhitzung und vorzeitigem Verschlei\u00df.<\/p>\n","protected":false},"excerpt":{"rendered":"<p>Dauerl\u00f6tspitze, gerade, verl\u00e4ngert, mei\u00dfelf\u00f6rmig, 2,2 mm breit, mit ERSADUR-LF Beschichtung (bleifrei l\u00f6ten) mit erh\u00f6hter Standzeit f\u00fcr erh\u00f6hten W\u00e4rmebedarf. Passend f\u00fcr die L\u00f6tstationen ANANLOG60, ANALOG60A, DIGITAL80, DIGITAL80A, DIGITAL2000A, RDS80, MICRO-CON60, TWIN80A, ELS8000\/M\/D, MS6000 sowie MS8000 und den L\u00f6tkolben Power-Tool, Ergo-Tool, Multi-Pro, Multi-TC, PTC 70 und Multi-Sprint. ERSADUR-L\u00f6tspitzen sind hochwertig produziert und f\u00fcr den Dauerbetrieb geschaffen. In [&hellip;]<\/p>\n","protected":false},"featured_media":51357,"template":"","meta":{"ep_exclude_from_search":false},"product_cat":[362],"product_tag":[],"class_list":{"0":"post-1576","1":"product","2":"type-product","3":"status-publish","4":"has-post-thumbnail","6":"product_cat-842-serie-fuer-power-ergo-basic-multi-tool","7":"product_shipping_class-postwarenpost-individuell","9":"first","10":"instock","11":"taxable","12":"shipping-taxable","13":"purchasable","14":"product-type-simple"},"_links":{"self":[{"href":"https:\/\/loet-shop.de\/en\/wp-json\/wp\/v2\/product\/1576"}],"collection":[{"href":"https:\/\/loet-shop.de\/en\/wp-json\/wp\/v2\/product"}],"about":[{"href":"https:\/\/loet-shop.de\/en\/wp-json\/wp\/v2\/types\/product"}],"wp:featuredmedia":[{"embeddable":true,"href":"https:\/\/loet-shop.de\/en\/wp-json\/wp\/v2\/media\/51357"}],"wp:attachment":[{"href":"https:\/\/loet-shop.de\/en\/wp-json\/wp\/v2\/media?parent=1576"}],"wp:term":[{"taxonomy":"product_cat","embeddable":true,"href":"https:\/\/loet-shop.de\/en\/wp-json\/wp\/v2\/product_cat?post=1576"},{"taxonomy":"product_tag","embeddable":true,"href":"https:\/\/loet-shop.de\/en\/wp-json\/wp\/v2\/product_tag?post=1576"}],"curies":[{"name":"wp","href":"https:\/\/api.w.org\/{rel}","templated":true}]}}