{"id":1513,"date":"2026-03-21T08:41:41","date_gmt":"2026-03-21T07:41:41","guid":{"rendered":""},"modified":"2026-04-04T13:01:41","modified_gmt":"2026-04-04T11:01:41","slug":"ersa-ersadur-loetspitze-gerade-meisselfoermig-24-mm","status":"publish","type":"product","link":"https:\/\/loet-shop.de\/en\/produkt\/ersa-ersadur-loetspitze-gerade-meisselfoermig-24-mm\/","title":{"rendered":"ERSA ERSADUR L\u00f6tspitze gerade, mei\u00dfelf\u00f6rmig, 2,4 mm"},"content":{"rendered":"<p>Dauerl\u00f6tspitze, gerade, mei\u00dfelf\u00f6rmig, 2,4 mm breit, mit ERSADUR-LF- Beschichtung (bleifrei l\u00f6ten) mit erh\u00f6hter Standzeit.<\/p>\n<p>Passend f\u00fcr die L\u00f6tstationen DIGITAL 2000A, DIGITAL 60A, Micro-Con 60iA sowie CPS60.10 und dem L\u00f6tkolben Tech-Tool.<\/p>\n<p>ERSADUR-L\u00f6tspitzen sind hochwertig produziert und f\u00fcr den Dauerbetrieb geschaffen. In einem speziellen Verfahren werden sie auf galvanischem Weg mit einer Eisenschicht plattiert und durch eine zus\u00e4tzliche Chromschicht vor Korrosion und Oxidation gesch\u00fctzt. Perfekter W\u00e4rmetransfer sch\u00fctzt den Heizk\u00f6rper des L\u00f6tkolbens vor \u00dcberhitzung und vorzeitigem Verschlei\u00df.<\/p>\n","protected":false},"excerpt":{"rendered":"<p>Dauerl\u00f6tspitze, gerade, mei\u00dfelf\u00f6rmig, 2,4 mm breit, mit ERSADUR-LF- Beschichtung (bleifrei l\u00f6ten) mit erh\u00f6hter Standzeit. Passend f\u00fcr die L\u00f6tstationen DIGITAL 2000A, DIGITAL 60A, Micro-Con 60iA sowie CPS60.10 und dem L\u00f6tkolben Tech-Tool. ERSADUR-L\u00f6tspitzen sind hochwertig produziert und f\u00fcr den Dauerbetrieb geschaffen. In einem speziellen Verfahren werden sie auf galvanischem Weg mit einer Eisenschicht plattiert und durch eine [&hellip;]<\/p>\n","protected":false},"featured_media":51173,"template":"","meta":{"ep_exclude_from_search":false},"product_cat":[359],"product_tag":[],"class_list":{"0":"post-1513","1":"product","2":"type-product","3":"status-publish","4":"has-post-thumbnail","6":"product_cat-612-serie-fuer-ersa-tech-tool","7":"product_shipping_class-postwarenpost-individuell","9":"first","10":"instock","11":"taxable","12":"shipping-taxable","13":"purchasable","14":"product-type-simple"},"_links":{"self":[{"href":"https:\/\/loet-shop.de\/en\/wp-json\/wp\/v2\/product\/1513"}],"collection":[{"href":"https:\/\/loet-shop.de\/en\/wp-json\/wp\/v2\/product"}],"about":[{"href":"https:\/\/loet-shop.de\/en\/wp-json\/wp\/v2\/types\/product"}],"wp:featuredmedia":[{"embeddable":true,"href":"https:\/\/loet-shop.de\/en\/wp-json\/wp\/v2\/media\/51173"}],"wp:attachment":[{"href":"https:\/\/loet-shop.de\/en\/wp-json\/wp\/v2\/media?parent=1513"}],"wp:term":[{"taxonomy":"product_cat","embeddable":true,"href":"https:\/\/loet-shop.de\/en\/wp-json\/wp\/v2\/product_cat?post=1513"},{"taxonomy":"product_tag","embeddable":true,"href":"https:\/\/loet-shop.de\/en\/wp-json\/wp\/v2\/product_tag?post=1513"}],"curies":[{"name":"wp","href":"https:\/\/api.w.org\/{rel}","templated":true}]}}