{"id":1469,"date":"2026-04-05T08:40:43","date_gmt":"2026-04-05T06:40:43","guid":{"rendered":""},"modified":"2026-04-06T21:25:13","modified_gmt":"2026-04-06T19:25:13","slug":"ersa-heissluftduese-fuer-i-tool-air-s-20-mm","status":"publish","type":"product","link":"https:\/\/loet-shop.de\/en\/produkt\/ersa-heissluftduese-fuer-i-tool-air-s-20-mm\/","title":{"rendered":"ERSA Hei\u00dfluftd\u00fcse f\u00fcr i-Tool AIR S 2,0 mm"},"content":{"rendered":"<p>ERSA Hei\u00dfluftd\u00fcse<\/p>\n<p>Hei\u00dfluftd\u00fcse 2,0 mm Durchmesser f\u00fcr den Hei\u00dfluftkolben i-Tool AIR S (0470BRJ) und den L\u00f6tstationen i-CON VARIO 2 und i-CON VARIO 4.<\/p>\n","protected":false},"excerpt":{"rendered":"<p>ERSA Hei\u00dfluftd\u00fcse Hei\u00dfluftd\u00fcse 2,0 mm Durchmesser f\u00fcr den Hei\u00dfluftkolben i-Tool AIR S (0470BRJ) und den L\u00f6tstationen i-CON VARIO 2 und i-CON VARIO 4.<\/p>\n","protected":false},"featured_media":51141,"template":"","meta":{"ep_exclude_from_search":false},"product_cat":[378],"product_tag":[],"class_list":{"0":"post-1469","1":"product","2":"type-product","3":"status-publish","4":"has-post-thumbnail","6":"product_cat-472-serie-fuer-ersa-i-tool-air","7":"product_shipping_class-postgrossbrief-2cm-500g","9":"first","10":"instock","11":"taxable","12":"shipping-taxable","13":"purchasable","14":"product-type-simple"},"_links":{"self":[{"href":"https:\/\/loet-shop.de\/en\/wp-json\/wp\/v2\/product\/1469"}],"collection":[{"href":"https:\/\/loet-shop.de\/en\/wp-json\/wp\/v2\/product"}],"about":[{"href":"https:\/\/loet-shop.de\/en\/wp-json\/wp\/v2\/types\/product"}],"wp:featuredmedia":[{"embeddable":true,"href":"https:\/\/loet-shop.de\/en\/wp-json\/wp\/v2\/media\/51141"}],"wp:attachment":[{"href":"https:\/\/loet-shop.de\/en\/wp-json\/wp\/v2\/media?parent=1469"}],"wp:term":[{"taxonomy":"product_cat","embeddable":true,"href":"https:\/\/loet-shop.de\/en\/wp-json\/wp\/v2\/product_cat?post=1469"},{"taxonomy":"product_tag","embeddable":true,"href":"https:\/\/loet-shop.de\/en\/wp-json\/wp\/v2\/product_tag?post=1469"}],"curies":[{"name":"wp","href":"https:\/\/api.w.org\/{rel}","templated":true}]}}