{"id":1466,"date":"2026-03-25T12:40:41","date_gmt":"2026-03-25T11:40:41","guid":{"rendered":""},"modified":"2026-04-03T21:02:28","modified_gmt":"2026-04-03T19:02:28","slug":"ersa-ersadur-entloetspitzen-satz-gerade-150-mm","status":"publish","type":"product","link":"https:\/\/loet-shop.de\/en\/produkt\/ersa-ersadur-entloetspitzen-satz-gerade-150-mm\/","title":{"rendered":"ERSA ERSADUR Entl\u00f6tspitzen-Satz gerade, 15,0 mm"},"content":{"rendered":"<p>Ausl\u00f6tspitzen-Satz gerade, Kantenl\u00e4nge 15,0 mm, mit ERSADUR-LF-Beschichtung f\u00fcr das Bauteil SOIC 24.<\/p>\n<p>Kompatible Stationen sind i-CON, i-CON2 und DIGITAL 2000 A, jeweils mit Entl\u00f6tpincette 40 (0430EDJ) oder dem Chip-Tool (0450MDJ), SMT UNIT 60 A\/AS, MICRO-CON 60 iA, DIGITAL 2000 A, jeweils mit Entl\u00f6tpincette 40 (0430EDJ) oder dem Chip-Tool (0450MDJ)sowie Rework 80 und SMD 8000, jeweils mit Entl\u00f6tpinzette TC40 (0420EDJ).<\/p>\n<p>ERSADUR-L\u00f6tspitzen sind hochwertig produziert und f\u00fcr den Dauerbetrieb geschaffen. In einem speziellen Verfahren werden sie auf galvanischem Weg mit einer Eisenschicht plattiert und durch eine zus\u00e4tzliche Chromschicht vor Korrosion und Oxidation gesch\u00fctzt. Perfekter W\u00e4rmetransfer sch\u00fctzt den Heizk\u00f6rper des L\u00f6tkolbens vor \u00dcberhitzung und vorzeitigem Verschlei\u00df.<\/p>\n","protected":false},"excerpt":{"rendered":"<p>Ausl\u00f6tspitzen-Satz gerade, Kantenl\u00e4nge 15,0 mm, mit ERSADUR-LF-Beschichtung f\u00fcr das Bauteil SOIC 24. Kompatible Stationen sind i-CON, i-CON2 und DIGITAL 2000 A, jeweils mit Entl\u00f6tpincette 40 (0430EDJ) oder dem Chip-Tool (0450MDJ), SMT UNIT 60 A\/AS, MICRO-CON 60 iA, DIGITAL 2000 A, jeweils mit Entl\u00f6tpincette 40 (0430EDJ) oder dem Chip-Tool (0450MDJ)sowie Rework 80 und SMD 8000, jeweils [&hellip;]<\/p>\n","protected":false},"featured_media":63272,"template":"","meta":{"ep_exclude_from_search":false},"product_cat":[380],"product_tag":[],"class_list":{"0":"post-1466","1":"product","2":"type-product","3":"status-publish","4":"has-post-thumbnail","6":"product_cat-422-452-serie-fuer-ersa-chip-tool-pinzette-40","7":"product_shipping_class-paket","9":"first","10":"instock","11":"taxable","12":"shipping-taxable","13":"purchasable","14":"product-type-simple"},"_links":{"self":[{"href":"https:\/\/loet-shop.de\/en\/wp-json\/wp\/v2\/product\/1466"}],"collection":[{"href":"https:\/\/loet-shop.de\/en\/wp-json\/wp\/v2\/product"}],"about":[{"href":"https:\/\/loet-shop.de\/en\/wp-json\/wp\/v2\/types\/product"}],"wp:featuredmedia":[{"embeddable":true,"href":"https:\/\/loet-shop.de\/en\/wp-json\/wp\/v2\/media\/63272"}],"wp:attachment":[{"href":"https:\/\/loet-shop.de\/en\/wp-json\/wp\/v2\/media?parent=1466"}],"wp:term":[{"taxonomy":"product_cat","embeddable":true,"href":"https:\/\/loet-shop.de\/en\/wp-json\/wp\/v2\/product_cat?post=1466"},{"taxonomy":"product_tag","embeddable":true,"href":"https:\/\/loet-shop.de\/en\/wp-json\/wp\/v2\/product_tag?post=1466"}],"curies":[{"name":"wp","href":"https:\/\/api.w.org\/{rel}","templated":true}]}}