{"id":14124,"date":"2026-03-02T08:42:56","date_gmt":"2026-03-02T07:42:56","guid":{"rendered":""},"modified":"2026-04-03T21:02:49","modified_gmt":"2026-04-03T19:02:49","slug":"ersa-hr500-hybrid-rework-system-2500w","status":"publish","type":"product","link":"https:\/\/loet-shop.de\/en\/produkt\/ersa-hr500-hybrid-rework-system-2500w\/","title":{"rendered":"Ersa HR500 Hybrid Rework System 2500W"},"content":{"rendered":"<p>Ersa HR500 Hybrid Rework System<\/p>\n<p>&#8211; 2500W Heizleistung<br \/>\n-1600 W Untenstrahler \/ 2 Zonen a 800 W \/ 270 x 270 mm<br \/>\n&#8211; 900 W Hybrid Obenstrahler 70 x 70 mm<br \/>\n&#8211; 230V AC, einphasig, 50 Hz, 16A<br \/>\n&#8211; Laser pointer f\u00fcr Bauteil ID &#038; Leiterplatten Positionierung<br \/>\n&#8211; 2 Typ K Thermoelement-Eing\u00e4nge<br \/>\n&#8211; 1 Accu-TC Sensor<br \/>\n&#8211; 1 Thermoelement-Halter<br \/>\n&#8211; Max. Leiterplattengr\u00f6\u00dfe -Standard: 380 x 300 mm (+x) \/ 14,9&#8243; x 11,8&#8243;<br \/>\n&#8211; Bauteilfreiheit -unten 35mm -oben 60mm<br \/>\n&#8211; Komponenten Gr\u00f6\u00dfe 1 x 1 mm bis 50 x 50 mm<br \/>\n&#8211; Platzierd\u00fcse\/Ausl\u00f6td\u00fcse AD \u00d8 5 mm<br \/>\n&#8211; Platzierd\u00fcse\/Ausl\u00f6td\u00fcse AD \u00d8 10 mm<br \/>\n&#8211; Visionbox mit 5 MP Kamera zur Bauteilausrichtung<br \/>\n&#8211; Zweiseitige LED-Beleuchtung rot\/gr\u00fcn<br \/>\n&#8211; Platziergenauigkeit bis +\/- 25 \u03bcm<br \/>\n&#8211; Computer gest\u00fctzte Platzierung (CAP)<br \/>\n&#8211; Aufnahme zur Verwendung der Ersa Dip&#038;Print Station<br \/>\n&#8211; Ethernet Schnittstelle inklusive RJ45 Patchkabel 2m<br \/>\n&#8211; Ersa HRSoft2 Bediensoftware<\/p>\n","protected":false},"excerpt":{"rendered":"<p>Ersa HR500 Hybrid Rework System &#8211; 2500W Heizleistung -1600 W Untenstrahler \/ 2 Zonen a 800 W \/ 270 x 270 mm &#8211; 900 W Hybrid Obenstrahler 70 x 70 mm &#8211; 230V AC, einphasig, 50 Hz, 16A &#8211; Laser pointer f\u00fcr Bauteil ID &#038; Leiterplatten Positionierung &#8211; 2 Typ K Thermoelement-Eing\u00e4nge &#8211; 1 Accu-TC [&hellip;]<\/p>\n","protected":false},"featured_media":51663,"template":"","meta":{"ep_exclude_from_search":false},"product_cat":[284],"product_tag":[],"class_list":{"0":"post-14124","1":"product","2":"type-product","3":"status-publish","4":"has-post-thumbnail","6":"product_cat-reworksystem-hr-500","7":"product_shipping_class-paket","9":"first","10":"instock","11":"taxable","12":"shipping-taxable","13":"product-type-simple"},"_links":{"self":[{"href":"https:\/\/loet-shop.de\/en\/wp-json\/wp\/v2\/product\/14124"}],"collection":[{"href":"https:\/\/loet-shop.de\/en\/wp-json\/wp\/v2\/product"}],"about":[{"href":"https:\/\/loet-shop.de\/en\/wp-json\/wp\/v2\/types\/product"}],"wp:featuredmedia":[{"embeddable":true,"href":"https:\/\/loet-shop.de\/en\/wp-json\/wp\/v2\/media\/51663"}],"wp:attachment":[{"href":"https:\/\/loet-shop.de\/en\/wp-json\/wp\/v2\/media?parent=14124"}],"wp:term":[{"taxonomy":"product_cat","embeddable":true,"href":"https:\/\/loet-shop.de\/en\/wp-json\/wp\/v2\/product_cat?post=14124"},{"taxonomy":"product_tag","embeddable":true,"href":"https:\/\/loet-shop.de\/en\/wp-json\/wp\/v2\/product_tag?post=14124"}],"curies":[{"name":"wp","href":"https:\/\/api.w.org\/{rel}","templated":true}]}}