{"id":1394,"date":"2026-04-05T08:40:39","date_gmt":"2026-04-05T06:40:39","guid":{"rendered":""},"modified":"2026-04-06T21:01:47","modified_gmt":"2026-04-06T19:01:47","slug":"ersa-ersadur-entloetspitzen-satz-meisselfoermig-18-mm","status":"publish","type":"product","link":"https:\/\/loet-shop.de\/en\/produkt\/ersa-ersadur-entloetspitzen-satz-meisselfoermig-18-mm\/","title":{"rendered":"ERSA ERSADUR Entl\u00f6tspitzen-Satz mei\u00dfelf\u00f6rmig 1,8 mm"},"content":{"rendered":"<p>Ausl\u00f6tspitzensatz mei\u00dfelf\u00f6rmig 1,8 mm breit, inkl. Heizk\u00f6rper, mit ERSADUR-LF-Beschichtung.<\/p>\n<p>Passend f\u00fcr die Statioen i-CON VARIO 2 und i-CON Vario 4, sowie f\u00fcr die Entl\u00f6tpinzette Chip-Tool Vario (0460MDJ).<\/p>\n<p>ERSADUR-L\u00f6tspitzen sind hochwertig produziert und f\u00fcr den Dauerbetrieb geschaffen. In einem speziellen Verfahren werden sie auf galvanischem Weg mit einer Eisenschicht plattiert und durch eine zus\u00e4tzliche Chromschicht vor Korrosion und Oxidation gesch\u00fctzt. Perfekter W\u00e4rmetransfer sch\u00fctzt den Heizk\u00f6rper des L\u00f6tkolbens vor \u00dcberhitzung und vorzeitigem Verschlei\u00df.<\/p>\n","protected":false},"excerpt":{"rendered":"<p>Ausl\u00f6tspitzensatz mei\u00dfelf\u00f6rmig 1,8 mm breit, inkl. Heizk\u00f6rper, mit ERSADUR-LF-Beschichtung. Passend f\u00fcr die Statioen i-CON VARIO 2 und i-CON Vario 4, sowie f\u00fcr die Entl\u00f6tpinzette Chip-Tool Vario (0460MDJ). ERSADUR-L\u00f6tspitzen sind hochwertig produziert und f\u00fcr den Dauerbetrieb geschaffen. In einem speziellen Verfahren werden sie auf galvanischem Weg mit einer Eisenschicht plattiert und durch eine zus\u00e4tzliche Chromschicht vor [&hellip;]<\/p>\n","protected":false},"featured_media":51126,"template":"","meta":{"ep_exclude_from_search":false},"product_cat":[381],"product_tag":[],"class_list":{"0":"post-1394","1":"product","2":"type-product","3":"status-publish","4":"has-post-thumbnail","6":"product_cat-462-serie-fuer-ersa-chip-tool-vario-pinzette","7":"product_shipping_class-paket","9":"first","10":"instock","11":"taxable","12":"shipping-taxable","13":"purchasable","14":"product-type-simple"},"_links":{"self":[{"href":"https:\/\/loet-shop.de\/en\/wp-json\/wp\/v2\/product\/1394"}],"collection":[{"href":"https:\/\/loet-shop.de\/en\/wp-json\/wp\/v2\/product"}],"about":[{"href":"https:\/\/loet-shop.de\/en\/wp-json\/wp\/v2\/types\/product"}],"wp:featuredmedia":[{"embeddable":true,"href":"https:\/\/loet-shop.de\/en\/wp-json\/wp\/v2\/media\/51126"}],"wp:attachment":[{"href":"https:\/\/loet-shop.de\/en\/wp-json\/wp\/v2\/media?parent=1394"}],"wp:term":[{"taxonomy":"product_cat","embeddable":true,"href":"https:\/\/loet-shop.de\/en\/wp-json\/wp\/v2\/product_cat?post=1394"},{"taxonomy":"product_tag","embeddable":true,"href":"https:\/\/loet-shop.de\/en\/wp-json\/wp\/v2\/product_tag?post=1394"}],"curies":[{"name":"wp","href":"https:\/\/api.w.org\/{rel}","templated":true}]}}