{"id":1172,"date":"2026-04-02T12:40:38","date_gmt":"2026-04-02T10:40:38","guid":{"rendered":""},"modified":"2026-04-06T21:01:50","modified_gmt":"2026-04-06T19:01:50","slug":"ersa-loetkolben-basic-tool-60-60-watt","status":"publish","type":"product","link":"https:\/\/loet-shop.de\/en\/produkt\/ersa-loetkolben-basic-tool-60-60-watt\/","title":{"rendered":"ERSA L\u00f6tkolben Basic Tool 60, 60 Watt"},"content":{"rendered":"<p>ERSA L\u00f6tkolben Basic Tool 60<\/p>\n<p>L\u00f6tkolben mit Verpackung, ausgestattet mit einer 2,2 mm mei\u00dfelf\u00f6rmigen ERSADUR-Dauerl\u00f6tspitze (0832CD) f\u00fcr L\u00f6tstation ANANLOG 60 (0ANA60), MS6000 und MS60 CT. Ersatz f\u00fcr TE 40<\/p>\n","protected":false},"excerpt":{"rendered":"<p>ERSA L\u00f6tkolben Basic Tool 60 L\u00f6tkolben mit Verpackung, ausgestattet mit einer 2,2 mm mei\u00dfelf\u00f6rmigen ERSADUR-Dauerl\u00f6tspitze (0832CD) f\u00fcr L\u00f6tstation ANANLOG 60 (0ANA60), MS6000 und MS60 CT. Ersatz f\u00fcr TE 40<\/p>\n","protected":false},"featured_media":51187,"template":"","meta":{"ep_exclude_from_search":false},"product_cat":[37],"product_tag":[],"class_list":{"0":"post-1172","1":"product","2":"type-product","3":"status-publish","4":"has-post-thumbnail","6":"product_cat-loetkolben-von-loetstationen","7":"product_shipping_class-paket","9":"first","10":"instock","11":"taxable","12":"shipping-taxable","13":"purchasable","14":"product-type-simple"},"_links":{"self":[{"href":"https:\/\/loet-shop.de\/en\/wp-json\/wp\/v2\/product\/1172"}],"collection":[{"href":"https:\/\/loet-shop.de\/en\/wp-json\/wp\/v2\/product"}],"about":[{"href":"https:\/\/loet-shop.de\/en\/wp-json\/wp\/v2\/types\/product"}],"wp:featuredmedia":[{"embeddable":true,"href":"https:\/\/loet-shop.de\/en\/wp-json\/wp\/v2\/media\/51187"}],"wp:attachment":[{"href":"https:\/\/loet-shop.de\/en\/wp-json\/wp\/v2\/media?parent=1172"}],"wp:term":[{"taxonomy":"product_cat","embeddable":true,"href":"https:\/\/loet-shop.de\/en\/wp-json\/wp\/v2\/product_cat?post=1172"},{"taxonomy":"product_tag","embeddable":true,"href":"https:\/\/loet-shop.de\/en\/wp-json\/wp\/v2\/product_tag?post=1172"}],"curies":[{"name":"wp","href":"https:\/\/api.w.org\/{rel}","templated":true}]}}