{"id":1118,"date":"2026-03-31T20:40:44","date_gmt":"2026-03-31T18:40:44","guid":{"rendered":""},"modified":"2026-04-06T21:01:48","modified_gmt":"2026-04-06T19:01:48","slug":"ersa-heissluftkolben-i-tool-air-s-200w-antistatisch","status":"publish","type":"product","link":"https:\/\/loet-shop.de\/en\/produkt\/ersa-heissluftkolben-i-tool-air-s-200w-antistatisch\/","title":{"rendered":"ERSA Hei\u00dfluftkolben i-Tool AIR S 200W, antistatisch"},"content":{"rendered":"<p>ERSA Hei\u00dfluftkolben i-Tool AIR S  200W<\/p>\n<p>Ergonomisch handlich, stark in der Leistung! So kann der i-tool AIR S treffend  beschrieben werden. Das schlanke und leichte Handst\u00fcck tr\u00e4gt eine 200 W leistende Heizkartusche und erlaubt so erm\u00fcdungsarmes Arbeiten an vielf\u00e4ltigen SMD Komponenten. Die Hei\u00dfluftmenge kann sehr einfach direkt am Handst\u00fcck eingestellt werden; die jeweilige Luftmenge (2 bis 20 l\/min) ist gut sichtbar am Display einer i-CON VARIO 2 oder 4 ablesbar. Auch zum einl\u00f6ten kleinster Chip Widerst\u00e4nde ist die Luftmenge exakt dosierbar. F\u00fcr die optimale Erw\u00e4rmung der Bauteile k\u00f6nnen verschiedene D\u00fcsen eingesetzt werden. Ein Bewegungssensor aktiviert den i-Tool AIR S bei Entnahme aus der Ablage, mit einem IR-Sensor im Handst\u00fcck kann er tastenlos ein- und ausgeschaltet werden.<br \/>\nDer Hei\u00dfluftkolben ist mit einer Hei\u00dfluftspitze, 3,5 mm Durchmesser (0472ER) ausgestattet.<\/p>\n","protected":false},"excerpt":{"rendered":"<p>ERSA Hei\u00dfluftkolben i-Tool AIR S 200W Ergonomisch handlich, stark in der Leistung! So kann der i-tool AIR S treffend beschrieben werden. Das schlanke und leichte Handst\u00fcck tr\u00e4gt eine 200 W leistende Heizkartusche und erlaubt so erm\u00fcdungsarmes Arbeiten an vielf\u00e4ltigen SMD Komponenten. Die Hei\u00dfluftmenge kann sehr einfach direkt am Handst\u00fcck eingestellt werden; die jeweilige Luftmenge (2 [&hellip;]<\/p>\n","protected":false},"featured_media":51137,"template":"","meta":{"ep_exclude_from_search":false},"product_cat":[37],"product_tag":[],"class_list":{"0":"post-1118","1":"product","2":"type-product","3":"status-publish","4":"has-post-thumbnail","6":"product_cat-loetkolben-von-loetstationen","7":"product_shipping_class-paket","9":"first","10":"instock","11":"taxable","12":"shipping-taxable","13":"purchasable","14":"product-type-simple"},"_links":{"self":[{"href":"https:\/\/loet-shop.de\/en\/wp-json\/wp\/v2\/product\/1118"}],"collection":[{"href":"https:\/\/loet-shop.de\/en\/wp-json\/wp\/v2\/product"}],"about":[{"href":"https:\/\/loet-shop.de\/en\/wp-json\/wp\/v2\/types\/product"}],"wp:featuredmedia":[{"embeddable":true,"href":"https:\/\/loet-shop.de\/en\/wp-json\/wp\/v2\/media\/51137"}],"wp:attachment":[{"href":"https:\/\/loet-shop.de\/en\/wp-json\/wp\/v2\/media?parent=1118"}],"wp:term":[{"taxonomy":"product_cat","embeddable":true,"href":"https:\/\/loet-shop.de\/en\/wp-json\/wp\/v2\/product_cat?post=1118"},{"taxonomy":"product_tag","embeddable":true,"href":"https:\/\/loet-shop.de\/en\/wp-json\/wp\/v2\/product_tag?post=1118"}],"curies":[{"name":"wp","href":"https:\/\/api.w.org\/{rel}","templated":true}]}}