{"id":1011,"date":"2026-03-24T08:40:36","date_gmt":"2026-03-24T07:40:36","guid":{"rendered":""},"modified":"2026-04-06T21:25:17","modified_gmt":"2026-04-06T19:25:17","slug":"ersa-entloetspitze-fuer-x-tool-vario-durchmesser-innen-20-mm-aussen-32-mm-hochverzinnt","status":"publish","type":"product","link":"https:\/\/loet-shop.de\/en\/produkt\/ersa-entloetspitze-fuer-x-tool-vario-durchmesser-innen-20-mm-aussen-32-mm-hochverzinnt\/","title":{"rendered":"ERSA Entl\u00f6tspitze f\u00fcr X-Tool Vario, Durchmesser innen 2,0 mm, au\u00dfen 3,2 mm, hochverzinnt"},"content":{"rendered":"<p>ERSA Entl\u00f6tspitze f\u00fcr X-Tool Vario<\/p>\n<p>Entl\u00f6tspitze, Innendurchmesser 2,0 mm, Au\u00dfendurchmesser 3,2 mm, mit ERSADUR-Beschichtung f\u00fcr den Entl\u00f6tkolben X-Tool Vario (0740EDJ). H-Version (2,5 hochverzinnt) f\u00fcr noch bessere W\u00e4rme\u00fcbertragung<\/p>\n<p>ERSADUR-Entl\u00f6tspitzen sind f\u00fcr Dauerbetrieb und hoher Quailit\u00e4t geschaffen. In einem speziellen Verfahren werden sie auf galvanischem Weg mit einer Eisenschicht plattiert und durch eine zus\u00e4tzliche Chromschicht vor Korrosion und Oxidation gesch\u00fctzt. Perfekter W\u00e4rmetransfer sch\u00fctzt den Heizk\u00f6rper des L\u00f6tkolbens vor \u00dcberhitzung und vorzeitigem Verschlei\u00df.<\/p>\n","protected":false},"excerpt":{"rendered":"<p>ERSA Entl\u00f6tspitze f\u00fcr X-Tool Vario Entl\u00f6tspitze, Innendurchmesser 2,0 mm, Au\u00dfendurchmesser 3,2 mm, mit ERSADUR-Beschichtung f\u00fcr den Entl\u00f6tkolben X-Tool Vario (0740EDJ). H-Version (2,5 hochverzinnt) f\u00fcr noch bessere W\u00e4rme\u00fcbertragung ERSADUR-Entl\u00f6tspitzen sind f\u00fcr Dauerbetrieb und hoher Quailit\u00e4t geschaffen. In einem speziellen Verfahren werden sie auf galvanischem Weg mit einer Eisenschicht plattiert und durch eine zus\u00e4tzliche Chromschicht vor Korrosion [&hellip;]<\/p>\n","protected":false},"featured_media":51250,"template":"","meta":{"ep_exclude_from_search":false},"product_cat":[384],"product_tag":[],"class_list":{"0":"post-1011","1":"product","2":"type-product","3":"status-publish","4":"has-post-thumbnail","6":"product_cat-742-serie-fuer-ersa-x-tool-vario-entloetgeraet","7":"product_shipping_class-postwarenpost-individuell","9":"first","10":"instock","11":"taxable","12":"shipping-taxable","13":"purchasable","14":"product-type-simple"},"_links":{"self":[{"href":"https:\/\/loet-shop.de\/en\/wp-json\/wp\/v2\/product\/1011"}],"collection":[{"href":"https:\/\/loet-shop.de\/en\/wp-json\/wp\/v2\/product"}],"about":[{"href":"https:\/\/loet-shop.de\/en\/wp-json\/wp\/v2\/types\/product"}],"wp:featuredmedia":[{"embeddable":true,"href":"https:\/\/loet-shop.de\/en\/wp-json\/wp\/v2\/media\/51250"}],"wp:attachment":[{"href":"https:\/\/loet-shop.de\/en\/wp-json\/wp\/v2\/media?parent=1011"}],"wp:term":[{"taxonomy":"product_cat","embeddable":true,"href":"https:\/\/loet-shop.de\/en\/wp-json\/wp\/v2\/product_cat?post=1011"},{"taxonomy":"product_tag","embeddable":true,"href":"https:\/\/loet-shop.de\/en\/wp-json\/wp\/v2\/product_tag?post=1011"}],"curies":[{"name":"wp","href":"https:\/\/api.w.org\/{rel}","templated":true}]}}