{"id":72,"date":"2022-01-13T12:48:08","date_gmt":"2022-01-13T12:48:08","guid":{"rendered":"https:\/\/ersalive.hw.ag\/?page_id=72"},"modified":"2026-01-22T10:04:18","modified_gmt":"2026-01-22T09:04:18","slug":"versandkosten","status":"publish","type":"page","link":"https:\/\/loet-shop.de\/en\/versandkosten\/","title":{"rendered":"Shipping &#038; Payment"},"content":{"rendered":"<p><\/p>\r\n<h2>VERSANDKOSTEN NACH DEUTSCHLAND<\/h2>\r\n<p>Der Versand Ihrer Bestellung erfolgt vorrangig mit der Deutschen Post oder der DHL.\u00a0<br \/>Bei Artikeln die nicht in einem 60x40x40 cm Karton verpackt werden k\u00f6nnen, verwenden wir den Verssanddienstleister GLS<br \/>Wir versuchen die Versandkosten f\u00fcr Sie so gering wie m\u00f6glich zu halten und unterscheiden je nach Artikelgr\u00f6\u00dfe und Artikelwert ggf. die Versandkonditionen f\u00fcr Sendungen innerhalb Deutschlands.\u00a0<br \/>Die Preise sind alle brutto inkl. MwSt.<br \/><br \/>Bestellungen ab einen Warenwert von 214,2 \u20ac inkl. MwSt. sind f\u00fcr alle deutschen Lieferadressen kostenfrei, ausgenommen Lieferungen per Spedition.<\/p>\r\n<table>\r\n<tbody>\r\n<tr>\r\n<td><strong>\u00a0Land<\/strong><\/td>\r\n<td><strong>\u00a0Artikel-Typ<\/strong><\/td>\r\n<td><strong>\u00a0Preis inkl. MwSt.<\/strong><\/td>\r\n<\/tr>\r\n<tr>\r\n<td>\u00a0Deutschland<\/td>\r\n<td>\u00a0Kleinstartikel mit geringem Warenwert<\/td>\r\n<td>2,99 \u20ac<\/td>\r\n<\/tr>\r\n<tr>\r\n<td>\u00a0Deutschland<\/td>\r\n<td>\u00a0Kleinartikel mit geringem Warenwert<\/td>\r\n<td>3,99 \u20ac<\/td>\r\n<\/tr>\r\n<tr>\r\n<td>\u00a0Deutschland<\/td>\r\n<td>\u00a0Artikel mit einer maximalen Umverpackung von 60x40x40 cm<\/td>\r\n<td>5,99 \u20ac<\/td>\r\n<\/tr>\r\n<tr>\r\n<td>\u00a0Deutschland<\/td>\r\n<td>\u00a0Gro\u00dfartikel bzw. Speditionsartikel<\/td>\r\n<td>9,99 \u20ac bis 200 \u20ac\u00a0<\/td>\r\n<\/tr>\r\n<\/tbody>\r\n<\/table>\r\n<h2>\u00a0<\/h2>\r\n<h2>INTERNATIONALER VERSAND<\/h2>\r\n<p>Die Lieferung an Kunden au\u00dferhalb Deutschlands ist auch m\u00f6glich. In der folgenden Tabelle k\u00f6nnen Sie die entsprechenden Konditionen ablesen. Die Preise sind alle brutto inkl. MwSt.<\/p>\r\n<p>&nbsp;<\/p>\r\n<table width=\"318\">\r\n<tbody>\r\n<tr>\r\n<td width=\"238\"><strong>Versandart<\/strong><\/td>\r\n<td width=\"80\"><strong>Kosten<\/strong><\/td>\r\n<\/tr>\r\n<tr>\r\n<td>Versand nach Belgien<\/td>\r\n<td>12,13 \u20ac<\/td>\r\n<\/tr>\r\n<tr>\r\n<td>Versand nach Bulgarien<\/td>\r\n<td>29,70 \u20ac<\/td>\r\n<\/tr>\r\n<tr>\r\n<td>Versand nach D\u00e4nemark<\/td>\r\n<td>11,83 \u20ac<\/td>\r\n<\/tr>\r\n<tr>\r\n<td>Versand nach Estland<\/td>\r\n<td>25,76 \u20ac<\/td>\r\n<\/tr>\r\n<tr>\r\n<td>Versand nach Finnland<\/td>\r\n<td>29,21 \u20ac<\/td>\r\n<\/tr>\r\n<tr>\r\n<td>Versand nach Frankreich<\/td>\r\n<td>17,95 \u20ac<\/td>\r\n<\/tr>\r\n<tr>\r\n<td>Versand nach Griechenland<\/td>\r\n<td>29,70 \u20ac<\/td>\r\n<\/tr>\r\n<tr>\r\n<td>Versand nach Irland<\/td>\r\n<td>26,10 \u20ac<\/td>\r\n<\/tr>\r\n<tr>\r\n<td>Versand nach Italien<\/td>\r\n<td>19,72 \u20ac<\/td>\r\n<\/tr>\r\n<tr>\r\n<td>Versand nach Kroatien<\/td>\r\n<td>25,12 \u20ac<\/td>\r\n<\/tr>\r\n<tr>\r\n<td>Versand nach Lettland<\/td>\r\n<td>23,53 \u20ac<\/td>\r\n<\/tr>\r\n<tr>\r\n<td>Versand nach Liechtenstein<\/td>\r\n<td>14,49 \u20ac<\/td>\r\n<\/tr>\r\n<tr>\r\n<td>Versand nach Litauen<\/td>\r\n<td>22,76 \u20ac<\/td>\r\n<\/tr>\r\n<tr>\r\n<td>Versand nach Luxemburg<\/td>\r\n<td>12,13 \u20ac<\/td>\r\n<\/tr>\r\n<tr>\r\n<td>Versand nach Malta<\/td>\r\n<td>29,70 \u20ac<\/td>\r\n<\/tr>\r\n<tr>\r\n<td>Versand nach Niederlande<\/td>\r\n<td>12,13 \u20ac<\/td>\r\n<\/tr>\r\n<tr>\r\n<td>Versand nach Norwegen<\/td>\r\n<td>28,79 \u20ac<\/td>\r\n<\/tr>\r\n<tr>\r\n<td>Versand nach \u00d6sterreich<\/td>\r\n<td>12,65 \u20ac<\/td>\r\n<\/tr>\r\n<tr>\r\n<td>Versand nach Polen<\/td>\r\n<td>11,80 \u20ac<\/td>\r\n<\/tr>\r\n<tr>\r\n<td>Versand nach Portugal<\/td>\r\n<td>29,70 \u20ac<\/td>\r\n<\/tr>\r\n<tr>\r\n<td>Versand nach Rum\u00e4nien<\/td>\r\n<td>29,82 \u20ac<\/td>\r\n<\/tr>\r\n<tr>\r\n<td>Versand nach Schweden<\/td>\r\n<td>22,07 \u20ac<\/td>\r\n<\/tr>\r\n<tr>\r\n<td>Versand nach Schweiz<\/td>\r\n<td>15,59 \u20ac<\/td>\r\n<\/tr>\r\n<tr>\r\n<td>Versand nach Slowakei<\/td>\r\n<td>25,38 \u20ac<\/td>\r\n<\/tr>\r\n<tr>\r\n<td>Versand nach Slowenien<\/td>\r\n<td>21,63 \u20ac<\/td>\r\n<\/tr>\r\n<tr>\r\n<td>Versand nach Spanien<\/td>\r\n<td>26,01 \u20ac<\/td>\r\n<\/tr>\r\n<tr>\r\n<td>Versand nach Tschechien<\/td>\r\n<td>11,19 \u20ac<\/td>\r\n<\/tr>\r\n<tr>\r\n<td>Versand nach T\u00fcrkei<\/td>\r\n<td>77,35 \u20ac<\/td>\r\n<\/tr>\r\n<tr>\r\n<td>Versand nach Ungarn<\/td>\r\n<td>20,15 \u20ac<\/td>\r\n<\/tr>\r\n<tr>\r\n<td>Versand nach Vereinigtes K\u00f6nigreich<\/td>\r\n<td>18,40 \u20ac<\/td>\r\n<\/tr>\r\n<tr>\r\n<td>Versand nach Zypern<\/td>\r\n<td>29,70 \u20ac<\/td>\r\n<\/tr>\r\n<\/tbody>\r\n<\/table>\r\n<h2 style=\"text-align: right;\">\u00a0<\/h2>\r\n<h2>BESTEUERUNG UND VORSTEUERABZUG<\/h2>\r\n<p>Je nachdem in welches Land wir die Ware senden und ob Sie als Unternehmen eine UST-ID (VAT) haben, ist die Besteuerung anders geregelt. Dabei spielt nicht die Rechnungsanschrift eine Rolle sondern die Lieferanschrift. In der folgenden \u00dcbersicht finden Sie eine entsprechende Aufstellung.<\/p>\r\n<p>&nbsp;<\/p>\r\n<table style=\"height: 228px;\" width=\"405\">\r\n<tbody>\r\n<tr>\r\n<td width=\"72\">\u00a0L\u00e4ndertyp<\/td>\r\n<td width=\"80\">\u00a0Kunden-Typ<\/td>\r\n<td width=\"80\">\u00a0Art der Berechnung<\/td>\r\n<\/tr>\r\n<tr>\r\n<td width=\"72\">\u00a0EU-Land<\/td>\r\n<td width=\"80\">\u00a0Privatkunde<\/td>\r\n<td width=\"80\">\u00a0Rechnung mit MwSt.<\/td>\r\n<\/tr>\r\n<tr>\r\n<td width=\"72\">\u00a0EU-Land<\/td>\r\n<td width=\"80\">\u00a0Gewerblicher Kunde mit UST-ID (VAT)<\/td>\r\n<td width=\"80\">\u00a0Rechnung ohne MwSt.<\/td>\r\n<\/tr>\r\n<tr>\r\n<td width=\"72\">\u00a0EU-Land<\/td>\r\n<td width=\"80\">\u00a0Gewerblicher Kunde ohne UST-ID (VAT)<\/td>\r\n<td width=\"80\">\u00a0Rechnung mit MwSt.<\/td>\r\n<\/tr>\r\n<tr>\r\n<td width=\"72\">\u00a0Drittland (nicht EU)<\/td>\r\n<td width=\"80\">\u00a0z.B.: Schweiz Alle Kundentypen<\/td>\r\n<td width=\"80\">\u00a0Rechnung ohne MwSt.<\/td>\r\n<\/tr>\r\n<\/tbody>\r\n<\/table>\r\n<h2>\u00a0<\/h2>\r\n<h2>\u00a0<\/h2>\r\n<h2>ZAHLUNGSARTEN<\/h2>\r\n<p>Als internationaler Kunde im ersa-shop.com stehen Ihnen die g\u00e4ngigsten Zahlungsarten zur Verf\u00fcgung. Zahlung und Versand per Nachnahme ist leider nicht m\u00f6glich. In der folgenden \u00dcbersicht finden Sie eine entsprechende Aufstellung.<\/p>\r\n<h3>PAYPAL<\/h3>\r\n<p>Bei dieser Zahlungsmethode k\u00f6nnen sie \u00fcber Ihr PayPal-Konto bezahlen. Daf\u00fcr ben\u00f6tigen Sie Ihre PayPal-mail-Adresse und Ihr Passwort. Sollten Sie noch kein Konto haben, k\u00f6nnen Sie sich unter\u00a0<a href=\"http:\/\/www.paypal.de\/\" target=\"_blank\" rel=\"noreferrer noopener\">www.paypal.de<\/a>\u00a0registrieren.<\/p>\r\n<h3>KREDITKARTE<\/h3>\r\n<p>Um mit einer Kreditkarte zu zahlen, geben Sie bitte Ihre Kreditkartennummer, G\u00fcltigkeitszeitraum und Pr\u00fcfnummer in die daf\u00fcr vorgesehenen Felder ein, die nach Auswahl der Zahlungsart erscheinen. F\u00fcr die Nutzung dieser Zahlungsart ist kein PayPal-Konto notwendig, wir nutzen aber den Zahlungsdienstleister f\u00fcr die Abwicklung.\u00a0<\/p>\r\n<h3>Bank\u00fcberweisung vorab<\/h3>\r\n<p>Mit dieser Zahlungsmethode erhalten Sie in der Bestellbest\u00e4tigung unsere Kontodaten. Damit k\u00f6nnen Sie den Endbetrag \u00fcberweisen. Die Ware geht schnellstm\u00f6glich raus nachdem die Zahlung auf unserem Konto eingegangen ist.<\/p>\r\n<p>Unsere Internationalen Bankdaten entnehmen Sie bitte dem folgenden Abschnitt<\/p>\r\n<p>IBAN: DE93860700000714310001<br \/>BIC: DEUTDE8LXXX<\/p>\r\n<h3>Rechnung<\/h3>\r\n<p>Eine Zahlung auf Rechnung ist nur f\u00fcr Kunden mit vorab erstellten Kundenkonto und mit g\u00fcltiger deutscher Umsatzsteuer-Identifikationsnummer m\u00f6glich. Eine Bonit\u00e4tspr\u00fcfung durch unsere Buchhaltung ist vorbehalten und die Zahlungsoption kann ohne Angaben von Gr\u00fcnden jederzeit entzogen werden.<\/p>\r\n<p><\/p>","protected":false},"excerpt":{"rendered":"<p>VERSANDKOSTEN NACH DEUTSCHLAND Der Versand Ihrer Bestellung erfolgt vorrangig mit der Deutschen Post oder der DHL.\u00a0Bei Artikeln die nicht in einem 60x40x40 cm Karton verpackt werden k\u00f6nnen, verwenden wir den Verssanddienstleister GLSWir versuchen die Versandkosten f\u00fcr Sie so gering wie m\u00f6glich zu halten und unterscheiden je nach Artikelgr\u00f6\u00dfe und Artikelwert ggf. die Versandkonditionen f\u00fcr Sendungen [&hellip;]<\/p>\n","protected":false},"author":1,"featured_media":0,"parent":0,"menu_order":0,"comment_status":"closed","ping_status":"closed","template":"no-sidebar-card.php","meta":{"ep_exclude_from_search":false,"footnotes":""},"class_list":["post-72","page","type-page","status-publish","hentry"],"_links":{"self":[{"href":"https:\/\/loet-shop.de\/en\/wp-json\/wp\/v2\/pages\/72"}],"collection":[{"href":"https:\/\/loet-shop.de\/en\/wp-json\/wp\/v2\/pages"}],"about":[{"href":"https:\/\/loet-shop.de\/en\/wp-json\/wp\/v2\/types\/page"}],"author":[{"embeddable":true,"href":"https:\/\/loet-shop.de\/en\/wp-json\/wp\/v2\/users\/1"}],"replies":[{"embeddable":true,"href":"https:\/\/loet-shop.de\/en\/wp-json\/wp\/v2\/comments?post=72"}],"version-history":[{"count":14,"href":"https:\/\/loet-shop.de\/en\/wp-json\/wp\/v2\/pages\/72\/revisions"}],"predecessor-version":[{"id":73849,"href":"https:\/\/loet-shop.de\/en\/wp-json\/wp\/v2\/pages\/72\/revisions\/73849"}],"wp:attachment":[{"href":"https:\/\/loet-shop.de\/en\/wp-json\/wp\/v2\/media?parent=72"}],"curies":[{"name":"wp","href":"https:\/\/api.w.org\/{rel}","templated":true}]}}