{"id":34,"date":"2022-01-13T08:56:43","date_gmt":"2022-01-13T08:56:43","guid":{"rendered":"https:\/\/ersalive.hw.ag\/?page_id=34"},"modified":"2025-07-17T14:46:36","modified_gmt":"2025-07-17T14:46:36","slug":"impressum","status":"publish","type":"page","link":"https:\/\/loet-shop.de\/en\/impressum\/","title":{"rendered":"Imprint"},"content":{"rendered":"<p><strong>Impressum<\/strong><\/p>\n<p><strong>Br\u00e4unlich GmbH<\/strong><\/p>\n<p>Am Heideberg 26<br \/>06886 Lutherstadt Wittenberg<br \/>Deutschland<\/p>\n<p>Telefon: 03491\/61810<\/p>\n<p>Fax: 03491\/618118<\/p>\n<p>Mail: info@loet-shop.de<\/p>\n<p>Gesch\u00e4ftsf\u00fchrer: Tobias Br\u00e4unlich<\/p>\n<p>Handelsregister: Amtsgericht Stendal, HRB-16528<\/p>\n<p>Umsatzsteuer-Identifikationsnummer(n): DE223752573<\/p>\n<p>Registrierungsnummer der EAR: WEEE-Reg.-Nr. DE 16169233.<br \/>Informationen zur Erf\u00fcllung der quantitativen Zielvorgaben zu Altger\u00e4ten nach \u00a7\u00a7 10 Abs. 3, 22 Abs. 1 ElektroG finden Sie auf den Seiten des\u00a0<a href=\"http:\/\/www.bmuv.de\/WS1822\" target=\"_blank\" rel=\"noopener\">Bundesumweltministeriums<\/a>\u00a0(&#8220;Statistik&#8221;).<\/p>\n<p>Zur Teilnahme an einem Streitbeilegungsverfahren vor einer Verbraucherschlichtungsstelle sind wir nicht verpflichtet und nicht bereit.<\/p>\n<p>Zust\u00e4ndige Beh\u00f6rde f\u00fcr audiovisuelle Mediendienste:<\/p>\n<p>Medienanstalt Sachsen-Anhalt<br \/>Reichardtstra\u00dfe 9<br \/>06114 Halle\/Saale<br \/>Deutschland<\/p>\n","protected":false},"excerpt":{"rendered":"<p>Impressum Br\u00e4unlich GmbH Am Heideberg 2606886 Lutherstadt WittenbergDeutschland Telefon: 03491\/61810 Fax: 03491\/618118 Mail: info@loet-shop.de Gesch\u00e4ftsf\u00fchrer: Tobias Br\u00e4unlich Handelsregister: Amtsgericht Stendal, HRB-16528 Umsatzsteuer-Identifikationsnummer(n): DE223752573 Registrierungsnummer der EAR: WEEE-Reg.-Nr. DE 16169233.Informationen zur Erf\u00fcllung der quantitativen Zielvorgaben zu Altger\u00e4ten nach \u00a7\u00a7 10 Abs. 3, 22 Abs. 1 ElektroG finden Sie auf den Seiten des\u00a0Bundesumweltministeriums\u00a0(&#8220;Statistik&#8221;). Zur Teilnahme an einem [&hellip;]<\/p>\n","protected":false},"author":1,"featured_media":0,"parent":0,"menu_order":0,"comment_status":"closed","ping_status":"closed","template":"no-sidebar-card.php","meta":{"ep_exclude_from_search":false,"footnotes":""},"class_list":["post-34","page","type-page","status-publish","hentry"],"_links":{"self":[{"href":"https:\/\/loet-shop.de\/en\/wp-json\/wp\/v2\/pages\/34"}],"collection":[{"href":"https:\/\/loet-shop.de\/en\/wp-json\/wp\/v2\/pages"}],"about":[{"href":"https:\/\/loet-shop.de\/en\/wp-json\/wp\/v2\/types\/page"}],"author":[{"embeddable":true,"href":"https:\/\/loet-shop.de\/en\/wp-json\/wp\/v2\/users\/1"}],"replies":[{"embeddable":true,"href":"https:\/\/loet-shop.de\/en\/wp-json\/wp\/v2\/comments?post=34"}],"version-history":[{"count":10,"href":"https:\/\/loet-shop.de\/en\/wp-json\/wp\/v2\/pages\/34\/revisions"}],"predecessor-version":[{"id":72054,"href":"https:\/\/loet-shop.de\/en\/wp-json\/wp\/v2\/pages\/34\/revisions\/72054"}],"wp:attachment":[{"href":"https:\/\/loet-shop.de\/en\/wp-json\/wp\/v2\/media?parent=34"}],"curies":[{"name":"wp","href":"https:\/\/api.w.org\/{rel}","templated":true}]}}